{"id":3913,"date":"2016-01-21T12:26:03","date_gmt":"2016-01-21T11:26:03","guid":{"rendered":"https:\/\/www.annaps.com\/?page_id=3913&#038;lang=de"},"modified":"2018-10-25T09:05:40","modified_gmt":"2018-10-25T07:05:40","slug":"soziale-verantwortung-der-unternehmen","status":"publish","type":"page","link":"https:\/\/annaps.com\/de\/ueber-die-produkte\/soziale-verantwortung-der-unternehmen\/","title":{"rendered":"Soziale Verantwortung des Unternehmens"},"content":{"rendered":"<p><span style=\"font-weight: 400;\">Wir \u00fcbernehmen soziale Verantwortung. Das gilt sowohl f\u00fcr AnnaPS als auch f\u00fcr unsere Zulieferer, Subunternehmer und Wiederverk\u00e4ufer. Wir haben alle die selben Richtlinien &#8211; intern wie extern &#8211; in unserem Verhaltenskodex verankert. Wir haben Partners gew\u00e4hlt, die Arbeitsbedingung haben, unter denen wir es selbst akzeptieren w\u00fcrden zu arbeiten. Im Folgenden ist f\u00fcr Sie unser <a href=\"https:\/\/annaps.com\/wordpress\/de\/ueber-die-produkte\/the-annaps-code-of-conduct\/\">Verhaltenskodex<\/a> aufgef\u00fchrt, denn wir wollen Ihnen lieber Einblick in alle Einzelheiten geben, statt Fragen offen zu lassen. Unser Verhaltenskodex basiert auf: <\/span><\/p>\n<ul>\n<li><span style=\"font-weight: 400;\"> den 10 Prinzipien des Globalen Paktes der Vereinten Nationen (<a href=\"https:\/\/www.unglobalcompact.org\/\">www.unglobalcompact.org<\/a>) <\/span><\/li>\n<li><span style=\"font-weight: 400;\"> IAO-\u00dcberienkommen (<a href=\"http:\/\/www.ilo.org\/global\/lang--en\/index.htm\">www.ilo.org<\/a>)<\/span><\/li>\n<li><span style=\"font-weight: 400;\"> Gesetzgebung in der EU<\/span><\/li>\n<\/ul>\n<p>Wir achten darauf, dass alle unsere Zulieferer, Subunternehmer und <span style=\"font-weight: 400;\">Wiederverk\u00e4ufer<\/span>\u00a0den Verhaltenskodex einhalten. Der Zweck dieses Kodex ist die Sicherstellung von fairen und ethisch korrekten Gesch\u00e4ften f\u00fcr alle involvierten Parteien. Weder Menschen, noch Tiere oder die Umwelt sollen zu Schaden kommen. Das geh\u00f6rt zu unseren grundlegenden Wertvorstellungen und erm\u00f6glicht es uns au\u00dferdem, unsere hohen Qualit\u00e4tsstandards zu erf\u00fcllen.<\/p>\n<p>Wir nehmen Abstand von allen Formen der Diskriminierung, Schikane oder kr\u00e4nkender Sonderbehandlung. AnnaPS geht mit gutem Beispiel voran und tritt immer professionell auf. Wir behandeln alle Kunden, Mitarbeiter und Partner mit Respekt und R\u00fccksicht, ungeachtet Geschlecht, geschlechts\u00fcbergreifender Identit\u00e4t, Religion oder anderer Glaubensauffassung, sozialem Hintergrund, sexueller Orientierung, Behinderungen, ethnischer Zugeh\u00f6rigkeit oder Alter.<\/p>\n<p>Wir von AnnaPS unterst\u00fctzen den Kampf um ein Heilmittel f\u00fcr Diabetes. Wir w\u00fcnschen uns, dass jeder Diabetiker irgendwann die Worte \u201eIch HATTE Diabetes\u201d sagen kann. Aus diesem Grund spenden wir f\u00fcr jedes verkaufte AnnaPS Kleidungsst\u00fcck Geld an eine Stiftung f\u00fcr Kinder mit Diabetes und an die Diabetesforschung.<\/p>\n","protected":false},"excerpt":{"rendered":"<p>Wir \u00fcbernehmen soziale Verantwortung. Das gilt sowohl f\u00fcr AnnaPS als auch f\u00fcr unsere Zulieferer, Subunternehmer und Wiederverk\u00e4ufer. Wir haben alle die selben Richtlinien &#8211; intern wie extern &#8211; in unserem Verhaltenskodex verankert. Wir haben Partners gew\u00e4hlt, die Arbeitsbedingung haben, unter denen wir es selbst akzeptieren w\u00fcrden zu arbeiten. Im Folgenden ist f\u00fcr Sie unser Verhaltenskodex [&hellip;]<\/p>\n","protected":false},"author":1,"featured_media":0,"parent":3902,"menu_order":5,"comment_status":"closed","ping_status":"closed","template":"","meta":{"_acf_changed":false,"footnotes":""},"class_list":["post-3913","page","type-page","status-publish","hentry"],"acf":[],"yoast_head":"<!-- This site is optimized with the Yoast SEO plugin v27.1.1 - https:\/\/yoast.com\/product\/yoast-seo-wordpress\/ -->\n<title>Diabetesforschung | AnnaPS unterst\u00fctzt die Forschung<\/title>\n<meta name=\"description\" content=\"F\u00fcr AnnaPS ist es wichtig, soziale Verantwortung zu \u00fcbernehmen und selbstverst\u00e4ndlich, dass wir in dem Sinne auch die Diabetesforschung unterst\u00fctzen. Wir hoffen, dass man eines Tages sagen kann \u201eIch HATTE Diabetes\u201c! Lies hier mehr \u00fcber unsere Mission.\" \/>\n<meta name=\"robots\" content=\"index, follow, max-snippet:-1, max-image-preview:large, max-video-preview:-1\" \/>\n<link rel=\"canonical\" href=\"https:\/\/annaps.com\/de\/ueber-die-produkte\/soziale-verantwortung-der-unternehmen\/\" \/>\n<meta property=\"og:locale\" content=\"de_DE\" \/>\n<meta property=\"og:type\" content=\"article\" \/>\n<meta property=\"og:title\" content=\"Diabetesforschung | AnnaPS unterst\u00fctzt die Forschung\" \/>\n<meta property=\"og:description\" content=\"F\u00fcr AnnaPS ist es wichtig, soziale Verantwortung zu \u00fcbernehmen und selbstverst\u00e4ndlich, dass wir in dem Sinne auch die Diabetesforschung unterst\u00fctzen. Wir hoffen, dass man eines Tages sagen kann \u201eIch HATTE Diabetes\u201c! Lies hier mehr \u00fcber unsere Mission.\" \/>\n<meta property=\"og:url\" content=\"https:\/\/annaps.com\/de\/ueber-die-produkte\/soziale-verantwortung-der-unternehmen\/\" \/>\n<meta property=\"og:site_name\" content=\"AnnaPS\" \/>\n<meta property=\"article:publisher\" content=\"https:\/\/www.facebook.com\/annaps.scandinavia\/\" \/>\n<meta property=\"article:modified_time\" content=\"2018-10-25T07:05:40+00:00\" \/>\n<meta name=\"twitter:card\" content=\"summary_large_image\" \/>\n<meta name=\"twitter:label1\" content=\"Est. reading time\" \/>\n\t<meta name=\"twitter:data1\" content=\"1 minute\" \/>\n<script type=\"application\/ld+json\" class=\"yoast-schema-graph\">{\"@context\":\"https:\/\/schema.org\",\"@graph\":[{\"@type\":\"WebPage\",\"@id\":\"https:\/\/annaps.com\/de\/ueber-die-produkte\/soziale-verantwortung-der-unternehmen\/\",\"url\":\"https:\/\/annaps.com\/de\/ueber-die-produkte\/soziale-verantwortung-der-unternehmen\/\",\"name\":\"Diabetesforschung | AnnaPS unterst\u00fctzt die Forschung\",\"isPartOf\":{\"@id\":\"https:\/\/annaps.com\/de\/#website\"},\"datePublished\":\"2016-01-21T11:26:03+00:00\",\"dateModified\":\"2018-10-25T07:05:40+00:00\",\"description\":\"F\u00fcr AnnaPS ist es wichtig, soziale Verantwortung zu \u00fcbernehmen und selbstverst\u00e4ndlich, dass wir in dem Sinne auch die Diabetesforschung unterst\u00fctzen. Wir hoffen, dass man eines Tages sagen kann \u201eIch HATTE Diabetes\u201c! Lies hier mehr \u00fcber unsere Mission.\",\"breadcrumb\":{\"@id\":\"https:\/\/annaps.com\/de\/ueber-die-produkte\/soziale-verantwortung-der-unternehmen\/#breadcrumb\"},\"inLanguage\":\"de-DE\",\"potentialAction\":[{\"@type\":\"ReadAction\",\"target\":[\"https:\/\/annaps.com\/de\/ueber-die-produkte\/soziale-verantwortung-der-unternehmen\/\"]}]},{\"@type\":\"BreadcrumbList\",\"@id\":\"https:\/\/annaps.com\/de\/ueber-die-produkte\/soziale-verantwortung-der-unternehmen\/#breadcrumb\",\"itemListElement\":[{\"@type\":\"ListItem\",\"position\":1,\"name\":\"Hem\",\"item\":\"https:\/\/annaps.com\/de\/\"},{\"@type\":\"ListItem\",\"position\":2,\"name\":\"\u00dcber die Produkte\",\"item\":\"https:\/\/annaps.com\/de\/ueber-die-produkte\/\"},{\"@type\":\"ListItem\",\"position\":3,\"name\":\"Soziale Verantwortung des Unternehmens\"}]},{\"@type\":\"WebSite\",\"@id\":\"https:\/\/annaps.com\/de\/#website\",\"url\":\"https:\/\/annaps.com\/de\/\",\"name\":\"AnnaPS\",\"description\":\"Det skall vara enkelt att b\u00e4ra!\",\"potentialAction\":[{\"@type\":\"SearchAction\",\"target\":{\"@type\":\"EntryPoint\",\"urlTemplate\":\"https:\/\/annaps.com\/de\/?s={search_term_string}\"},\"query-input\":{\"@type\":\"PropertyValueSpecification\",\"valueRequired\":true,\"valueName\":\"search_term_string\"}}],\"inLanguage\":\"de-DE\"}]}<\/script>\n<!-- \/ Yoast SEO plugin. -->","yoast_head_json":{"title":"Diabetesforschung | AnnaPS unterst\u00fctzt die Forschung","description":"F\u00fcr AnnaPS ist es wichtig, soziale Verantwortung zu \u00fcbernehmen und selbstverst\u00e4ndlich, dass wir in dem Sinne auch die Diabetesforschung unterst\u00fctzen. Wir hoffen, dass man eines Tages sagen kann \u201eIch HATTE Diabetes\u201c! Lies hier mehr \u00fcber unsere Mission.","robots":{"index":"index","follow":"follow","max-snippet":"max-snippet:-1","max-image-preview":"max-image-preview:large","max-video-preview":"max-video-preview:-1"},"canonical":"https:\/\/annaps.com\/de\/ueber-die-produkte\/soziale-verantwortung-der-unternehmen\/","og_locale":"de_DE","og_type":"article","og_title":"Diabetesforschung | AnnaPS unterst\u00fctzt die Forschung","og_description":"F\u00fcr AnnaPS ist es wichtig, soziale Verantwortung zu \u00fcbernehmen und selbstverst\u00e4ndlich, dass wir in dem Sinne auch die Diabetesforschung unterst\u00fctzen. Wir hoffen, dass man eines Tages sagen kann \u201eIch HATTE Diabetes\u201c! Lies hier mehr \u00fcber unsere Mission.","og_url":"https:\/\/annaps.com\/de\/ueber-die-produkte\/soziale-verantwortung-der-unternehmen\/","og_site_name":"AnnaPS","article_publisher":"https:\/\/www.facebook.com\/annaps.scandinavia\/","article_modified_time":"2018-10-25T07:05:40+00:00","twitter_card":"summary_large_image","twitter_misc":{"Est. reading time":"1 minute"},"schema":{"@context":"https:\/\/schema.org","@graph":[{"@type":"WebPage","@id":"https:\/\/annaps.com\/de\/ueber-die-produkte\/soziale-verantwortung-der-unternehmen\/","url":"https:\/\/annaps.com\/de\/ueber-die-produkte\/soziale-verantwortung-der-unternehmen\/","name":"Diabetesforschung | AnnaPS unterst\u00fctzt die Forschung","isPartOf":{"@id":"https:\/\/annaps.com\/de\/#website"},"datePublished":"2016-01-21T11:26:03+00:00","dateModified":"2018-10-25T07:05:40+00:00","description":"F\u00fcr AnnaPS ist es wichtig, soziale Verantwortung zu \u00fcbernehmen und selbstverst\u00e4ndlich, dass wir in dem Sinne auch die Diabetesforschung unterst\u00fctzen. Wir hoffen, dass man eines Tages sagen kann \u201eIch HATTE Diabetes\u201c! Lies hier mehr \u00fcber unsere Mission.","breadcrumb":{"@id":"https:\/\/annaps.com\/de\/ueber-die-produkte\/soziale-verantwortung-der-unternehmen\/#breadcrumb"},"inLanguage":"de-DE","potentialAction":[{"@type":"ReadAction","target":["https:\/\/annaps.com\/de\/ueber-die-produkte\/soziale-verantwortung-der-unternehmen\/"]}]},{"@type":"BreadcrumbList","@id":"https:\/\/annaps.com\/de\/ueber-die-produkte\/soziale-verantwortung-der-unternehmen\/#breadcrumb","itemListElement":[{"@type":"ListItem","position":1,"name":"Hem","item":"https:\/\/annaps.com\/de\/"},{"@type":"ListItem","position":2,"name":"\u00dcber die Produkte","item":"https:\/\/annaps.com\/de\/ueber-die-produkte\/"},{"@type":"ListItem","position":3,"name":"Soziale Verantwortung des Unternehmens"}]},{"@type":"WebSite","@id":"https:\/\/annaps.com\/de\/#website","url":"https:\/\/annaps.com\/de\/","name":"AnnaPS","description":"Det skall vara enkelt att b\u00e4ra!","potentialAction":[{"@type":"SearchAction","target":{"@type":"EntryPoint","urlTemplate":"https:\/\/annaps.com\/de\/?s={search_term_string}"},"query-input":{"@type":"PropertyValueSpecification","valueRequired":true,"valueName":"search_term_string"}}],"inLanguage":"de-DE"}]}},"_links":{"self":[{"href":"https:\/\/annaps.com\/de\/wp-json\/wp\/v2\/pages\/3913","targetHints":{"allow":["GET"]}}],"collection":[{"href":"https:\/\/annaps.com\/de\/wp-json\/wp\/v2\/pages"}],"about":[{"href":"https:\/\/annaps.com\/de\/wp-json\/wp\/v2\/types\/page"}],"author":[{"embeddable":true,"href":"https:\/\/annaps.com\/de\/wp-json\/wp\/v2\/users\/1"}],"replies":[{"embeddable":true,"href":"https:\/\/annaps.com\/de\/wp-json\/wp\/v2\/comments?post=3913"}],"version-history":[{"count":10,"href":"https:\/\/annaps.com\/de\/wp-json\/wp\/v2\/pages\/3913\/revisions"}],"predecessor-version":[{"id":30265,"href":"https:\/\/annaps.com\/de\/wp-json\/wp\/v2\/pages\/3913\/revisions\/30265"}],"up":[{"embeddable":true,"href":"https:\/\/annaps.com\/de\/wp-json\/wp\/v2\/pages\/3902"}],"wp:attachment":[{"href":"https:\/\/annaps.com\/de\/wp-json\/wp\/v2\/media?parent=3913"}],"curies":[{"name":"wp","href":"https:\/\/api.w.org\/{rel}","templated":true}]}}