{"id":3910,"date":"2016-01-21T12:22:20","date_gmt":"2016-01-21T12:22:20","guid":{"rendered":"https:\/\/www.annaps.com\/?page_id=3910&#038;lang=de"},"modified":"2018-03-16T09:42:54","modified_gmt":"2018-03-16T08:42:54","slug":"lesen-sie-mehr","status":"publish","type":"page","link":"https:\/\/annaps.com\/de\/ueber-die-produkte\/menschen-und-umwelt\/lesen-sie-mehr\/","title":{"rendered":"Lesen Sie mehr"},"content":{"rendered":"<p><span style=\"font-weight: 400;\"> Umweltbewusstsein bedeutet, dass AnnaPS daf\u00fcr sorgt, dass keine gef\u00e4hrlichen oder verbotenen Chemikalien w\u00e4hrend des Produktionsprozesses verwendet werden. Alle Kleidungsst\u00fccke werden so produziert, dass sie mindestens den Anforderungen der Umweltgesetze der EU (REACH) entsprechen.<\/span><\/p>\n<p><span style=\"font-weight: 400;\">Wir arbeiten nur mit Lieferanten und Subunternehmern zusammen, die ebenfalls umweltfreundlich arbeiten, Acht geben auf ihre Wahl der Rohstoffe und Methoden und\/oder Technologien verwenden, die sowohl einen schonenden Ablauf als auch gute Qualit\u00e4t garantieren. Jeder Zulieferer wird auch f\u00fcr die Produktionsbedingungen seiner Subunternehmer zur Verantwortung gezogen und kann diese nicht abw\u00e4lzen, auch wenn er nur indirekt involviert ist. Die Lieferanten gew\u00e4hrleisten die Einhaltung der nationalen Umweltgesetze und die Bestimmungen werden jederzeit eingehalten. Schlechte Umweltbedingungen schaffen auch schlechte Lebensumst\u00e4nde und Arbeitsbedingungen, die wiederum der Gemeinschaft und den Arbeitskr\u00e4ften irreversible schwere Sch\u00e4den zuf\u00fchren \u2013 und dies wirkt sich nach kurzer Zeit auch auf den Lieferanten und Subunternehmern aus. Bei AnnaPS vermeiden wir dies, indem wir R\u00fccksicht auf die Umwelt nehmen und geeignete Standorte ausw\u00e4hlen. <\/span><\/p>\n<p><span style=\"font-weight: 400;\">Ethisches Bewusstsein bedeutet, dass bei AnnaPS alle unsere Produkte von Firmen produziert werden, die das Europ\u00e4ische Arbeitsrecht befolgen und den besten Arbeitsschutz, sowie die besten Sicherheitsvorkehrungen aufweisen. Das Recht auf die Bildung von Zusammenschl\u00fcssen und das Recht auf die Bildung von und den Beitritt zu Gewerkschaften sollte immer respektiert werden. Wir glauben daran, dass durch ethisch einwandfreie Gesch\u00e4fte und die Einhaltung der Grunds\u00e4tze unseres Verhaltenskodexes alle Parteien und L\u00e4nder sowohl wirtschaftlich als auch sozial profitieren.<\/span><\/p>\n","protected":false},"excerpt":{"rendered":"<p>Umweltbewusstsein bedeutet, dass AnnaPS daf\u00fcr sorgt, dass keine gef\u00e4hrlichen oder verbotenen Chemikalien w\u00e4hrend des Produktionsprozesses verwendet werden. Alle Kleidungsst\u00fccke werden so produziert, dass sie mindestens den Anforderungen der Umweltgesetze der EU (REACH) entsprechen. Wir arbeiten nur mit Lieferanten und Subunternehmern zusammen, die ebenfalls umweltfreundlich arbeiten, Acht geben auf ihre Wahl der Rohstoffe und Methoden und\/oder [&hellip;]<\/p>\n","protected":false},"author":1,"featured_media":0,"parent":3908,"menu_order":3,"comment_status":"closed","ping_status":"closed","template":"","meta":{"_acf_changed":false,"footnotes":""},"class_list":["post-3910","page","type-page","status-publish","hentry"],"acf":[],"yoast_head":"<!-- This site is optimized with the Yoast SEO plugin v27.1.1 - https:\/\/yoast.com\/product\/yoast-seo-wordpress\/ -->\n<title>Lesen Sie mehr - AnnaPS<\/title>\n<meta name=\"description\" content=\"AnnaPS makes clothes with integrated pockets to carry your diabetes devices such as insulin pump, pen and glucose meter. Stylish, high quality, functional and environmental focus.\" \/>\n<meta name=\"robots\" content=\"index, follow, max-snippet:-1, max-image-preview:large, max-video-preview:-1\" \/>\n<link rel=\"canonical\" href=\"https:\/\/annaps.com\/de\/ueber-die-produkte\/menschen-und-umwelt\/lesen-sie-mehr\/\" \/>\n<meta property=\"og:locale\" content=\"de_DE\" \/>\n<meta property=\"og:type\" content=\"article\" \/>\n<meta property=\"og:title\" content=\"Lesen Sie mehr - AnnaPS\" \/>\n<meta property=\"og:description\" content=\"AnnaPS makes clothes with integrated pockets to carry your diabetes devices such as insulin pump, pen and glucose meter. Stylish, high quality, functional and environmental focus.\" \/>\n<meta property=\"og:url\" content=\"https:\/\/annaps.com\/de\/ueber-die-produkte\/menschen-und-umwelt\/lesen-sie-mehr\/\" \/>\n<meta property=\"og:site_name\" content=\"AnnaPS\" \/>\n<meta property=\"article:publisher\" content=\"https:\/\/www.facebook.com\/annaps.scandinavia\/\" \/>\n<meta property=\"article:modified_time\" content=\"2018-03-16T08:42:54+00:00\" \/>\n<meta name=\"twitter:card\" content=\"summary_large_image\" \/>\n<meta name=\"twitter:label1\" content=\"Est. reading time\" \/>\n\t<meta name=\"twitter:data1\" content=\"1 minute\" \/>\n<script type=\"application\/ld+json\" class=\"yoast-schema-graph\">{\"@context\":\"https:\/\/schema.org\",\"@graph\":[{\"@type\":\"WebPage\",\"@id\":\"https:\/\/annaps.com\/de\/ueber-die-produkte\/menschen-und-umwelt\/lesen-sie-mehr\/\",\"url\":\"https:\/\/annaps.com\/de\/ueber-die-produkte\/menschen-und-umwelt\/lesen-sie-mehr\/\",\"name\":\"Lesen Sie mehr - AnnaPS\",\"isPartOf\":{\"@id\":\"https:\/\/annaps.com\/de\/#website\"},\"datePublished\":\"2016-01-21T12:22:20+00:00\",\"dateModified\":\"2018-03-16T08:42:54+00:00\",\"description\":\"AnnaPS makes clothes with integrated pockets to carry your diabetes devices such as insulin pump, pen and glucose meter. Stylish, high quality, functional and environmental focus.\",\"breadcrumb\":{\"@id\":\"https:\/\/annaps.com\/de\/ueber-die-produkte\/menschen-und-umwelt\/lesen-sie-mehr\/#breadcrumb\"},\"inLanguage\":\"de-DE\",\"potentialAction\":[{\"@type\":\"ReadAction\",\"target\":[\"https:\/\/annaps.com\/de\/ueber-die-produkte\/menschen-und-umwelt\/lesen-sie-mehr\/\"]}]},{\"@type\":\"BreadcrumbList\",\"@id\":\"https:\/\/annaps.com\/de\/ueber-die-produkte\/menschen-und-umwelt\/lesen-sie-mehr\/#breadcrumb\",\"itemListElement\":[{\"@type\":\"ListItem\",\"position\":1,\"name\":\"Hem\",\"item\":\"https:\/\/annaps.com\/de\/\"},{\"@type\":\"ListItem\",\"position\":2,\"name\":\"\u00dcber die Produkte\",\"item\":\"https:\/\/annaps.com\/de\/ueber-die-produkte\/\"},{\"@type\":\"ListItem\",\"position\":3,\"name\":\"Menschen und Umwelt\",\"item\":\"https:\/\/annaps.com\/de\/ueber-die-produkte\/menschen-und-umwelt\/\"},{\"@type\":\"ListItem\",\"position\":4,\"name\":\"Lesen Sie mehr\"}]},{\"@type\":\"WebSite\",\"@id\":\"https:\/\/annaps.com\/de\/#website\",\"url\":\"https:\/\/annaps.com\/de\/\",\"name\":\"AnnaPS\",\"description\":\"Det skall vara enkelt att b\u00e4ra!\",\"potentialAction\":[{\"@type\":\"SearchAction\",\"target\":{\"@type\":\"EntryPoint\",\"urlTemplate\":\"https:\/\/annaps.com\/de\/?s={search_term_string}\"},\"query-input\":{\"@type\":\"PropertyValueSpecification\",\"valueRequired\":true,\"valueName\":\"search_term_string\"}}],\"inLanguage\":\"de-DE\"}]}<\/script>\n<!-- \/ Yoast SEO plugin. -->","yoast_head_json":{"title":"Lesen Sie mehr - AnnaPS","description":"AnnaPS makes clothes with integrated pockets to carry your diabetes devices such as insulin pump, pen and glucose meter. Stylish, high quality, functional and environmental focus.","robots":{"index":"index","follow":"follow","max-snippet":"max-snippet:-1","max-image-preview":"max-image-preview:large","max-video-preview":"max-video-preview:-1"},"canonical":"https:\/\/annaps.com\/de\/ueber-die-produkte\/menschen-und-umwelt\/lesen-sie-mehr\/","og_locale":"de_DE","og_type":"article","og_title":"Lesen Sie mehr - AnnaPS","og_description":"AnnaPS makes clothes with integrated pockets to carry your diabetes devices such as insulin pump, pen and glucose meter. Stylish, high quality, functional and environmental focus.","og_url":"https:\/\/annaps.com\/de\/ueber-die-produkte\/menschen-und-umwelt\/lesen-sie-mehr\/","og_site_name":"AnnaPS","article_publisher":"https:\/\/www.facebook.com\/annaps.scandinavia\/","article_modified_time":"2018-03-16T08:42:54+00:00","twitter_card":"summary_large_image","twitter_misc":{"Est. reading time":"1 minute"},"schema":{"@context":"https:\/\/schema.org","@graph":[{"@type":"WebPage","@id":"https:\/\/annaps.com\/de\/ueber-die-produkte\/menschen-und-umwelt\/lesen-sie-mehr\/","url":"https:\/\/annaps.com\/de\/ueber-die-produkte\/menschen-und-umwelt\/lesen-sie-mehr\/","name":"Lesen Sie mehr - AnnaPS","isPartOf":{"@id":"https:\/\/annaps.com\/de\/#website"},"datePublished":"2016-01-21T12:22:20+00:00","dateModified":"2018-03-16T08:42:54+00:00","description":"AnnaPS makes clothes with integrated pockets to carry your diabetes devices such as insulin pump, pen and glucose meter. Stylish, high quality, functional and environmental focus.","breadcrumb":{"@id":"https:\/\/annaps.com\/de\/ueber-die-produkte\/menschen-und-umwelt\/lesen-sie-mehr\/#breadcrumb"},"inLanguage":"de-DE","potentialAction":[{"@type":"ReadAction","target":["https:\/\/annaps.com\/de\/ueber-die-produkte\/menschen-und-umwelt\/lesen-sie-mehr\/"]}]},{"@type":"BreadcrumbList","@id":"https:\/\/annaps.com\/de\/ueber-die-produkte\/menschen-und-umwelt\/lesen-sie-mehr\/#breadcrumb","itemListElement":[{"@type":"ListItem","position":1,"name":"Hem","item":"https:\/\/annaps.com\/de\/"},{"@type":"ListItem","position":2,"name":"\u00dcber die Produkte","item":"https:\/\/annaps.com\/de\/ueber-die-produkte\/"},{"@type":"ListItem","position":3,"name":"Menschen und Umwelt","item":"https:\/\/annaps.com\/de\/ueber-die-produkte\/menschen-und-umwelt\/"},{"@type":"ListItem","position":4,"name":"Lesen Sie mehr"}]},{"@type":"WebSite","@id":"https:\/\/annaps.com\/de\/#website","url":"https:\/\/annaps.com\/de\/","name":"AnnaPS","description":"Det skall vara enkelt att b\u00e4ra!","potentialAction":[{"@type":"SearchAction","target":{"@type":"EntryPoint","urlTemplate":"https:\/\/annaps.com\/de\/?s={search_term_string}"},"query-input":{"@type":"PropertyValueSpecification","valueRequired":true,"valueName":"search_term_string"}}],"inLanguage":"de-DE"}]}},"_links":{"self":[{"href":"https:\/\/annaps.com\/de\/wp-json\/wp\/v2\/pages\/3910","targetHints":{"allow":["GET"]}}],"collection":[{"href":"https:\/\/annaps.com\/de\/wp-json\/wp\/v2\/pages"}],"about":[{"href":"https:\/\/annaps.com\/de\/wp-json\/wp\/v2\/types\/page"}],"author":[{"embeddable":true,"href":"https:\/\/annaps.com\/de\/wp-json\/wp\/v2\/users\/1"}],"replies":[{"embeddable":true,"href":"https:\/\/annaps.com\/de\/wp-json\/wp\/v2\/comments?post=3910"}],"version-history":[{"count":4,"href":"https:\/\/annaps.com\/de\/wp-json\/wp\/v2\/pages\/3910\/revisions"}],"predecessor-version":[{"id":28336,"href":"https:\/\/annaps.com\/de\/wp-json\/wp\/v2\/pages\/3910\/revisions\/28336"}],"up":[{"embeddable":true,"href":"https:\/\/annaps.com\/de\/wp-json\/wp\/v2\/pages\/3908"}],"wp:attachment":[{"href":"https:\/\/annaps.com\/de\/wp-json\/wp\/v2\/media?parent=3910"}],"curies":[{"name":"wp","href":"https:\/\/api.w.org\/{rel}","templated":true}]}}