{"id":3908,"date":"2016-01-21T12:19:30","date_gmt":"2016-01-21T11:19:30","guid":{"rendered":"https:\/\/www.annaps.com\/?page_id=3908&#038;lang=de"},"modified":"2018-10-25T09:04:27","modified_gmt":"2018-10-25T07:04:27","slug":"menschen-und-umwelt","status":"publish","type":"page","link":"https:\/\/annaps.com\/de\/ueber-die-produkte\/menschen-und-umwelt\/","title":{"rendered":"Menschen und Umwelt"},"content":{"rendered":"<p>Bei AnnaPS arbeiten wir mit einem seidigen und weichem Material, durchdachtem Design und nachhaltiger Mode. Wir wollen durch sch\u00f6ne Designs bestechen. Sie sollen Sie selbst sein k\u00f6nnen, wenn Sie die AnnaPS Kleidung tragen. Au\u00dferdem haben wir den Stoff so geschnitten, dass er allen K\u00f6rperbewegungen folgt um ein Kleidungsst\u00fcck zu schaffen, dass die Funktion eines Diabetes case integriert hat. F<span style=\"font-family: Times\\ New\\ Roman, serif;\">\u00fc<\/span>r uns ist es Herzenssache, uns um die Menschen und die Umwelt zu k\u00fcmmern und wir wollen auch Sie dabei unterst\u00fctzen.<\/p>\n<p>In jedem Schritt der Produktion haben wir Entscheidungen getroffen, die die Umweltbelastungen minimieren. Vor allem versuchen wir die Zahl unserer Produktionsschritte mit R\u00fccksicht auf die Umwelt zu verringern. Ebenfalls haben wir unsere Produkte unter Arbeitsbedingungen herstellen lassen, unter denen wir es selbst akzeptieren w\u00fcrden zu arbeiten. Wir wollen etwas bewegen. Wir wollen Produkte anbieten, die das Leben erleichtern und verbessern.<\/p>\n<p>Die AnnaPS Produkte k\u00f6nnen ein ganz neues Lebensgef\u00fchl f\u00fcr uns Menschen mit Diabetes bedeuten. Es geht darum etwas anzubieten, das den Bed\u00fcrfnissen von Diabetikern entgegen kommt. Es geht darum, Entscheidungen zu treffen, die die Umwelt verbessern und der trage-und-wegwerf Philosophie eine Absage erteilen.<\/p>\n<p>Wir legen Wert auf auf Stil, Design, Farbe und Material, um sicherzustellen, dass Sie die Kleidung zu jedem Anlass tragen k\u00f6nnen. Sie m\u00fcssen sich keine Gedanken \u00fcber Trends und Jahreszeiten machen. Wir glauben an qualitativ hochwertige und nachhaltige Mode. Alle unsere Handlungen spiegeln diese \u00dcberzeugung wider, von der Produktion bis zum Endprodukt. Sie k\u00f6nnen darauf vertrauen, dass wir uns immer davon leiten lassen negativen Auswirkungen auf Sie, die Person, die die Kleidung produziert und die Umwelt zu minimieren. Lassen Sie Ihre Pumpentasche zu Hause und tragen Sie Ihre Pumpe stattdessen in Kleidung mit integrierten Taschen!<\/p>\n<p>Unser Ziel ist es, ganz oben dabei zu sein bei den Marken, die f\u00fcr ihre Anstrengungen zur Minimierung der Umweltbelastung bekannt sind. Im Folgenden finden Sie ein paar der von AnnaPS getroffenen Entscheidungen f\u00fcr eine umweltfreundliche Produktion aufgelistet:<\/p>\n<ul>\n<li>das Material ist aus einem nachwachsendem Rohstoff hergestellt und wir stellen sicher, dass daf\u00fcr keine W\u00e4lder verw\u00fcstet werden sondern umweltvertr\u00e4gliche Landwirtschaft betrieben wird<\/li>\n<li>wir haben Stoffe ausgew\u00e4hlt, die auch bei einer Waschtemperatur von 40 Grad sauber werden (so k\u00f6nnen Sie als Kunde ihre Waschtemperatur von 60 auf 40 Grad herabsetzen)<\/li>\n<li>hochwertige Qualit\u00e4t (langlebige Produkte)<\/li>\n<li>die Produkte werden so weit wie m\u00f6glich lokal produziert (viele AnnaPS Kleidungsst\u00fccke werden in einem Radius von 500km um AnnaPS produziert)<\/li>\n<li>lange Transportwege wurden minimiert und der Transport von den Fabriken zu AnnaPS erfolgt auf Schiffen anstelle von Flugzeugen, sodass der Kohlenstoffdioxidaussto\u00df verringert wird<\/li>\n<li>der Bedarf an weiteren Chemikalien wurde verringert (vor allem w\u00e4hrend des F\u00e4rbeverfahrens)<\/li>\n<li>es wurden Lieferanten und Material von AnnaPS ausgesucht, die das Label \u00d6ko-Tex tragen d\u00fcrfen<\/li>\n<li>es wurden Lieferanten ausgew\u00e4hlt, die best\u00e4tigt haben, den REACH-Gesetzgebungen zu folgen und die den AnnaPS Verhaltensregeln zugestimmt haben<\/li>\n<li>wir kontrollieren unsere Herstellerwerke und Zulieferer regelm\u00e4\u00dfig<\/li>\n<li>wir stellen sicher, dass Abfall und Chemikalien korrekt behandelt und entsorgt werden. Es werden keine unerlaubten Chemikalien verwendet<\/li>\n<\/ul>\n","protected":false},"excerpt":{"rendered":"<p>Bei AnnaPS arbeiten wir mit einem seidigen und weichem Material, durchdachtem Design und nachhaltiger Mode. Wir wollen durch sch\u00f6ne Designs bestechen. Sie sollen Sie selbst sein k\u00f6nnen, wenn Sie die AnnaPS Kleidung tragen. Au\u00dferdem haben wir den Stoff so geschnitten, dass er allen K\u00f6rperbewegungen folgt um ein Kleidungsst\u00fcck zu schaffen, dass die Funktion eines Diabetes [&hellip;]<\/p>\n","protected":false},"author":1,"featured_media":0,"parent":3902,"menu_order":4,"comment_status":"closed","ping_status":"closed","template":"","meta":{"_acf_changed":false,"footnotes":""},"class_list":["post-3908","page","type-page","status-publish","hentry"],"acf":[],"yoast_head":"<!-- This site is optimized with the Yoast SEO plugin v27.1.1 - https:\/\/yoast.com\/product\/yoast-seo-wordpress\/ -->\n<title>Design und Langlebigkeit \u2013 Kleidung f\u00fcr Diabetiker | AnnaPS<\/title>\n<meta name=\"description\" content=\"Haltbarkeit ist wichtig f\u00fcr uns von AnnaPS. Deshalb haben wir unsere Materialien mit Umsicht auf sowohl Umwelt als auch den Menschen ausgew\u00e4hlt. Besuch unseren Webshop f\u00fcr mehr Informationen!\" \/>\n<meta name=\"robots\" content=\"index, follow, max-snippet:-1, max-image-preview:large, max-video-preview:-1\" \/>\n<link rel=\"canonical\" href=\"https:\/\/annaps.com\/de\/ueber-die-produkte\/menschen-und-umwelt\/\" \/>\n<meta property=\"og:locale\" content=\"de_DE\" \/>\n<meta property=\"og:type\" content=\"article\" \/>\n<meta property=\"og:title\" content=\"Design und Langlebigkeit \u2013 Kleidung f\u00fcr Diabetiker | AnnaPS\" \/>\n<meta property=\"og:description\" content=\"Haltbarkeit ist wichtig f\u00fcr uns von AnnaPS. Deshalb haben wir unsere Materialien mit Umsicht auf sowohl Umwelt als auch den Menschen ausgew\u00e4hlt. Besuch unseren Webshop f\u00fcr mehr Informationen!\" \/>\n<meta property=\"og:url\" content=\"https:\/\/annaps.com\/de\/ueber-die-produkte\/menschen-und-umwelt\/\" \/>\n<meta property=\"og:site_name\" content=\"AnnaPS\" \/>\n<meta property=\"article:publisher\" content=\"https:\/\/www.facebook.com\/annaps.scandinavia\/\" \/>\n<meta property=\"article:modified_time\" content=\"2018-10-25T07:04:27+00:00\" \/>\n<meta name=\"twitter:card\" content=\"summary_large_image\" \/>\n<meta name=\"twitter:label1\" content=\"Est. reading time\" \/>\n\t<meta name=\"twitter:data1\" content=\"3 minutes\" \/>\n<script type=\"application\/ld+json\" class=\"yoast-schema-graph\">{\"@context\":\"https:\/\/schema.org\",\"@graph\":[{\"@type\":\"WebPage\",\"@id\":\"https:\/\/annaps.com\/de\/ueber-die-produkte\/menschen-und-umwelt\/\",\"url\":\"https:\/\/annaps.com\/de\/ueber-die-produkte\/menschen-und-umwelt\/\",\"name\":\"Design und Langlebigkeit \u2013 Kleidung f\u00fcr Diabetiker | AnnaPS\",\"isPartOf\":{\"@id\":\"https:\/\/annaps.com\/de\/#website\"},\"datePublished\":\"2016-01-21T11:19:30+00:00\",\"dateModified\":\"2018-10-25T07:04:27+00:00\",\"description\":\"Haltbarkeit ist wichtig f\u00fcr uns von AnnaPS. Deshalb haben wir unsere Materialien mit Umsicht auf sowohl Umwelt als auch den Menschen ausgew\u00e4hlt. Besuch unseren Webshop f\u00fcr mehr Informationen!\",\"breadcrumb\":{\"@id\":\"https:\/\/annaps.com\/de\/ueber-die-produkte\/menschen-und-umwelt\/#breadcrumb\"},\"inLanguage\":\"de-DE\",\"potentialAction\":[{\"@type\":\"ReadAction\",\"target\":[\"https:\/\/annaps.com\/de\/ueber-die-produkte\/menschen-und-umwelt\/\"]}]},{\"@type\":\"BreadcrumbList\",\"@id\":\"https:\/\/annaps.com\/de\/ueber-die-produkte\/menschen-und-umwelt\/#breadcrumb\",\"itemListElement\":[{\"@type\":\"ListItem\",\"position\":1,\"name\":\"Hem\",\"item\":\"https:\/\/annaps.com\/de\/\"},{\"@type\":\"ListItem\",\"position\":2,\"name\":\"\u00dcber die Produkte\",\"item\":\"https:\/\/annaps.com\/de\/ueber-die-produkte\/\"},{\"@type\":\"ListItem\",\"position\":3,\"name\":\"Menschen und Umwelt\"}]},{\"@type\":\"WebSite\",\"@id\":\"https:\/\/annaps.com\/de\/#website\",\"url\":\"https:\/\/annaps.com\/de\/\",\"name\":\"AnnaPS\",\"description\":\"Det skall vara enkelt att b\u00e4ra!\",\"potentialAction\":[{\"@type\":\"SearchAction\",\"target\":{\"@type\":\"EntryPoint\",\"urlTemplate\":\"https:\/\/annaps.com\/de\/?s={search_term_string}\"},\"query-input\":{\"@type\":\"PropertyValueSpecification\",\"valueRequired\":true,\"valueName\":\"search_term_string\"}}],\"inLanguage\":\"de-DE\"}]}<\/script>\n<!-- \/ Yoast SEO plugin. -->","yoast_head_json":{"title":"Design und Langlebigkeit \u2013 Kleidung f\u00fcr Diabetiker | AnnaPS","description":"Haltbarkeit ist wichtig f\u00fcr uns von AnnaPS. Deshalb haben wir unsere Materialien mit Umsicht auf sowohl Umwelt als auch den Menschen ausgew\u00e4hlt. Besuch unseren Webshop f\u00fcr mehr Informationen!","robots":{"index":"index","follow":"follow","max-snippet":"max-snippet:-1","max-image-preview":"max-image-preview:large","max-video-preview":"max-video-preview:-1"},"canonical":"https:\/\/annaps.com\/de\/ueber-die-produkte\/menschen-und-umwelt\/","og_locale":"de_DE","og_type":"article","og_title":"Design und Langlebigkeit \u2013 Kleidung f\u00fcr Diabetiker | AnnaPS","og_description":"Haltbarkeit ist wichtig f\u00fcr uns von AnnaPS. Deshalb haben wir unsere Materialien mit Umsicht auf sowohl Umwelt als auch den Menschen ausgew\u00e4hlt. Besuch unseren Webshop f\u00fcr mehr Informationen!","og_url":"https:\/\/annaps.com\/de\/ueber-die-produkte\/menschen-und-umwelt\/","og_site_name":"AnnaPS","article_publisher":"https:\/\/www.facebook.com\/annaps.scandinavia\/","article_modified_time":"2018-10-25T07:04:27+00:00","twitter_card":"summary_large_image","twitter_misc":{"Est. reading time":"3 minutes"},"schema":{"@context":"https:\/\/schema.org","@graph":[{"@type":"WebPage","@id":"https:\/\/annaps.com\/de\/ueber-die-produkte\/menschen-und-umwelt\/","url":"https:\/\/annaps.com\/de\/ueber-die-produkte\/menschen-und-umwelt\/","name":"Design und Langlebigkeit \u2013 Kleidung f\u00fcr Diabetiker | AnnaPS","isPartOf":{"@id":"https:\/\/annaps.com\/de\/#website"},"datePublished":"2016-01-21T11:19:30+00:00","dateModified":"2018-10-25T07:04:27+00:00","description":"Haltbarkeit ist wichtig f\u00fcr uns von AnnaPS. Deshalb haben wir unsere Materialien mit Umsicht auf sowohl Umwelt als auch den Menschen ausgew\u00e4hlt. Besuch unseren Webshop f\u00fcr mehr Informationen!","breadcrumb":{"@id":"https:\/\/annaps.com\/de\/ueber-die-produkte\/menschen-und-umwelt\/#breadcrumb"},"inLanguage":"de-DE","potentialAction":[{"@type":"ReadAction","target":["https:\/\/annaps.com\/de\/ueber-die-produkte\/menschen-und-umwelt\/"]}]},{"@type":"BreadcrumbList","@id":"https:\/\/annaps.com\/de\/ueber-die-produkte\/menschen-und-umwelt\/#breadcrumb","itemListElement":[{"@type":"ListItem","position":1,"name":"Hem","item":"https:\/\/annaps.com\/de\/"},{"@type":"ListItem","position":2,"name":"\u00dcber die Produkte","item":"https:\/\/annaps.com\/de\/ueber-die-produkte\/"},{"@type":"ListItem","position":3,"name":"Menschen und Umwelt"}]},{"@type":"WebSite","@id":"https:\/\/annaps.com\/de\/#website","url":"https:\/\/annaps.com\/de\/","name":"AnnaPS","description":"Det skall vara enkelt att b\u00e4ra!","potentialAction":[{"@type":"SearchAction","target":{"@type":"EntryPoint","urlTemplate":"https:\/\/annaps.com\/de\/?s={search_term_string}"},"query-input":{"@type":"PropertyValueSpecification","valueRequired":true,"valueName":"search_term_string"}}],"inLanguage":"de-DE"}]}},"_links":{"self":[{"href":"https:\/\/annaps.com\/de\/wp-json\/wp\/v2\/pages\/3908","targetHints":{"allow":["GET"]}}],"collection":[{"href":"https:\/\/annaps.com\/de\/wp-json\/wp\/v2\/pages"}],"about":[{"href":"https:\/\/annaps.com\/de\/wp-json\/wp\/v2\/types\/page"}],"author":[{"embeddable":true,"href":"https:\/\/annaps.com\/de\/wp-json\/wp\/v2\/users\/1"}],"replies":[{"embeddable":true,"href":"https:\/\/annaps.com\/de\/wp-json\/wp\/v2\/comments?post=3908"}],"version-history":[{"count":5,"href":"https:\/\/annaps.com\/de\/wp-json\/wp\/v2\/pages\/3908\/revisions"}],"predecessor-version":[{"id":28655,"href":"https:\/\/annaps.com\/de\/wp-json\/wp\/v2\/pages\/3908\/revisions\/28655"}],"up":[{"embeddable":true,"href":"https:\/\/annaps.com\/de\/wp-json\/wp\/v2\/pages\/3902"}],"wp:attachment":[{"href":"https:\/\/annaps.com\/de\/wp-json\/wp\/v2\/media?parent=3908"}],"curies":[{"name":"wp","href":"https:\/\/api.w.org\/{rel}","templated":true}]}}