{"id":3906,"date":"2016-01-21T12:15:25","date_gmt":"2016-01-21T11:15:25","guid":{"rendered":"https:\/\/www.annaps.com\/?page_id=3906&#038;lang=de"},"modified":"2018-10-25T09:03:00","modified_gmt":"2018-10-25T07:03:00","slug":"material-und-pflege","status":"publish","type":"page","link":"https:\/\/annaps.com\/de\/ueber-die-produkte\/material-und-pflege\/","title":{"rendered":"Material und Pflege"},"content":{"rendered":"<h4>Material<\/h4>\n<p><span style=\"font-weight: 400;\">Das Material der AnnaPS Produkte ist meistens ein Funktionsmaterial, eine hochwertige und umweltfreundlich Viskose namens Tencel. Tencel ist atmungsaktiv und transportiert Schwei\u00df. Somit ist die Kleidung perfekt geeignet f\u00fcr alle Aktivit\u00e4ten im Alltag, aber auch f\u00fcr den Sport und auch N\u00e4sse kann die Pumpe nicht beeintr\u00e4chtigen. <\/span><span style=\"font-weight: 400;\">AnnaPS bietet au\u00dferdem Produkte aus Baumwolle und aus dem Sportmaterial Polyamid. <\/span><\/p>\n<p><span style=\"font-weight: 400;\">Tencel gl\u00e4nzt wie Seide, atmet wie Wolle und ist weich wie Baumwolle. <\/span><\/p>\n<h4>Pflege<\/h4>\n<p><span style=\"font-weight: 400;\">Wir empfehlen Ihnen, alle unsere Produkte bei 40\u00b0C und normalem Waschprogramm zu waschen und sie zum Trocknen aufzuh\u00e4ngen, sodass Sie sie lange tragen k\u00f6nnen. Wenn Sie ein Produkt bei 60\u00b0C waschen wollen ist dies auch m\u00f6glich, allerdings wird so, wegen dem in allen Produkten enthaltenen Material Lycra, der Verschlei\u00df gr\u00f6\u00dfer.<\/span><\/p>\n","protected":false},"excerpt":{"rendered":"<p>Material Das Material der AnnaPS Produkte ist meistens ein Funktionsmaterial, eine hochwertige und umweltfreundlich Viskose namens Tencel. Tencel ist atmungsaktiv und transportiert Schwei\u00df. Somit ist die Kleidung perfekt geeignet f\u00fcr alle Aktivit\u00e4ten im Alltag, aber auch f\u00fcr den Sport und auch N\u00e4sse kann die Pumpe nicht beeintr\u00e4chtigen. AnnaPS bietet au\u00dferdem Produkte aus Baumwolle und aus [&hellip;]<\/p>\n","protected":false},"author":1,"featured_media":0,"parent":3902,"menu_order":3,"comment_status":"closed","ping_status":"closed","template":"","meta":{"_acf_changed":false,"footnotes":""},"class_list":["post-3906","page","type-page","status-publish","hentry"],"acf":[],"yoast_head":"<!-- This site is optimized with the Yoast SEO plugin v27.1.1 - https:\/\/yoast.com\/product\/yoast-seo-wordpress\/ -->\n<title>Diabeteskleidung in sch\u00f6nem und haltbarem Material | AnnaPS<\/title>\n<meta name=\"description\" content=\"Unsere Kleidung ist gemacht von Diabetikern f\u00fcr Diabetiker aus einem weichem Material, das sich dem K\u00f6rper anschmiegt. Wir bieten Kleider f\u00fcr den Alltag, f\u00fcrs Training und vieles mehr. Erfahre mehr auf unserer Internetseite!\" \/>\n<meta name=\"robots\" content=\"index, follow, max-snippet:-1, max-image-preview:large, max-video-preview:-1\" \/>\n<link rel=\"canonical\" href=\"https:\/\/annaps.com\/de\/ueber-die-produkte\/material-und-pflege\/\" \/>\n<meta property=\"og:locale\" content=\"de_DE\" \/>\n<meta property=\"og:type\" content=\"article\" \/>\n<meta property=\"og:title\" content=\"Diabeteskleidung in sch\u00f6nem und haltbarem Material | AnnaPS\" \/>\n<meta property=\"og:description\" content=\"Unsere Kleidung ist gemacht von Diabetikern f\u00fcr Diabetiker aus einem weichem Material, das sich dem K\u00f6rper anschmiegt. Wir bieten Kleider f\u00fcr den Alltag, f\u00fcrs Training und vieles mehr. Erfahre mehr auf unserer Internetseite!\" \/>\n<meta property=\"og:url\" content=\"https:\/\/annaps.com\/de\/ueber-die-produkte\/material-und-pflege\/\" \/>\n<meta property=\"og:site_name\" content=\"AnnaPS\" \/>\n<meta property=\"article:publisher\" content=\"https:\/\/www.facebook.com\/annaps.scandinavia\/\" \/>\n<meta property=\"article:modified_time\" content=\"2018-10-25T07:03:00+00:00\" \/>\n<meta name=\"twitter:card\" content=\"summary_large_image\" \/>\n<meta name=\"twitter:label1\" content=\"Est. reading time\" \/>\n\t<meta name=\"twitter:data1\" content=\"1 minute\" \/>\n<script type=\"application\/ld+json\" class=\"yoast-schema-graph\">{\"@context\":\"https:\/\/schema.org\",\"@graph\":[{\"@type\":\"WebPage\",\"@id\":\"https:\/\/annaps.com\/de\/ueber-die-produkte\/material-und-pflege\/\",\"url\":\"https:\/\/annaps.com\/de\/ueber-die-produkte\/material-und-pflege\/\",\"name\":\"Diabeteskleidung in sch\u00f6nem und haltbarem Material | AnnaPS\",\"isPartOf\":{\"@id\":\"https:\/\/annaps.com\/de\/#website\"},\"datePublished\":\"2016-01-21T11:15:25+00:00\",\"dateModified\":\"2018-10-25T07:03:00+00:00\",\"description\":\"Unsere Kleidung ist gemacht von Diabetikern f\u00fcr Diabetiker aus einem weichem Material, das sich dem K\u00f6rper anschmiegt. Wir bieten Kleider f\u00fcr den Alltag, f\u00fcrs Training und vieles mehr. Erfahre mehr auf unserer Internetseite!\",\"breadcrumb\":{\"@id\":\"https:\/\/annaps.com\/de\/ueber-die-produkte\/material-und-pflege\/#breadcrumb\"},\"inLanguage\":\"de-DE\",\"potentialAction\":[{\"@type\":\"ReadAction\",\"target\":[\"https:\/\/annaps.com\/de\/ueber-die-produkte\/material-und-pflege\/\"]}]},{\"@type\":\"BreadcrumbList\",\"@id\":\"https:\/\/annaps.com\/de\/ueber-die-produkte\/material-und-pflege\/#breadcrumb\",\"itemListElement\":[{\"@type\":\"ListItem\",\"position\":1,\"name\":\"Hem\",\"item\":\"https:\/\/annaps.com\/de\/\"},{\"@type\":\"ListItem\",\"position\":2,\"name\":\"\u00dcber die Produkte\",\"item\":\"https:\/\/annaps.com\/de\/ueber-die-produkte\/\"},{\"@type\":\"ListItem\",\"position\":3,\"name\":\"Material und Pflege\"}]},{\"@type\":\"WebSite\",\"@id\":\"https:\/\/annaps.com\/de\/#website\",\"url\":\"https:\/\/annaps.com\/de\/\",\"name\":\"AnnaPS\",\"description\":\"Det skall vara enkelt att b\u00e4ra!\",\"potentialAction\":[{\"@type\":\"SearchAction\",\"target\":{\"@type\":\"EntryPoint\",\"urlTemplate\":\"https:\/\/annaps.com\/de\/?s={search_term_string}\"},\"query-input\":{\"@type\":\"PropertyValueSpecification\",\"valueRequired\":true,\"valueName\":\"search_term_string\"}}],\"inLanguage\":\"de-DE\"}]}<\/script>\n<!-- \/ Yoast SEO plugin. -->","yoast_head_json":{"title":"Diabeteskleidung in sch\u00f6nem und haltbarem Material | AnnaPS","description":"Unsere Kleidung ist gemacht von Diabetikern f\u00fcr Diabetiker aus einem weichem Material, das sich dem K\u00f6rper anschmiegt. Wir bieten Kleider f\u00fcr den Alltag, f\u00fcrs Training und vieles mehr. Erfahre mehr auf unserer Internetseite!","robots":{"index":"index","follow":"follow","max-snippet":"max-snippet:-1","max-image-preview":"max-image-preview:large","max-video-preview":"max-video-preview:-1"},"canonical":"https:\/\/annaps.com\/de\/ueber-die-produkte\/material-und-pflege\/","og_locale":"de_DE","og_type":"article","og_title":"Diabeteskleidung in sch\u00f6nem und haltbarem Material | AnnaPS","og_description":"Unsere Kleidung ist gemacht von Diabetikern f\u00fcr Diabetiker aus einem weichem Material, das sich dem K\u00f6rper anschmiegt. Wir bieten Kleider f\u00fcr den Alltag, f\u00fcrs Training und vieles mehr. Erfahre mehr auf unserer Internetseite!","og_url":"https:\/\/annaps.com\/de\/ueber-die-produkte\/material-und-pflege\/","og_site_name":"AnnaPS","article_publisher":"https:\/\/www.facebook.com\/annaps.scandinavia\/","article_modified_time":"2018-10-25T07:03:00+00:00","twitter_card":"summary_large_image","twitter_misc":{"Est. reading time":"1 minute"},"schema":{"@context":"https:\/\/schema.org","@graph":[{"@type":"WebPage","@id":"https:\/\/annaps.com\/de\/ueber-die-produkte\/material-und-pflege\/","url":"https:\/\/annaps.com\/de\/ueber-die-produkte\/material-und-pflege\/","name":"Diabeteskleidung in sch\u00f6nem und haltbarem Material | AnnaPS","isPartOf":{"@id":"https:\/\/annaps.com\/de\/#website"},"datePublished":"2016-01-21T11:15:25+00:00","dateModified":"2018-10-25T07:03:00+00:00","description":"Unsere Kleidung ist gemacht von Diabetikern f\u00fcr Diabetiker aus einem weichem Material, das sich dem K\u00f6rper anschmiegt. Wir bieten Kleider f\u00fcr den Alltag, f\u00fcrs Training und vieles mehr. Erfahre mehr auf unserer Internetseite!","breadcrumb":{"@id":"https:\/\/annaps.com\/de\/ueber-die-produkte\/material-und-pflege\/#breadcrumb"},"inLanguage":"de-DE","potentialAction":[{"@type":"ReadAction","target":["https:\/\/annaps.com\/de\/ueber-die-produkte\/material-und-pflege\/"]}]},{"@type":"BreadcrumbList","@id":"https:\/\/annaps.com\/de\/ueber-die-produkte\/material-und-pflege\/#breadcrumb","itemListElement":[{"@type":"ListItem","position":1,"name":"Hem","item":"https:\/\/annaps.com\/de\/"},{"@type":"ListItem","position":2,"name":"\u00dcber die Produkte","item":"https:\/\/annaps.com\/de\/ueber-die-produkte\/"},{"@type":"ListItem","position":3,"name":"Material und Pflege"}]},{"@type":"WebSite","@id":"https:\/\/annaps.com\/de\/#website","url":"https:\/\/annaps.com\/de\/","name":"AnnaPS","description":"Det skall vara enkelt att b\u00e4ra!","potentialAction":[{"@type":"SearchAction","target":{"@type":"EntryPoint","urlTemplate":"https:\/\/annaps.com\/de\/?s={search_term_string}"},"query-input":{"@type":"PropertyValueSpecification","valueRequired":true,"valueName":"search_term_string"}}],"inLanguage":"de-DE"}]}},"_links":{"self":[{"href":"https:\/\/annaps.com\/de\/wp-json\/wp\/v2\/pages\/3906","targetHints":{"allow":["GET"]}}],"collection":[{"href":"https:\/\/annaps.com\/de\/wp-json\/wp\/v2\/pages"}],"about":[{"href":"https:\/\/annaps.com\/de\/wp-json\/wp\/v2\/types\/page"}],"author":[{"embeddable":true,"href":"https:\/\/annaps.com\/de\/wp-json\/wp\/v2\/users\/1"}],"replies":[{"embeddable":true,"href":"https:\/\/annaps.com\/de\/wp-json\/wp\/v2\/comments?post=3906"}],"version-history":[{"count":3,"href":"https:\/\/annaps.com\/de\/wp-json\/wp\/v2\/pages\/3906\/revisions"}],"predecessor-version":[{"id":28328,"href":"https:\/\/annaps.com\/de\/wp-json\/wp\/v2\/pages\/3906\/revisions\/28328"}],"up":[{"embeddable":true,"href":"https:\/\/annaps.com\/de\/wp-json\/wp\/v2\/pages\/3902"}],"wp:attachment":[{"href":"https:\/\/annaps.com\/de\/wp-json\/wp\/v2\/media?parent=3906"}],"curies":[{"name":"wp","href":"https:\/\/api.w.org\/{rel}","templated":true}]}}