{"id":3904,"date":"2016-01-21T12:13:27","date_gmt":"2016-01-21T11:13:27","guid":{"rendered":"https:\/\/www.annaps.com\/?page_id=3904&#038;lang=de"},"modified":"2018-10-25T09:02:36","modified_gmt":"2018-10-25T07:02:36","slug":"funktionsweise-der-tasche","status":"publish","type":"page","link":"https:\/\/annaps.com\/de\/ueber-die-produkte\/funktionsweise-der-tasche\/","title":{"rendered":"Funktionsweise der Tasche \u00ad"},"content":{"rendered":"<p>AnnaPS hat die Taschen so entworfen,\u00a0dass man die Pumpe sicher, angenehm und diskret darin verstauen kann und Sie nicht Ihre klassische und sperrige Pumpentasche mitbringen m\u00fcssen.<\/p>\n<h4><b>Einfach<\/b><\/h4>\n<p>AnnaPS hat das Ziel die Taschen so zu konstruieren, dass es problemlos m\u00f6glich ist die Pumpe zu verstauen und wieder aus der Tasche herauszunehmen. Bei den meisten unserer Produkte ist es nicht einmal mehr n\u00f6tig, das Infusionsset auseinander zu nehmen, um es in der Tasche unterzubringen. Der Katheter befindet sich in der Innenseite, am K\u00f6rper, und st\u00f6rt Sie darum nicht. Die Taschen sind so platziert, dass die Pumpe Ihren K\u00f6rperbewegungen folgt.<\/p>\n<h4><strong>Sicher <\/strong><\/h4>\n<p>Wenn die Pumpe richtig in der Tasche untergebracht ist, kann sie nicht herausfallen, egal was Sie gerade machen. Es wurde ebenfalls alles daf\u00fcr getan, das Risiko von Luftblasen im Schlauch zu minimieren um einen guten Medikamentenfluss zu garantieren. Es ist wichtig, dass Sie die AnnaPS Produkte und deren Funktionen so nutzen wie in der Anleitung beschrieben, um das bestm\u00f6gliche Tragegef\u00fchl zu erreichen.<\/p>\n<h4><b>Gut platziert<\/b><\/h4>\n<p>AnnaPS hat drei verschiedene Modelle von Taschen: zwei schlie<span style=\"font-family: 'Times New Roman', serif;\">\u00dfen mit einem <\/span>\u00fcberlappenden St<span style=\"font-family: 'Times New Roman', serif;\">\u00fcck Stoff,<\/span> die andere mit einem Druckknopf. Die Taschen gibt es in verschiedenen Gr\u00f6\u00dfen, zwei<i> <\/i>kleine und eine gro\u00dfe. Es gibt zwei M\u00f6glichkeiten, den Schlauch im Kleidungsst\u00fcck unterzubringen: Entweder l\u00e4sst man die Pumpe von oben in die \u00d6ffnung gleiten ohne sie vom Infusionsset zu trennen, oder man f\u00e4delt den Katheter durch die knopfloch\u00e4hnliche \u00d6ffnung an der Unterseite der Tasche. Es gibt aufgrund von Anfragen von Pumpentr\u00e4gern verschiedene Platzierungen der Tasche: horizontal, vertikal, nach oben und nach unten. Damit Sie wissen, welche Taschen Ihr Produkt hat, haben wir den drei Modellen Namen gegeben und jeweils eine kurze Erkl\u00e4rung im Produkthandbuch hinzugef\u00fcgt. Schauen Sie f<span style=\"font-family: 'Times New Roman', serif;\">\u00fc<\/span>r weitere Informationen gerne in das Benutzerhandbuch, das Sie unter der jeweiligen Preduktbeschreibung finden, oder lesen Sie unten auf dieser Seite weiter.<\/p>\n<p>Lassen Sie Ihre Pumpentasche zu Hause und tragen Sie Ihre Pumpe stattdessen in modischer Kleidung mit integrierten Taschen \u2013 einfach, sicher und bequem!<\/p>\n<h4><b>Unsere Taschen:<\/b><\/h4>\n<ul>\n<li><strong>BOXI<\/strong> = eine kleine Tasche (7 cm x 12 cm) mit einem Druckknopf, die geeignet ist f\u00fcr Pumpen. Durch die \u00d6ffnung an der Innenseite des Kleidungsst\u00fccks k\u00f6nnen Sie die Pumpe in der Tasche platzieren, ohne sie vom Infusionsset zu l\u00f6sen. Von au<span style=\"font-family: 'Times New Roman', serif;\">\u00df<\/span>en k\u00f6nnen Sie die Pumpe jederzeit einfach bedienen und danach die Tache mit einem Druckknopf sicher verschlie<span style=\"font-family: 'Times New Roman', serif;\">\u00df<\/span>en. Der Schlauch liegt an der Innenseite des Kleidungsst\u00fccks.<\/li>\n<li><strong>BOXI2<\/strong> = eine kleine Tasche (7 cm x 12 cm), die sich mit einer \u00dcberlappung im Stoff verschlie\u00dfen l\u00e4sst und f\u00fcr Pumpen geeignet ist. Durch die \u00d6ffnung an der Innenseite des Kleidungsst\u00fccks k\u00f6nnen Sie die Pumpe in der Tasche platzieren und danach k\u00f6nnen Sie die Pumpe einfach \u00fcber die \u00e4u<span style=\"font-family: 'Times New Roman', serif;\">\u00dfere \u00d6ffnung bedienen.<\/span> Der Schlauch liegt an der Innenseite des Kleidungsst\u00fccks und muss zum Platzieren nicht von der Pumpe getrennt werden.<\/li>\n<li><strong>BOXI4<\/strong> = eine gro\u00dfe Tasche (8 cm x 16 cm) mit einer \u00dcberlappung im Stoff zum Verschlie\u00dfen. Sie ist sowohl f\u00fcr Pumpen als auch f\u00fcr Pens geeignet. W\u00e4hrend des Tragens k\u00f6nnen Sie die Pumpe bequem \u00fcber die \u00e4u<span style=\"font-family: 'Times New Roman', serif;\">\u00dfere \u00d6ffnung bedienen und danach mithilfe der \u00dcberlappung im Stoff wieder sicher verstauen.\u00a0<\/span>Der Schlauch liegt an der Innenseite des Kleidungsst\u00fccks. Es gibt noch eine weitere \u00d6ffnung an der Innenseite und zwar an der Unterseite der Tasche, durch die Sie Ihren Katheter f\u00e4deln k\u00f6nnen. Diese ist f\u00fcr diejenigen gedacht, die ihre Pumpe gerne nach unten liegend tragen, um das Risiko von Luftblasen zu verringern.<\/li>\n<\/ul>\n","protected":false},"excerpt":{"rendered":"<p>AnnaPS hat die Taschen so entworfen,\u00a0dass man die Pumpe sicher, angenehm und diskret darin verstauen kann und Sie nicht Ihre klassische und sperrige Pumpentasche mitbringen m\u00fcssen. Einfach AnnaPS hat das Ziel die Taschen so zu konstruieren, dass es problemlos m\u00f6glich ist die Pumpe zu verstauen und wieder aus der Tasche herauszunehmen. Bei den meisten unserer [&hellip;]<\/p>\n","protected":false},"author":1,"featured_media":0,"parent":3902,"menu_order":2,"comment_status":"closed","ping_status":"closed","template":"","meta":{"_acf_changed":false,"footnotes":""},"class_list":["post-3904","page","type-page","status-publish","hentry"],"acf":[],"yoast_head":"<!-- This site is optimized with the Yoast SEO plugin v27.1.1 - https:\/\/yoast.com\/product\/yoast-seo-wordpress\/ -->\n<title>Schlaue, integrierte Taschen in Kleidung f\u00fcr Diabetiker | AnnaPS<\/title>\n<meta name=\"description\" content=\"Die Taschen in unserer Diabeteskleidung sind so entwickelt, dass das Kleidungsst\u00fcck gut sitzt und aufgrund des durchdachten Designs passen pumpen vieler unterschiedlicher gr\u00f6\u00dfen und Modelle bequem hinein. Willkommen in unserem Webshop!\" \/>\n<meta name=\"robots\" content=\"index, follow, max-snippet:-1, max-image-preview:large, max-video-preview:-1\" \/>\n<link rel=\"canonical\" href=\"https:\/\/annaps.com\/de\/ueber-die-produkte\/funktionsweise-der-tasche\/\" \/>\n<meta property=\"og:locale\" content=\"de_DE\" \/>\n<meta property=\"og:type\" content=\"article\" \/>\n<meta property=\"og:title\" content=\"Schlaue, integrierte Taschen in Kleidung f\u00fcr Diabetiker | AnnaPS\" \/>\n<meta property=\"og:description\" content=\"Die Taschen in unserer Diabeteskleidung sind so entwickelt, dass das Kleidungsst\u00fcck gut sitzt und aufgrund des durchdachten Designs passen pumpen vieler unterschiedlicher gr\u00f6\u00dfen und Modelle bequem hinein. Willkommen in unserem Webshop!\" \/>\n<meta property=\"og:url\" content=\"https:\/\/annaps.com\/de\/ueber-die-produkte\/funktionsweise-der-tasche\/\" \/>\n<meta property=\"og:site_name\" content=\"AnnaPS\" \/>\n<meta property=\"article:publisher\" content=\"https:\/\/www.facebook.com\/annaps.scandinavia\/\" \/>\n<meta property=\"article:modified_time\" content=\"2018-10-25T07:02:36+00:00\" \/>\n<meta name=\"twitter:card\" content=\"summary_large_image\" \/>\n<meta name=\"twitter:label1\" content=\"Est. reading time\" \/>\n\t<meta name=\"twitter:data1\" content=\"3 minutes\" \/>\n<script type=\"application\/ld+json\" class=\"yoast-schema-graph\">{\"@context\":\"https:\/\/schema.org\",\"@graph\":[{\"@type\":\"WebPage\",\"@id\":\"https:\/\/annaps.com\/de\/ueber-die-produkte\/funktionsweise-der-tasche\/\",\"url\":\"https:\/\/annaps.com\/de\/ueber-die-produkte\/funktionsweise-der-tasche\/\",\"name\":\"Schlaue, integrierte Taschen in Kleidung f\u00fcr Diabetiker | AnnaPS\",\"isPartOf\":{\"@id\":\"https:\/\/annaps.com\/de\/#website\"},\"datePublished\":\"2016-01-21T11:13:27+00:00\",\"dateModified\":\"2018-10-25T07:02:36+00:00\",\"description\":\"Die Taschen in unserer Diabeteskleidung sind so entwickelt, dass das Kleidungsst\u00fcck gut sitzt und aufgrund des durchdachten Designs passen pumpen vieler unterschiedlicher gr\u00f6\u00dfen und Modelle bequem hinein. Willkommen in unserem Webshop!\",\"breadcrumb\":{\"@id\":\"https:\/\/annaps.com\/de\/ueber-die-produkte\/funktionsweise-der-tasche\/#breadcrumb\"},\"inLanguage\":\"de-DE\",\"potentialAction\":[{\"@type\":\"ReadAction\",\"target\":[\"https:\/\/annaps.com\/de\/ueber-die-produkte\/funktionsweise-der-tasche\/\"]}]},{\"@type\":\"BreadcrumbList\",\"@id\":\"https:\/\/annaps.com\/de\/ueber-die-produkte\/funktionsweise-der-tasche\/#breadcrumb\",\"itemListElement\":[{\"@type\":\"ListItem\",\"position\":1,\"name\":\"Hem\",\"item\":\"https:\/\/annaps.com\/de\/\"},{\"@type\":\"ListItem\",\"position\":2,\"name\":\"\u00dcber die Produkte\",\"item\":\"https:\/\/annaps.com\/de\/ueber-die-produkte\/\"},{\"@type\":\"ListItem\",\"position\":3,\"name\":\"Funktionsweise der Tasche \u00ad\"}]},{\"@type\":\"WebSite\",\"@id\":\"https:\/\/annaps.com\/de\/#website\",\"url\":\"https:\/\/annaps.com\/de\/\",\"name\":\"AnnaPS\",\"description\":\"Det skall vara enkelt att b\u00e4ra!\",\"potentialAction\":[{\"@type\":\"SearchAction\",\"target\":{\"@type\":\"EntryPoint\",\"urlTemplate\":\"https:\/\/annaps.com\/de\/?s={search_term_string}\"},\"query-input\":{\"@type\":\"PropertyValueSpecification\",\"valueRequired\":true,\"valueName\":\"search_term_string\"}}],\"inLanguage\":\"de-DE\"}]}<\/script>\n<!-- \/ Yoast SEO plugin. -->","yoast_head_json":{"title":"Schlaue, integrierte Taschen in Kleidung f\u00fcr Diabetiker | AnnaPS","description":"Die Taschen in unserer Diabeteskleidung sind so entwickelt, dass das Kleidungsst\u00fcck gut sitzt und aufgrund des durchdachten Designs passen pumpen vieler unterschiedlicher gr\u00f6\u00dfen und Modelle bequem hinein. Willkommen in unserem Webshop!","robots":{"index":"index","follow":"follow","max-snippet":"max-snippet:-1","max-image-preview":"max-image-preview:large","max-video-preview":"max-video-preview:-1"},"canonical":"https:\/\/annaps.com\/de\/ueber-die-produkte\/funktionsweise-der-tasche\/","og_locale":"de_DE","og_type":"article","og_title":"Schlaue, integrierte Taschen in Kleidung f\u00fcr Diabetiker | AnnaPS","og_description":"Die Taschen in unserer Diabeteskleidung sind so entwickelt, dass das Kleidungsst\u00fcck gut sitzt und aufgrund des durchdachten Designs passen pumpen vieler unterschiedlicher gr\u00f6\u00dfen und Modelle bequem hinein. Willkommen in unserem Webshop!","og_url":"https:\/\/annaps.com\/de\/ueber-die-produkte\/funktionsweise-der-tasche\/","og_site_name":"AnnaPS","article_publisher":"https:\/\/www.facebook.com\/annaps.scandinavia\/","article_modified_time":"2018-10-25T07:02:36+00:00","twitter_card":"summary_large_image","twitter_misc":{"Est. reading time":"3 minutes"},"schema":{"@context":"https:\/\/schema.org","@graph":[{"@type":"WebPage","@id":"https:\/\/annaps.com\/de\/ueber-die-produkte\/funktionsweise-der-tasche\/","url":"https:\/\/annaps.com\/de\/ueber-die-produkte\/funktionsweise-der-tasche\/","name":"Schlaue, integrierte Taschen in Kleidung f\u00fcr Diabetiker | AnnaPS","isPartOf":{"@id":"https:\/\/annaps.com\/de\/#website"},"datePublished":"2016-01-21T11:13:27+00:00","dateModified":"2018-10-25T07:02:36+00:00","description":"Die Taschen in unserer Diabeteskleidung sind so entwickelt, dass das Kleidungsst\u00fcck gut sitzt und aufgrund des durchdachten Designs passen pumpen vieler unterschiedlicher gr\u00f6\u00dfen und Modelle bequem hinein. Willkommen in unserem Webshop!","breadcrumb":{"@id":"https:\/\/annaps.com\/de\/ueber-die-produkte\/funktionsweise-der-tasche\/#breadcrumb"},"inLanguage":"de-DE","potentialAction":[{"@type":"ReadAction","target":["https:\/\/annaps.com\/de\/ueber-die-produkte\/funktionsweise-der-tasche\/"]}]},{"@type":"BreadcrumbList","@id":"https:\/\/annaps.com\/de\/ueber-die-produkte\/funktionsweise-der-tasche\/#breadcrumb","itemListElement":[{"@type":"ListItem","position":1,"name":"Hem","item":"https:\/\/annaps.com\/de\/"},{"@type":"ListItem","position":2,"name":"\u00dcber die Produkte","item":"https:\/\/annaps.com\/de\/ueber-die-produkte\/"},{"@type":"ListItem","position":3,"name":"Funktionsweise der Tasche \u00ad"}]},{"@type":"WebSite","@id":"https:\/\/annaps.com\/de\/#website","url":"https:\/\/annaps.com\/de\/","name":"AnnaPS","description":"Det skall vara enkelt att b\u00e4ra!","potentialAction":[{"@type":"SearchAction","target":{"@type":"EntryPoint","urlTemplate":"https:\/\/annaps.com\/de\/?s={search_term_string}"},"query-input":{"@type":"PropertyValueSpecification","valueRequired":true,"valueName":"search_term_string"}}],"inLanguage":"de-DE"}]}},"_links":{"self":[{"href":"https:\/\/annaps.com\/de\/wp-json\/wp\/v2\/pages\/3904","targetHints":{"allow":["GET"]}}],"collection":[{"href":"https:\/\/annaps.com\/de\/wp-json\/wp\/v2\/pages"}],"about":[{"href":"https:\/\/annaps.com\/de\/wp-json\/wp\/v2\/types\/page"}],"author":[{"embeddable":true,"href":"https:\/\/annaps.com\/de\/wp-json\/wp\/v2\/users\/1"}],"replies":[{"embeddable":true,"href":"https:\/\/annaps.com\/de\/wp-json\/wp\/v2\/comments?post=3904"}],"version-history":[{"count":9,"href":"https:\/\/annaps.com\/de\/wp-json\/wp\/v2\/pages\/3904\/revisions"}],"predecessor-version":[{"id":28654,"href":"https:\/\/annaps.com\/de\/wp-json\/wp\/v2\/pages\/3904\/revisions\/28654"}],"up":[{"embeddable":true,"href":"https:\/\/annaps.com\/de\/wp-json\/wp\/v2\/pages\/3902"}],"wp:attachment":[{"href":"https:\/\/annaps.com\/de\/wp-json\/wp\/v2\/media?parent=3904"}],"curies":[{"name":"wp","href":"https:\/\/api.w.org\/{rel}","templated":true}]}}