{"id":3902,"date":"2016-01-21T12:09:32","date_gmt":"2016-01-21T12:09:32","guid":{"rendered":"https:\/\/www.annaps.com\/?page_id=3902&#038;lang=de"},"modified":"2018-07-17T13:02:34","modified_gmt":"2018-07-17T11:02:34","slug":"ueber-die-produkte","status":"publish","type":"page","link":"https:\/\/annaps.com\/de\/ueber-die-produkte\/","title":{"rendered":"\u00dcber die Produkte"},"content":{"rendered":"<p>Lassen Sie die Diabetestasche zu Hause und verstauen Sie alles, was Sie brauchen, stattdessen in Ihrer AnnaPS-Kleidung! In unseren Produkten k\u00f6nnen Sie Ihr Diabeteszubeh\u00f6r sicher aufbewahren und jederzeit beuqem darauf zugreifen.<\/p>\n<p>Das Design der AnnaPS Kleidung ist zeitlos und Sie liegen mit ihr immer im Trend. Sie sollen sich nicht darum sorgen m\u00fcssen, ob Ihre Kleidung n\u00e4chstes Jahr noch up-to-date ist, sondern sich wohlf\u00fchlen.<\/p>\n","protected":false},"excerpt":{"rendered":"<p>Lassen Sie die Diabetestasche zu Hause und verstauen Sie alles, was Sie brauchen, stattdessen in Ihrer AnnaPS-Kleidung! In unseren Produkten k\u00f6nnen Sie Ihr Diabeteszubeh\u00f6r sicher aufbewahren und jederzeit beuqem darauf zugreifen. Das Design der AnnaPS Kleidung ist zeitlos und Sie liegen mit ihr immer im Trend. Sie sollen sich nicht darum sorgen m\u00fcssen, ob Ihre [&hellip;]<\/p>\n","protected":false},"author":1,"featured_media":0,"parent":0,"menu_order":57,"comment_status":"closed","ping_status":"closed","template":"","meta":{"_acf_changed":false,"footnotes":""},"class_list":["post-3902","page","type-page","status-publish","hentry"],"acf":[],"yoast_head":"<!-- This site is optimized with the Yoast SEO plugin v27.1.1 - https:\/\/yoast.com\/product\/yoast-seo-wordpress\/ -->\n<title>\u00dcber unsere Diabetesprodukte | AnnaPS<\/title>\n<meta name=\"description\" content=\"AnnaPS hat durchdachte Diabetesbekleidung und andere praktische Produkte entwickelt, um das Leben f\u00fcr Dich als DiabetikerIn leichter zu machen. Lies hier mehr \u00fcber unsere Produkte.\" \/>\n<meta name=\"robots\" content=\"index, follow, max-snippet:-1, max-image-preview:large, max-video-preview:-1\" \/>\n<link rel=\"canonical\" href=\"https:\/\/annaps.com\/de\/ueber-die-produkte\/\" \/>\n<meta property=\"og:locale\" content=\"de_DE\" \/>\n<meta property=\"og:type\" content=\"article\" \/>\n<meta property=\"og:title\" content=\"\u00dcber unsere Diabetesprodukte | AnnaPS\" \/>\n<meta property=\"og:description\" content=\"AnnaPS hat durchdachte Diabetesbekleidung und andere praktische Produkte entwickelt, um das Leben f\u00fcr Dich als DiabetikerIn leichter zu machen. Lies hier mehr \u00fcber unsere Produkte.\" \/>\n<meta property=\"og:url\" content=\"https:\/\/annaps.com\/de\/ueber-die-produkte\/\" \/>\n<meta property=\"og:site_name\" content=\"AnnaPS\" \/>\n<meta property=\"article:publisher\" content=\"https:\/\/www.facebook.com\/annaps.scandinavia\/\" \/>\n<meta property=\"article:modified_time\" content=\"2018-07-17T11:02:34+00:00\" \/>\n<meta name=\"twitter:card\" content=\"summary_large_image\" \/>\n<script type=\"application\/ld+json\" class=\"yoast-schema-graph\">{\"@context\":\"https:\/\/schema.org\",\"@graph\":[{\"@type\":\"WebPage\",\"@id\":\"https:\/\/annaps.com\/de\/ueber-die-produkte\/\",\"url\":\"https:\/\/annaps.com\/de\/ueber-die-produkte\/\",\"name\":\"\u00dcber unsere Diabetesprodukte | AnnaPS\",\"isPartOf\":{\"@id\":\"https:\/\/annaps.com\/de\/#website\"},\"datePublished\":\"2016-01-21T12:09:32+00:00\",\"dateModified\":\"2018-07-17T11:02:34+00:00\",\"description\":\"AnnaPS hat durchdachte Diabetesbekleidung und andere praktische Produkte entwickelt, um das Leben f\u00fcr Dich als DiabetikerIn leichter zu machen. Lies hier mehr \u00fcber unsere Produkte.\",\"breadcrumb\":{\"@id\":\"https:\/\/annaps.com\/de\/ueber-die-produkte\/#breadcrumb\"},\"inLanguage\":\"de-DE\",\"potentialAction\":[{\"@type\":\"ReadAction\",\"target\":[\"https:\/\/annaps.com\/de\/ueber-die-produkte\/\"]}]},{\"@type\":\"BreadcrumbList\",\"@id\":\"https:\/\/annaps.com\/de\/ueber-die-produkte\/#breadcrumb\",\"itemListElement\":[{\"@type\":\"ListItem\",\"position\":1,\"name\":\"Hem\",\"item\":\"https:\/\/annaps.com\/de\/\"},{\"@type\":\"ListItem\",\"position\":2,\"name\":\"\u00dcber die Produkte\"}]},{\"@type\":\"WebSite\",\"@id\":\"https:\/\/annaps.com\/de\/#website\",\"url\":\"https:\/\/annaps.com\/de\/\",\"name\":\"AnnaPS\",\"description\":\"Det skall vara enkelt att b\u00e4ra!\",\"potentialAction\":[{\"@type\":\"SearchAction\",\"target\":{\"@type\":\"EntryPoint\",\"urlTemplate\":\"https:\/\/annaps.com\/de\/?s={search_term_string}\"},\"query-input\":{\"@type\":\"PropertyValueSpecification\",\"valueRequired\":true,\"valueName\":\"search_term_string\"}}],\"inLanguage\":\"de-DE\"}]}<\/script>\n<!-- \/ Yoast SEO plugin. -->","yoast_head_json":{"title":"\u00dcber unsere Diabetesprodukte | AnnaPS","description":"AnnaPS hat durchdachte Diabetesbekleidung und andere praktische Produkte entwickelt, um das Leben f\u00fcr Dich als DiabetikerIn leichter zu machen. Lies hier mehr \u00fcber unsere Produkte.","robots":{"index":"index","follow":"follow","max-snippet":"max-snippet:-1","max-image-preview":"max-image-preview:large","max-video-preview":"max-video-preview:-1"},"canonical":"https:\/\/annaps.com\/de\/ueber-die-produkte\/","og_locale":"de_DE","og_type":"article","og_title":"\u00dcber unsere Diabetesprodukte | AnnaPS","og_description":"AnnaPS hat durchdachte Diabetesbekleidung und andere praktische Produkte entwickelt, um das Leben f\u00fcr Dich als DiabetikerIn leichter zu machen. Lies hier mehr \u00fcber unsere Produkte.","og_url":"https:\/\/annaps.com\/de\/ueber-die-produkte\/","og_site_name":"AnnaPS","article_publisher":"https:\/\/www.facebook.com\/annaps.scandinavia\/","article_modified_time":"2018-07-17T11:02:34+00:00","twitter_card":"summary_large_image","schema":{"@context":"https:\/\/schema.org","@graph":[{"@type":"WebPage","@id":"https:\/\/annaps.com\/de\/ueber-die-produkte\/","url":"https:\/\/annaps.com\/de\/ueber-die-produkte\/","name":"\u00dcber unsere Diabetesprodukte | AnnaPS","isPartOf":{"@id":"https:\/\/annaps.com\/de\/#website"},"datePublished":"2016-01-21T12:09:32+00:00","dateModified":"2018-07-17T11:02:34+00:00","description":"AnnaPS hat durchdachte Diabetesbekleidung und andere praktische Produkte entwickelt, um das Leben f\u00fcr Dich als DiabetikerIn leichter zu machen. Lies hier mehr \u00fcber unsere Produkte.","breadcrumb":{"@id":"https:\/\/annaps.com\/de\/ueber-die-produkte\/#breadcrumb"},"inLanguage":"de-DE","potentialAction":[{"@type":"ReadAction","target":["https:\/\/annaps.com\/de\/ueber-die-produkte\/"]}]},{"@type":"BreadcrumbList","@id":"https:\/\/annaps.com\/de\/ueber-die-produkte\/#breadcrumb","itemListElement":[{"@type":"ListItem","position":1,"name":"Hem","item":"https:\/\/annaps.com\/de\/"},{"@type":"ListItem","position":2,"name":"\u00dcber die Produkte"}]},{"@type":"WebSite","@id":"https:\/\/annaps.com\/de\/#website","url":"https:\/\/annaps.com\/de\/","name":"AnnaPS","description":"Det skall vara enkelt att b\u00e4ra!","potentialAction":[{"@type":"SearchAction","target":{"@type":"EntryPoint","urlTemplate":"https:\/\/annaps.com\/de\/?s={search_term_string}"},"query-input":{"@type":"PropertyValueSpecification","valueRequired":true,"valueName":"search_term_string"}}],"inLanguage":"de-DE"}]}},"_links":{"self":[{"href":"https:\/\/annaps.com\/de\/wp-json\/wp\/v2\/pages\/3902","targetHints":{"allow":["GET"]}}],"collection":[{"href":"https:\/\/annaps.com\/de\/wp-json\/wp\/v2\/pages"}],"about":[{"href":"https:\/\/annaps.com\/de\/wp-json\/wp\/v2\/types\/page"}],"author":[{"embeddable":true,"href":"https:\/\/annaps.com\/de\/wp-json\/wp\/v2\/users\/1"}],"replies":[{"embeddable":true,"href":"https:\/\/annaps.com\/de\/wp-json\/wp\/v2\/comments?post=3902"}],"version-history":[{"count":8,"href":"https:\/\/annaps.com\/de\/wp-json\/wp\/v2\/pages\/3902\/revisions"}],"predecessor-version":[{"id":28652,"href":"https:\/\/annaps.com\/de\/wp-json\/wp\/v2\/pages\/3902\/revisions\/28652"}],"wp:attachment":[{"href":"https:\/\/annaps.com\/de\/wp-json\/wp\/v2\/media?parent=3902"}],"curies":[{"name":"wp","href":"https:\/\/api.w.org\/{rel}","templated":true}]}}