{"id":3851,"date":"2016-01-21T10:31:28","date_gmt":"2016-01-21T10:31:28","guid":{"rendered":"https:\/\/www.annaps.com\/?page_id=3851&#038;lang=de"},"modified":"2018-10-25T09:17:14","modified_gmt":"2018-10-25T07:17:14","slug":"design-und-philosophie","status":"publish","type":"page","link":"https:\/\/annaps.com\/de\/ueber-annaps\/design-und-philosophie\/","title":{"rendered":"Design und Philosophie"},"content":{"rendered":"<p><span style=\"font-weight: 400;\">Bei AnnaPS verwenden wir viel Zeit und Energie darauf, m\u00f6glichst immer die richtigen Entscheidungen zu treffen, z.B. bez\u00fcglich Design, Materialwahl und Produktionsprozess. <\/span><\/p>\n<p><span style=\"font-weight: 400;\">Die Taschen sind so platziert, dass die Diabetes-Ger\u00e4te den K\u00f6rperbewegungen folgen ohne im Alltag zu st\u00f6ren. <\/span><\/p>\n<p><span style=\"font-weight: 400;\">Als Material verwenden wir haupts\u00e4chlich Tencel, ein exklusiver Stoff, der wie Wolle atmet, wie Seide gl\u00e4nzt und so weich ist wie Baumwolle. Er ist angenehm zu tragen, sowohl im Alltag, als auch z.B. beim Sport. <\/span><\/p>\n<p><span style=\"font-weight: 400;\">Die Kleidung wird unter fairen Arbeitsbedingungen produziert \u2013 solche unter denen wir uns selbst vorstellen k\u00f6nnten zu arbeiten \u2013 und mit geringst m\u00f6glichen Auswirkungen auf die Umwelt.<\/span><\/p>\n<p><span style=\"font-weight: 400;\"><strong>Helfen Sie uns noch besser zu werden<\/strong> \u2013 man kann sich immer verbessern! Treten Sie in <a href=\"https:\/\/annaps.com\/wordpress\/de\/kontaktieren-sie-uns\/\">Kontakt<\/a> mit uns, wenn Sie konkrete Ideen zur Verbesserung haben.<\/span><\/p>\n","protected":false},"excerpt":{"rendered":"<p>Bei AnnaPS verwenden wir viel Zeit und Energie darauf, m\u00f6glichst immer die richtigen Entscheidungen zu treffen, z.B. bez\u00fcglich Design, Materialwahl und Produktionsprozess. Die Taschen sind so platziert, dass die Diabetes-Ger\u00e4te den K\u00f6rperbewegungen folgen ohne im Alltag zu st\u00f6ren. Als Material verwenden wir haupts\u00e4chlich Tencel, ein exklusiver Stoff, der wie Wolle atmet, wie Seide gl\u00e4nzt und [&hellip;]<\/p>\n","protected":false},"author":1,"featured_media":0,"parent":6453,"menu_order":6,"comment_status":"closed","ping_status":"closed","template":"","meta":{"_acf_changed":false,"footnotes":""},"class_list":["post-3851","page","type-page","status-publish","hentry"],"acf":[],"yoast_head":"<!-- This site is optimized with the Yoast SEO plugin v27.1.1 - https:\/\/yoast.com\/product\/yoast-seo-wordpress\/ -->\n<title>Diabeteskleider in guter Qualit\u00e4t findest Du bei uns | AnnaPS<\/title>\n<meta name=\"description\" content=\"Hinter allen unseren Produkten steht der Wille, eine sch\u00f6ne, sichere und praktische Verwahrungsm\u00f6glichkeit f\u00fcr alle Diabeteshilfsmittel zu schaffen. F\u00fcr Dich mit Diabetes!\" \/>\n<meta name=\"robots\" content=\"index, follow, max-snippet:-1, max-image-preview:large, max-video-preview:-1\" \/>\n<link rel=\"canonical\" href=\"https:\/\/annaps.com\/de\/ueber-annaps\/design-und-philosophie\/\" \/>\n<meta property=\"og:locale\" content=\"de_DE\" \/>\n<meta property=\"og:type\" content=\"article\" \/>\n<meta property=\"og:title\" content=\"Diabeteskleider in guter Qualit\u00e4t findest Du bei uns | AnnaPS\" \/>\n<meta property=\"og:description\" content=\"Hinter allen unseren Produkten steht der Wille, eine sch\u00f6ne, sichere und praktische Verwahrungsm\u00f6glichkeit f\u00fcr alle Diabeteshilfsmittel zu schaffen. F\u00fcr Dich mit Diabetes!\" \/>\n<meta property=\"og:url\" content=\"https:\/\/annaps.com\/de\/ueber-annaps\/design-und-philosophie\/\" \/>\n<meta property=\"og:site_name\" content=\"AnnaPS\" \/>\n<meta property=\"article:publisher\" content=\"https:\/\/www.facebook.com\/annaps.scandinavia\/\" \/>\n<meta property=\"article:modified_time\" content=\"2018-10-25T07:17:14+00:00\" \/>\n<meta name=\"twitter:card\" content=\"summary_large_image\" \/>\n<meta name=\"twitter:label1\" content=\"Est. reading time\" \/>\n\t<meta name=\"twitter:data1\" content=\"1 minute\" \/>\n<script type=\"application\/ld+json\" class=\"yoast-schema-graph\">{\"@context\":\"https:\/\/schema.org\",\"@graph\":[{\"@type\":\"WebPage\",\"@id\":\"https:\/\/annaps.com\/de\/ueber-annaps\/design-und-philosophie\/\",\"url\":\"https:\/\/annaps.com\/de\/ueber-annaps\/design-und-philosophie\/\",\"name\":\"Diabeteskleider in guter Qualit\u00e4t findest Du bei uns | AnnaPS\",\"isPartOf\":{\"@id\":\"https:\/\/annaps.com\/de\/#website\"},\"datePublished\":\"2016-01-21T10:31:28+00:00\",\"dateModified\":\"2018-10-25T07:17:14+00:00\",\"description\":\"Hinter allen unseren Produkten steht der Wille, eine sch\u00f6ne, sichere und praktische Verwahrungsm\u00f6glichkeit f\u00fcr alle Diabeteshilfsmittel zu schaffen. F\u00fcr Dich mit Diabetes!\",\"breadcrumb\":{\"@id\":\"https:\/\/annaps.com\/de\/ueber-annaps\/design-und-philosophie\/#breadcrumb\"},\"inLanguage\":\"de-DE\",\"potentialAction\":[{\"@type\":\"ReadAction\",\"target\":[\"https:\/\/annaps.com\/de\/ueber-annaps\/design-und-philosophie\/\"]}]},{\"@type\":\"BreadcrumbList\",\"@id\":\"https:\/\/annaps.com\/de\/ueber-annaps\/design-und-philosophie\/#breadcrumb\",\"itemListElement\":[{\"@type\":\"ListItem\",\"position\":1,\"name\":\"Hem\",\"item\":\"https:\/\/annaps.com\/de\/\"},{\"@type\":\"ListItem\",\"position\":2,\"name\":\"\u00dcber AnnaPS\",\"item\":\"https:\/\/annaps.com\/de\/ueber-annaps\/\"},{\"@type\":\"ListItem\",\"position\":3,\"name\":\"Design und Philosophie\"}]},{\"@type\":\"WebSite\",\"@id\":\"https:\/\/annaps.com\/de\/#website\",\"url\":\"https:\/\/annaps.com\/de\/\",\"name\":\"AnnaPS\",\"description\":\"Det skall vara enkelt att b\u00e4ra!\",\"potentialAction\":[{\"@type\":\"SearchAction\",\"target\":{\"@type\":\"EntryPoint\",\"urlTemplate\":\"https:\/\/annaps.com\/de\/?s={search_term_string}\"},\"query-input\":{\"@type\":\"PropertyValueSpecification\",\"valueRequired\":true,\"valueName\":\"search_term_string\"}}],\"inLanguage\":\"de-DE\"}]}<\/script>\n<!-- \/ Yoast SEO plugin. -->","yoast_head_json":{"title":"Diabeteskleider in guter Qualit\u00e4t findest Du bei uns | AnnaPS","description":"Hinter allen unseren Produkten steht der Wille, eine sch\u00f6ne, sichere und praktische Verwahrungsm\u00f6glichkeit f\u00fcr alle Diabeteshilfsmittel zu schaffen. F\u00fcr Dich mit Diabetes!","robots":{"index":"index","follow":"follow","max-snippet":"max-snippet:-1","max-image-preview":"max-image-preview:large","max-video-preview":"max-video-preview:-1"},"canonical":"https:\/\/annaps.com\/de\/ueber-annaps\/design-und-philosophie\/","og_locale":"de_DE","og_type":"article","og_title":"Diabeteskleider in guter Qualit\u00e4t findest Du bei uns | AnnaPS","og_description":"Hinter allen unseren Produkten steht der Wille, eine sch\u00f6ne, sichere und praktische Verwahrungsm\u00f6glichkeit f\u00fcr alle Diabeteshilfsmittel zu schaffen. F\u00fcr Dich mit Diabetes!","og_url":"https:\/\/annaps.com\/de\/ueber-annaps\/design-und-philosophie\/","og_site_name":"AnnaPS","article_publisher":"https:\/\/www.facebook.com\/annaps.scandinavia\/","article_modified_time":"2018-10-25T07:17:14+00:00","twitter_card":"summary_large_image","twitter_misc":{"Est. reading time":"1 minute"},"schema":{"@context":"https:\/\/schema.org","@graph":[{"@type":"WebPage","@id":"https:\/\/annaps.com\/de\/ueber-annaps\/design-und-philosophie\/","url":"https:\/\/annaps.com\/de\/ueber-annaps\/design-und-philosophie\/","name":"Diabeteskleider in guter Qualit\u00e4t findest Du bei uns | AnnaPS","isPartOf":{"@id":"https:\/\/annaps.com\/de\/#website"},"datePublished":"2016-01-21T10:31:28+00:00","dateModified":"2018-10-25T07:17:14+00:00","description":"Hinter allen unseren Produkten steht der Wille, eine sch\u00f6ne, sichere und praktische Verwahrungsm\u00f6glichkeit f\u00fcr alle Diabeteshilfsmittel zu schaffen. F\u00fcr Dich mit Diabetes!","breadcrumb":{"@id":"https:\/\/annaps.com\/de\/ueber-annaps\/design-und-philosophie\/#breadcrumb"},"inLanguage":"de-DE","potentialAction":[{"@type":"ReadAction","target":["https:\/\/annaps.com\/de\/ueber-annaps\/design-und-philosophie\/"]}]},{"@type":"BreadcrumbList","@id":"https:\/\/annaps.com\/de\/ueber-annaps\/design-und-philosophie\/#breadcrumb","itemListElement":[{"@type":"ListItem","position":1,"name":"Hem","item":"https:\/\/annaps.com\/de\/"},{"@type":"ListItem","position":2,"name":"\u00dcber AnnaPS","item":"https:\/\/annaps.com\/de\/ueber-annaps\/"},{"@type":"ListItem","position":3,"name":"Design und Philosophie"}]},{"@type":"WebSite","@id":"https:\/\/annaps.com\/de\/#website","url":"https:\/\/annaps.com\/de\/","name":"AnnaPS","description":"Det skall vara enkelt att b\u00e4ra!","potentialAction":[{"@type":"SearchAction","target":{"@type":"EntryPoint","urlTemplate":"https:\/\/annaps.com\/de\/?s={search_term_string}"},"query-input":{"@type":"PropertyValueSpecification","valueRequired":true,"valueName":"search_term_string"}}],"inLanguage":"de-DE"}]}},"_links":{"self":[{"href":"https:\/\/annaps.com\/de\/wp-json\/wp\/v2\/pages\/3851","targetHints":{"allow":["GET"]}}],"collection":[{"href":"https:\/\/annaps.com\/de\/wp-json\/wp\/v2\/pages"}],"about":[{"href":"https:\/\/annaps.com\/de\/wp-json\/wp\/v2\/types\/page"}],"author":[{"embeddable":true,"href":"https:\/\/annaps.com\/de\/wp-json\/wp\/v2\/users\/1"}],"replies":[{"embeddable":true,"href":"https:\/\/annaps.com\/de\/wp-json\/wp\/v2\/comments?post=3851"}],"version-history":[{"count":3,"href":"https:\/\/annaps.com\/de\/wp-json\/wp\/v2\/pages\/3851\/revisions"}],"predecessor-version":[{"id":28383,"href":"https:\/\/annaps.com\/de\/wp-json\/wp\/v2\/pages\/3851\/revisions\/28383"}],"up":[{"embeddable":true,"href":"https:\/\/annaps.com\/de\/wp-json\/wp\/v2\/pages\/6453"}],"wp:attachment":[{"href":"https:\/\/annaps.com\/de\/wp-json\/wp\/v2\/media?parent=3851"}],"curies":[{"name":"wp","href":"https:\/\/api.w.org\/{rel}","templated":true}]}}