{"id":3849,"date":"2016-01-21T10:29:10","date_gmt":"2016-01-21T10:29:10","guid":{"rendered":"https:\/\/www.annaps.com\/?page_id=3849&#038;lang=de"},"modified":"2018-10-25T09:17:30","modified_gmt":"2018-10-25T07:17:30","slug":"unsere-geschichte-und-unsere-zukunft","status":"publish","type":"page","link":"https:\/\/annaps.com\/de\/ueber-annaps\/unsere-geschichte-und-unsere-zukunft\/","title":{"rendered":"Unsere Geschichte und unsere Zukunft"},"content":{"rendered":"<p><strong>AnnaPS ist noch eine recht junge Firma, aber wir wachsen t\u00e4glich. Hier ein Blick auf unsere Geschichte, denn wir waren nicht immer so, wie wir heute sind.<\/strong><\/p>\n<p><span style=\"font-weight: 400;\"> Als bei Anna Diabetes Typ 1 diagnostiziert wurde und sie ihre erste Spritze bekam, musste sie feststellen, dass es nicht m\u00f6glich war eine Pumpe angenehmen und diskret zu tragen; es wurden ausschlie\u00dflich Pumpentaschen angeboten.<br \/>\n<\/span><\/p>\n<p><span style=\"font-weight: 400;\">Ihre Krankenschwester am Universit\u00e4tskrankenhaus in Uppsala und ein Medtronic Vertreter ermutigten Anna an ihrer Idee festzuhalten, eine L\u00f6sung zu finden um die Pumpe ohne eine Pumpentasche tragen zu k\u00f6nnen und so gr\u00fcndete sie AnnaPS.<\/span><\/p>\n<p>Die Produktion wurde in Zusammenarbeit mit Patienten, einer Testgruppe von insgesamt 45 Personen, Fachkr\u00e4ften und dem Pumpenhersteller Medtronic begonnen.<\/p>\n<p><span style=\"font-weight: 400;\">2010 wurde das erste Produkt, ein Slip mit integrierten Taschen, hergestellt und von Diabetikern getestet. Seitdem haben wir gro\u00dfe Fortschritte gemacht. Das erste marktreife Produkt wurde 2011 eingef\u00fchrt und im selben Jahr begannen die Testl\u00e4ufe f\u00fcr M\u00e4nner- und Kinderprodukte. Diese sind nun seit 2012 im Webshop erh\u00e4ltlich.<br \/>\nSeither bieten wir Produkte f\u00fcr alle \u2013 Kinder, Erwachsene, M\u00e4nner und Frauen \u2013 an, von 3 Jahren bis Gr\u00f6\u00dfe XXL, um eine Alternative f\u00fcr alle zum Diabetescase zu schaffen. Alle Produkte haben integrierte Taschen f\u00fcr Diabetes-Ger\u00e4te.<br \/>\n<\/span><\/p>\n<p><span style=\"font-weight: 400;\">Wir sind sehr stolz \u00a0auf unsere Produktlinie, aber das hei\u00dft nicht, dass wir schon zufrieden sind mit dem, was wir bisher erreicht haben. Man kann sich immer noch weiter verbessern und daher auch immer neue Produkte entwickeln. Z\u00f6gern Sie nicht, uns zu <a href=\"https:\/\/annaps.com\/wordpress\/de\/kontaktieren-sie-uns\/\">kontaktieren<\/a>, wenn Sie neue Ideen haben. Vergessen Sie Ihre Pumpentasche und bringen Sie stattdessen alles was Sie brauchen in der AnnaPS Kleidung mit integrierten Taschen unter.<\/span><\/p>\n","protected":false},"excerpt":{"rendered":"<p>AnnaPS ist noch eine recht junge Firma, aber wir wachsen t\u00e4glich. Hier ein Blick auf unsere Geschichte, denn wir waren nicht immer so, wie wir heute sind. Als bei Anna Diabetes Typ 1 diagnostiziert wurde und sie ihre erste Spritze bekam, musste sie feststellen, dass es nicht m\u00f6glich war eine Pumpe angenehmen und diskret zu [&hellip;]<\/p>\n","protected":false},"author":1,"featured_media":0,"parent":6453,"menu_order":9,"comment_status":"closed","ping_status":"closed","template":"","meta":{"_acf_changed":false,"footnotes":""},"class_list":["post-3849","page","type-page","status-publish","hentry"],"acf":[],"yoast_head":"<!-- This site is optimized with the Yoast SEO plugin v27.1.1 - https:\/\/yoast.com\/product\/yoast-seo-wordpress\/ -->\n<title>Kleidung f\u00fcr Diabetiker \u2013 entwickelt von Diabetikern | AnnaPS<\/title>\n<meta name=\"description\" content=\"Von Diabetikern f\u00fcr Diabetiker. Lass die Diabetestasche zu Hause und trage stattdessen alles was du brauchst in Kleidung mit Taschen von AnnaPS! Schau Dir unsere Kollektion in unserem Onlineshop an.\" \/>\n<meta name=\"robots\" content=\"index, follow, max-snippet:-1, max-image-preview:large, max-video-preview:-1\" \/>\n<link rel=\"canonical\" href=\"https:\/\/annaps.com\/de\/ueber-annaps\/unsere-geschichte-und-unsere-zukunft\/\" \/>\n<meta property=\"og:locale\" content=\"de_DE\" \/>\n<meta property=\"og:type\" content=\"article\" \/>\n<meta property=\"og:title\" content=\"Kleidung f\u00fcr Diabetiker \u2013 entwickelt von Diabetikern | AnnaPS\" \/>\n<meta property=\"og:description\" content=\"Von Diabetikern f\u00fcr Diabetiker. Lass die Diabetestasche zu Hause und trage stattdessen alles was du brauchst in Kleidung mit Taschen von AnnaPS! Schau Dir unsere Kollektion in unserem Onlineshop an.\" \/>\n<meta property=\"og:url\" content=\"https:\/\/annaps.com\/de\/ueber-annaps\/unsere-geschichte-und-unsere-zukunft\/\" \/>\n<meta property=\"og:site_name\" content=\"AnnaPS\" \/>\n<meta property=\"article:publisher\" content=\"https:\/\/www.facebook.com\/annaps.scandinavia\/\" \/>\n<meta property=\"article:modified_time\" content=\"2018-10-25T07:17:30+00:00\" \/>\n<meta name=\"twitter:card\" content=\"summary_large_image\" \/>\n<meta name=\"twitter:label1\" content=\"Est. reading time\" \/>\n\t<meta name=\"twitter:data1\" content=\"1 minute\" \/>\n<script type=\"application\/ld+json\" class=\"yoast-schema-graph\">{\"@context\":\"https:\/\/schema.org\",\"@graph\":[{\"@type\":\"WebPage\",\"@id\":\"https:\/\/annaps.com\/de\/ueber-annaps\/unsere-geschichte-und-unsere-zukunft\/\",\"url\":\"https:\/\/annaps.com\/de\/ueber-annaps\/unsere-geschichte-und-unsere-zukunft\/\",\"name\":\"Kleidung f\u00fcr Diabetiker \u2013 entwickelt von Diabetikern | AnnaPS\",\"isPartOf\":{\"@id\":\"https:\/\/annaps.com\/de\/#website\"},\"datePublished\":\"2016-01-21T10:29:10+00:00\",\"dateModified\":\"2018-10-25T07:17:30+00:00\",\"description\":\"Von Diabetikern f\u00fcr Diabetiker. Lass die Diabetestasche zu Hause und trage stattdessen alles was du brauchst in Kleidung mit Taschen von AnnaPS! Schau Dir unsere Kollektion in unserem Onlineshop an.\",\"breadcrumb\":{\"@id\":\"https:\/\/annaps.com\/de\/ueber-annaps\/unsere-geschichte-und-unsere-zukunft\/#breadcrumb\"},\"inLanguage\":\"de-DE\",\"potentialAction\":[{\"@type\":\"ReadAction\",\"target\":[\"https:\/\/annaps.com\/de\/ueber-annaps\/unsere-geschichte-und-unsere-zukunft\/\"]}]},{\"@type\":\"BreadcrumbList\",\"@id\":\"https:\/\/annaps.com\/de\/ueber-annaps\/unsere-geschichte-und-unsere-zukunft\/#breadcrumb\",\"itemListElement\":[{\"@type\":\"ListItem\",\"position\":1,\"name\":\"Hem\",\"item\":\"https:\/\/annaps.com\/de\/\"},{\"@type\":\"ListItem\",\"position\":2,\"name\":\"\u00dcber AnnaPS\",\"item\":\"https:\/\/annaps.com\/de\/ueber-annaps\/\"},{\"@type\":\"ListItem\",\"position\":3,\"name\":\"Unsere Geschichte und unsere Zukunft\"}]},{\"@type\":\"WebSite\",\"@id\":\"https:\/\/annaps.com\/de\/#website\",\"url\":\"https:\/\/annaps.com\/de\/\",\"name\":\"AnnaPS\",\"description\":\"Det skall vara enkelt att b\u00e4ra!\",\"potentialAction\":[{\"@type\":\"SearchAction\",\"target\":{\"@type\":\"EntryPoint\",\"urlTemplate\":\"https:\/\/annaps.com\/de\/?s={search_term_string}\"},\"query-input\":{\"@type\":\"PropertyValueSpecification\",\"valueRequired\":true,\"valueName\":\"search_term_string\"}}],\"inLanguage\":\"de-DE\"}]}<\/script>\n<!-- \/ Yoast SEO plugin. -->","yoast_head_json":{"title":"Kleidung f\u00fcr Diabetiker \u2013 entwickelt von Diabetikern | AnnaPS","description":"Von Diabetikern f\u00fcr Diabetiker. Lass die Diabetestasche zu Hause und trage stattdessen alles was du brauchst in Kleidung mit Taschen von AnnaPS! Schau Dir unsere Kollektion in unserem Onlineshop an.","robots":{"index":"index","follow":"follow","max-snippet":"max-snippet:-1","max-image-preview":"max-image-preview:large","max-video-preview":"max-video-preview:-1"},"canonical":"https:\/\/annaps.com\/de\/ueber-annaps\/unsere-geschichte-und-unsere-zukunft\/","og_locale":"de_DE","og_type":"article","og_title":"Kleidung f\u00fcr Diabetiker \u2013 entwickelt von Diabetikern | AnnaPS","og_description":"Von Diabetikern f\u00fcr Diabetiker. Lass die Diabetestasche zu Hause und trage stattdessen alles was du brauchst in Kleidung mit Taschen von AnnaPS! Schau Dir unsere Kollektion in unserem Onlineshop an.","og_url":"https:\/\/annaps.com\/de\/ueber-annaps\/unsere-geschichte-und-unsere-zukunft\/","og_site_name":"AnnaPS","article_publisher":"https:\/\/www.facebook.com\/annaps.scandinavia\/","article_modified_time":"2018-10-25T07:17:30+00:00","twitter_card":"summary_large_image","twitter_misc":{"Est. reading time":"1 minute"},"schema":{"@context":"https:\/\/schema.org","@graph":[{"@type":"WebPage","@id":"https:\/\/annaps.com\/de\/ueber-annaps\/unsere-geschichte-und-unsere-zukunft\/","url":"https:\/\/annaps.com\/de\/ueber-annaps\/unsere-geschichte-und-unsere-zukunft\/","name":"Kleidung f\u00fcr Diabetiker \u2013 entwickelt von Diabetikern | AnnaPS","isPartOf":{"@id":"https:\/\/annaps.com\/de\/#website"},"datePublished":"2016-01-21T10:29:10+00:00","dateModified":"2018-10-25T07:17:30+00:00","description":"Von Diabetikern f\u00fcr Diabetiker. Lass die Diabetestasche zu Hause und trage stattdessen alles was du brauchst in Kleidung mit Taschen von AnnaPS! Schau Dir unsere Kollektion in unserem Onlineshop an.","breadcrumb":{"@id":"https:\/\/annaps.com\/de\/ueber-annaps\/unsere-geschichte-und-unsere-zukunft\/#breadcrumb"},"inLanguage":"de-DE","potentialAction":[{"@type":"ReadAction","target":["https:\/\/annaps.com\/de\/ueber-annaps\/unsere-geschichte-und-unsere-zukunft\/"]}]},{"@type":"BreadcrumbList","@id":"https:\/\/annaps.com\/de\/ueber-annaps\/unsere-geschichte-und-unsere-zukunft\/#breadcrumb","itemListElement":[{"@type":"ListItem","position":1,"name":"Hem","item":"https:\/\/annaps.com\/de\/"},{"@type":"ListItem","position":2,"name":"\u00dcber AnnaPS","item":"https:\/\/annaps.com\/de\/ueber-annaps\/"},{"@type":"ListItem","position":3,"name":"Unsere Geschichte und unsere Zukunft"}]},{"@type":"WebSite","@id":"https:\/\/annaps.com\/de\/#website","url":"https:\/\/annaps.com\/de\/","name":"AnnaPS","description":"Det skall vara enkelt att b\u00e4ra!","potentialAction":[{"@type":"SearchAction","target":{"@type":"EntryPoint","urlTemplate":"https:\/\/annaps.com\/de\/?s={search_term_string}"},"query-input":{"@type":"PropertyValueSpecification","valueRequired":true,"valueName":"search_term_string"}}],"inLanguage":"de-DE"}]}},"_links":{"self":[{"href":"https:\/\/annaps.com\/de\/wp-json\/wp\/v2\/pages\/3849","targetHints":{"allow":["GET"]}}],"collection":[{"href":"https:\/\/annaps.com\/de\/wp-json\/wp\/v2\/pages"}],"about":[{"href":"https:\/\/annaps.com\/de\/wp-json\/wp\/v2\/types\/page"}],"author":[{"embeddable":true,"href":"https:\/\/annaps.com\/de\/wp-json\/wp\/v2\/users\/1"}],"replies":[{"embeddable":true,"href":"https:\/\/annaps.com\/de\/wp-json\/wp\/v2\/comments?post=3849"}],"version-history":[{"count":5,"href":"https:\/\/annaps.com\/de\/wp-json\/wp\/v2\/pages\/3849\/revisions"}],"predecessor-version":[{"id":28685,"href":"https:\/\/annaps.com\/de\/wp-json\/wp\/v2\/pages\/3849\/revisions\/28685"}],"up":[{"embeddable":true,"href":"https:\/\/annaps.com\/de\/wp-json\/wp\/v2\/pages\/6453"}],"wp:attachment":[{"href":"https:\/\/annaps.com\/de\/wp-json\/wp\/v2\/media?parent=3849"}],"curies":[{"name":"wp","href":"https:\/\/api.w.org\/{rel}","templated":true}]}}