{"id":3845,"date":"2016-01-21T10:23:07","date_gmt":"2016-01-21T10:23:07","guid":{"rendered":"https:\/\/www.annaps.com\/?page_id=3845&#038;lang=de"},"modified":"2018-10-25T09:15:53","modified_gmt":"2018-10-25T07:15:53","slug":"der-vorstand","status":"publish","type":"page","link":"https:\/\/annaps.com\/de\/ueber-annaps\/wer-sind-wir\/der-vorstand\/","title":{"rendered":"Der Vorstand"},"content":{"rendered":"<p><span style=\"font-weight: 400;\"> AnnaPS wird gef\u00fchrt von Anna Sj\u00f6bergs Facilitate Partner AB und der Vorstand besteht aus Pernilla Lundin und Per Sj\u00f6berg.<\/span><\/p>\n<p><strong>Pernilla Eriksson: <\/strong>Pernilla hat lange Zeit in leitenden Positionen in der schwedischen Industrie gearbeitet und ist nun Gesch\u00e4ftsf\u00fchrerin bei Donald Davis &amp; Partners. Sie ist Expertin f\u00fcr Marketing<span style=\"font-weight: 400;\">. Pernilla ist Mutter von Drillingen, lebt in G\u00e4vle und hat AnnaPS von Anfang an begleitet.<\/span><\/p>\n<p><strong>Per Sj\u00f6berg:\u00a0<\/strong><span style=\"font-weight: 400;\">Per arbeitete lange f\u00fcr den Werkzeughersteller Sandvik und war zust\u00e4ndig f\u00fcr Produktion, Einkauf, Lager und Logistik. F\u00fcr e<\/span><span style=\"font-weight: 400;\">inige Jahre war er a\u00dferdem Gesch\u00e4ftsf\u00fchrer f\u00fcr zwei Ausbildungsst\u00e4tten und Schulen von Sandvik. Per selbst hat kein Diabetes, aber ihm nahestehende Personen: Er ist mit Anna Sj\u00f6berg verheiratet und sowohl seine Mutter als auch seine Tante sind Typ 1 Diabetiker. Dadurch ist er vertraut mit den Herausforderungen, denen sich Diabetiker im Alltag stellen m\u00fcssen. Seit einigen Jahren arbeitet Per ganztags<\/span><span style=\"font-weight: 400;\"> f\u00fcr AnnaPS.<br \/>\n<\/span><\/p>\n","protected":false},"excerpt":{"rendered":"<p>AnnaPS wird gef\u00fchrt von Anna Sj\u00f6bergs Facilitate Partner AB und der Vorstand besteht aus Pernilla Lundin und Per Sj\u00f6berg. Pernilla Eriksson: Pernilla hat lange Zeit in leitenden Positionen in der schwedischen Industrie gearbeitet und ist nun Gesch\u00e4ftsf\u00fchrerin bei Donald Davis &amp; Partners. Sie ist Expertin f\u00fcr Marketing. Pernilla ist Mutter von Drillingen, lebt in G\u00e4vle [&hellip;]<\/p>\n","protected":false},"author":1,"featured_media":0,"parent":3839,"menu_order":5,"comment_status":"closed","ping_status":"closed","template":"","meta":{"_acf_changed":false,"footnotes":""},"class_list":["post-3845","page","type-page","status-publish","hentry"],"acf":[],"yoast_head":"<!-- This site is optimized with the Yoast SEO plugin v27.1.1 - https:\/\/yoast.com\/product\/yoast-seo-wordpress\/ -->\n<title>Vorstand \u2013 wir streben nach einem einfacherem Leben mit Diabetes | AnnaPS<\/title>\n<meta name=\"description\" content=\"Wir kennen uns aus mit Diabetes, denn es ist ein Teil unseres Lebens. Wir hoffen darauf, dass die Forschung eines Tages eine Heilung f\u00fcr unsere Krankheit findet und versuchen, unseren Beitrag dazu zu geben.\" \/>\n<meta name=\"robots\" content=\"index, follow, max-snippet:-1, max-image-preview:large, max-video-preview:-1\" \/>\n<link rel=\"canonical\" href=\"https:\/\/annaps.com\/de\/ueber-annaps\/wer-sind-wir\/der-vorstand\/\" \/>\n<meta property=\"og:locale\" content=\"de_DE\" \/>\n<meta property=\"og:type\" content=\"article\" \/>\n<meta property=\"og:title\" content=\"Vorstand \u2013 wir streben nach einem einfacherem Leben mit Diabetes | AnnaPS\" \/>\n<meta property=\"og:description\" content=\"Wir kennen uns aus mit Diabetes, denn es ist ein Teil unseres Lebens. Wir hoffen darauf, dass die Forschung eines Tages eine Heilung f\u00fcr unsere Krankheit findet und versuchen, unseren Beitrag dazu zu geben.\" \/>\n<meta property=\"og:url\" content=\"https:\/\/annaps.com\/de\/ueber-annaps\/wer-sind-wir\/der-vorstand\/\" \/>\n<meta property=\"og:site_name\" content=\"AnnaPS\" \/>\n<meta property=\"article:publisher\" content=\"https:\/\/www.facebook.com\/annaps.scandinavia\/\" \/>\n<meta property=\"article:modified_time\" content=\"2018-10-25T07:15:53+00:00\" \/>\n<meta name=\"twitter:card\" content=\"summary_large_image\" \/>\n<meta name=\"twitter:label1\" content=\"Est. reading time\" \/>\n\t<meta name=\"twitter:data1\" content=\"1 minute\" \/>\n<script type=\"application\/ld+json\" class=\"yoast-schema-graph\">{\"@context\":\"https:\/\/schema.org\",\"@graph\":[{\"@type\":\"WebPage\",\"@id\":\"https:\/\/annaps.com\/de\/ueber-annaps\/wer-sind-wir\/der-vorstand\/\",\"url\":\"https:\/\/annaps.com\/de\/ueber-annaps\/wer-sind-wir\/der-vorstand\/\",\"name\":\"Vorstand \u2013 wir streben nach einem einfacherem Leben mit Diabetes | AnnaPS\",\"isPartOf\":{\"@id\":\"https:\/\/annaps.com\/de\/#website\"},\"datePublished\":\"2016-01-21T10:23:07+00:00\",\"dateModified\":\"2018-10-25T07:15:53+00:00\",\"description\":\"Wir kennen uns aus mit Diabetes, denn es ist ein Teil unseres Lebens. Wir hoffen darauf, dass die Forschung eines Tages eine Heilung f\u00fcr unsere Krankheit findet und versuchen, unseren Beitrag dazu zu geben.\",\"breadcrumb\":{\"@id\":\"https:\/\/annaps.com\/de\/ueber-annaps\/wer-sind-wir\/der-vorstand\/#breadcrumb\"},\"inLanguage\":\"de-DE\",\"potentialAction\":[{\"@type\":\"ReadAction\",\"target\":[\"https:\/\/annaps.com\/de\/ueber-annaps\/wer-sind-wir\/der-vorstand\/\"]}]},{\"@type\":\"BreadcrumbList\",\"@id\":\"https:\/\/annaps.com\/de\/ueber-annaps\/wer-sind-wir\/der-vorstand\/#breadcrumb\",\"itemListElement\":[{\"@type\":\"ListItem\",\"position\":1,\"name\":\"Hem\",\"item\":\"https:\/\/annaps.com\/de\/\"},{\"@type\":\"ListItem\",\"position\":2,\"name\":\"\u00dcber AnnaPS\",\"item\":\"https:\/\/annaps.com\/de\/ueber-annaps\/\"},{\"@type\":\"ListItem\",\"position\":3,\"name\":\"Wer sind wir?\",\"item\":\"https:\/\/annaps.com\/de\/ueber-annaps\/wer-sind-wir\/\"},{\"@type\":\"ListItem\",\"position\":4,\"name\":\"Der Vorstand\"}]},{\"@type\":\"WebSite\",\"@id\":\"https:\/\/annaps.com\/de\/#website\",\"url\":\"https:\/\/annaps.com\/de\/\",\"name\":\"AnnaPS\",\"description\":\"Det skall vara enkelt att b\u00e4ra!\",\"potentialAction\":[{\"@type\":\"SearchAction\",\"target\":{\"@type\":\"EntryPoint\",\"urlTemplate\":\"https:\/\/annaps.com\/de\/?s={search_term_string}\"},\"query-input\":{\"@type\":\"PropertyValueSpecification\",\"valueRequired\":true,\"valueName\":\"search_term_string\"}}],\"inLanguage\":\"de-DE\"}]}<\/script>\n<!-- \/ Yoast SEO plugin. -->","yoast_head_json":{"title":"Vorstand \u2013 wir streben nach einem einfacherem Leben mit Diabetes | AnnaPS","description":"Wir kennen uns aus mit Diabetes, denn es ist ein Teil unseres Lebens. Wir hoffen darauf, dass die Forschung eines Tages eine Heilung f\u00fcr unsere Krankheit findet und versuchen, unseren Beitrag dazu zu geben.","robots":{"index":"index","follow":"follow","max-snippet":"max-snippet:-1","max-image-preview":"max-image-preview:large","max-video-preview":"max-video-preview:-1"},"canonical":"https:\/\/annaps.com\/de\/ueber-annaps\/wer-sind-wir\/der-vorstand\/","og_locale":"de_DE","og_type":"article","og_title":"Vorstand \u2013 wir streben nach einem einfacherem Leben mit Diabetes | AnnaPS","og_description":"Wir kennen uns aus mit Diabetes, denn es ist ein Teil unseres Lebens. Wir hoffen darauf, dass die Forschung eines Tages eine Heilung f\u00fcr unsere Krankheit findet und versuchen, unseren Beitrag dazu zu geben.","og_url":"https:\/\/annaps.com\/de\/ueber-annaps\/wer-sind-wir\/der-vorstand\/","og_site_name":"AnnaPS","article_publisher":"https:\/\/www.facebook.com\/annaps.scandinavia\/","article_modified_time":"2018-10-25T07:15:53+00:00","twitter_card":"summary_large_image","twitter_misc":{"Est. reading time":"1 minute"},"schema":{"@context":"https:\/\/schema.org","@graph":[{"@type":"WebPage","@id":"https:\/\/annaps.com\/de\/ueber-annaps\/wer-sind-wir\/der-vorstand\/","url":"https:\/\/annaps.com\/de\/ueber-annaps\/wer-sind-wir\/der-vorstand\/","name":"Vorstand \u2013 wir streben nach einem einfacherem Leben mit Diabetes | AnnaPS","isPartOf":{"@id":"https:\/\/annaps.com\/de\/#website"},"datePublished":"2016-01-21T10:23:07+00:00","dateModified":"2018-10-25T07:15:53+00:00","description":"Wir kennen uns aus mit Diabetes, denn es ist ein Teil unseres Lebens. Wir hoffen darauf, dass die Forschung eines Tages eine Heilung f\u00fcr unsere Krankheit findet und versuchen, unseren Beitrag dazu zu geben.","breadcrumb":{"@id":"https:\/\/annaps.com\/de\/ueber-annaps\/wer-sind-wir\/der-vorstand\/#breadcrumb"},"inLanguage":"de-DE","potentialAction":[{"@type":"ReadAction","target":["https:\/\/annaps.com\/de\/ueber-annaps\/wer-sind-wir\/der-vorstand\/"]}]},{"@type":"BreadcrumbList","@id":"https:\/\/annaps.com\/de\/ueber-annaps\/wer-sind-wir\/der-vorstand\/#breadcrumb","itemListElement":[{"@type":"ListItem","position":1,"name":"Hem","item":"https:\/\/annaps.com\/de\/"},{"@type":"ListItem","position":2,"name":"\u00dcber AnnaPS","item":"https:\/\/annaps.com\/de\/ueber-annaps\/"},{"@type":"ListItem","position":3,"name":"Wer sind wir?","item":"https:\/\/annaps.com\/de\/ueber-annaps\/wer-sind-wir\/"},{"@type":"ListItem","position":4,"name":"Der Vorstand"}]},{"@type":"WebSite","@id":"https:\/\/annaps.com\/de\/#website","url":"https:\/\/annaps.com\/de\/","name":"AnnaPS","description":"Det skall vara enkelt att b\u00e4ra!","potentialAction":[{"@type":"SearchAction","target":{"@type":"EntryPoint","urlTemplate":"https:\/\/annaps.com\/de\/?s={search_term_string}"},"query-input":{"@type":"PropertyValueSpecification","valueRequired":true,"valueName":"search_term_string"}}],"inLanguage":"de-DE"}]}},"_links":{"self":[{"href":"https:\/\/annaps.com\/de\/wp-json\/wp\/v2\/pages\/3845","targetHints":{"allow":["GET"]}}],"collection":[{"href":"https:\/\/annaps.com\/de\/wp-json\/wp\/v2\/pages"}],"about":[{"href":"https:\/\/annaps.com\/de\/wp-json\/wp\/v2\/types\/page"}],"author":[{"embeddable":true,"href":"https:\/\/annaps.com\/de\/wp-json\/wp\/v2\/users\/1"}],"replies":[{"embeddable":true,"href":"https:\/\/annaps.com\/de\/wp-json\/wp\/v2\/comments?post=3845"}],"version-history":[{"count":8,"href":"https:\/\/annaps.com\/de\/wp-json\/wp\/v2\/pages\/3845\/revisions"}],"predecessor-version":[{"id":30451,"href":"https:\/\/annaps.com\/de\/wp-json\/wp\/v2\/pages\/3845\/revisions\/30451"}],"up":[{"embeddable":true,"href":"https:\/\/annaps.com\/de\/wp-json\/wp\/v2\/pages\/3839"}],"wp:attachment":[{"href":"https:\/\/annaps.com\/de\/wp-json\/wp\/v2\/media?parent=3845"}],"curies":[{"name":"wp","href":"https:\/\/api.w.org\/{rel}","templated":true}]}}