{"id":3843,"date":"2016-01-21T10:21:00","date_gmt":"2016-01-21T10:21:00","guid":{"rendered":"https:\/\/www.annaps.com\/?page_id=3843&#038;lang=de"},"modified":"2018-10-25T09:15:09","modified_gmt":"2018-10-25T07:15:09","slug":"weitere-kollegen","status":"publish","type":"page","link":"https:\/\/annaps.com\/de\/ueber-annaps\/wer-sind-wir\/weitere-kollegen\/","title":{"rendered":"Weitere Kollegen"},"content":{"rendered":"<p>Gerne m\u00f6chten wir Ihnen unsere Mitarbeiter und Berater vorstellen:<\/p>\n<p><strong>VERMARKTUNG UND LOGISTIK: Per Sj\u00f6berg<\/strong> arbeitet seit 2016 f\u00fcr AnnaPS. Er ist der Ansprechpartner f\u00fcr unsere Wiederverk\u00e4ufer und Kunden, sorgt daf\u00fcr, dass alle ihre Lieferungen erhalten und pflegt unseren Webshop sowie andere Verkaufsstellen.<\/p>\n<p><strong>DESIGN UND FARBEN: Frida Eklund Edman<\/strong> (K\u00fcnstlerische Leitung) hilft uns bei Designs, sprachlicher Gestaltung und Layout. Sie wohnt mit ihrer Familie in \u00d6sthammar, leitet eine Firma namens \u201eModelform\u201c, einen schwedischen Designer Blog, und betreibt den Instagramaccount @fridasfina.<\/p>\n<p><strong>BILDER: Frida Karlsson<\/strong> fotografiert die AnnaPS Produkte und sorgt daf\u00fcr, dass unser Fotomaterial immer aktuell ist. Sie wohnt in \u00d6sthammar.<\/p>\n<p><strong>KOOPERATIONSPARTNER: Sofia Larsson-Stern<\/strong> hat mit uns zusammen das Buch &#8220;We can, want and dare &#8230;and we have type-1 diabetes&#8221; geschrieben. Sie lebt in Gothenburg, dort f\u00fchrt sie auch ihre eigene Firma und ihren Diabetes Blog &#8220;Diabetesia&#8221;. 2008 wurde bei ihr Diabetes diagnostiziert und seitdem engagiert sie sich daf\u00fcr, Kenntnisse \u00fcber die Krankheit in der \u00d6ffentlichkeit bekannt zu machen. Heute kann sie sich gar nicht mehr vorstellen eine Pumpentasche zu benutzen, sondern tr\u00e4gt ihre Insulinpumpe nur noch in AnnaPS Kleidung.<\/p>\n<p>&nbsp;<\/p>\n","protected":false},"excerpt":{"rendered":"<p>Gerne m\u00f6chten wir Ihnen unsere Mitarbeiter und Berater vorstellen: VERMARKTUNG UND LOGISTIK: Per Sj\u00f6berg arbeitet seit 2016 f\u00fcr AnnaPS. Er ist der Ansprechpartner f\u00fcr unsere Wiederverk\u00e4ufer und Kunden, sorgt daf\u00fcr, dass alle ihre Lieferungen erhalten und pflegt unseren Webshop sowie andere Verkaufsstellen. DESIGN UND FARBEN: Frida Eklund Edman (K\u00fcnstlerische Leitung) hilft uns bei Designs, sprachlicher [&hellip;]<\/p>\n","protected":false},"author":1,"featured_media":0,"parent":3839,"menu_order":3,"comment_status":"closed","ping_status":"closed","template":"","meta":{"_acf_changed":false,"footnotes":""},"class_list":["post-3843","page","type-page","status-publish","hentry"],"acf":[],"yoast_head":"<!-- This site is optimized with the Yoast SEO plugin v27.1.1 - https:\/\/yoast.com\/product\/yoast-seo-wordpress\/ -->\n<title>Weitere Mitarbeiter \u2013 F\u00fcr den Fortschritt von Diabeteskleidung | AnnaPS<\/title>\n<meta name=\"description\" content=\"Bei AnnaPS arbeiten alle Kollegen dabei, die bestm\u00f6gliche Diabeteskleidung zu entwickeln. Besuch unsere Internetseite f\u00fcr mehr Informationen \u00fcber uns und unsere Produkte. Herzlich Willkommen!\" \/>\n<meta name=\"robots\" content=\"index, follow, max-snippet:-1, max-image-preview:large, max-video-preview:-1\" \/>\n<link rel=\"canonical\" href=\"https:\/\/annaps.com\/de\/ueber-annaps\/wer-sind-wir\/weitere-kollegen\/\" \/>\n<meta property=\"og:locale\" content=\"de_DE\" \/>\n<meta property=\"og:type\" content=\"article\" \/>\n<meta property=\"og:title\" content=\"Weitere Mitarbeiter \u2013 F\u00fcr den Fortschritt von Diabeteskleidung | AnnaPS\" \/>\n<meta property=\"og:description\" content=\"Bei AnnaPS arbeiten alle Kollegen dabei, die bestm\u00f6gliche Diabeteskleidung zu entwickeln. Besuch unsere Internetseite f\u00fcr mehr Informationen \u00fcber uns und unsere Produkte. Herzlich Willkommen!\" \/>\n<meta property=\"og:url\" content=\"https:\/\/annaps.com\/de\/ueber-annaps\/wer-sind-wir\/weitere-kollegen\/\" \/>\n<meta property=\"og:site_name\" content=\"AnnaPS\" \/>\n<meta property=\"article:publisher\" content=\"https:\/\/www.facebook.com\/annaps.scandinavia\/\" \/>\n<meta property=\"article:modified_time\" content=\"2018-10-25T07:15:09+00:00\" \/>\n<meta name=\"twitter:card\" content=\"summary_large_image\" \/>\n<meta name=\"twitter:label1\" content=\"Est. reading time\" \/>\n\t<meta name=\"twitter:data1\" content=\"1 minute\" \/>\n<script type=\"application\/ld+json\" class=\"yoast-schema-graph\">{\"@context\":\"https:\/\/schema.org\",\"@graph\":[{\"@type\":\"WebPage\",\"@id\":\"https:\/\/annaps.com\/de\/ueber-annaps\/wer-sind-wir\/weitere-kollegen\/\",\"url\":\"https:\/\/annaps.com\/de\/ueber-annaps\/wer-sind-wir\/weitere-kollegen\/\",\"name\":\"Weitere Mitarbeiter \u2013 F\u00fcr den Fortschritt von Diabeteskleidung | AnnaPS\",\"isPartOf\":{\"@id\":\"https:\/\/annaps.com\/de\/#website\"},\"datePublished\":\"2016-01-21T10:21:00+00:00\",\"dateModified\":\"2018-10-25T07:15:09+00:00\",\"description\":\"Bei AnnaPS arbeiten alle Kollegen dabei, die bestm\u00f6gliche Diabeteskleidung zu entwickeln. Besuch unsere Internetseite f\u00fcr mehr Informationen \u00fcber uns und unsere Produkte. Herzlich Willkommen!\",\"breadcrumb\":{\"@id\":\"https:\/\/annaps.com\/de\/ueber-annaps\/wer-sind-wir\/weitere-kollegen\/#breadcrumb\"},\"inLanguage\":\"de-DE\",\"potentialAction\":[{\"@type\":\"ReadAction\",\"target\":[\"https:\/\/annaps.com\/de\/ueber-annaps\/wer-sind-wir\/weitere-kollegen\/\"]}]},{\"@type\":\"BreadcrumbList\",\"@id\":\"https:\/\/annaps.com\/de\/ueber-annaps\/wer-sind-wir\/weitere-kollegen\/#breadcrumb\",\"itemListElement\":[{\"@type\":\"ListItem\",\"position\":1,\"name\":\"Hem\",\"item\":\"https:\/\/annaps.com\/de\/\"},{\"@type\":\"ListItem\",\"position\":2,\"name\":\"\u00dcber AnnaPS\",\"item\":\"https:\/\/annaps.com\/de\/ueber-annaps\/\"},{\"@type\":\"ListItem\",\"position\":3,\"name\":\"Wer sind wir?\",\"item\":\"https:\/\/annaps.com\/de\/ueber-annaps\/wer-sind-wir\/\"},{\"@type\":\"ListItem\",\"position\":4,\"name\":\"Weitere Kollegen\"}]},{\"@type\":\"WebSite\",\"@id\":\"https:\/\/annaps.com\/de\/#website\",\"url\":\"https:\/\/annaps.com\/de\/\",\"name\":\"AnnaPS\",\"description\":\"Det skall vara enkelt att b\u00e4ra!\",\"potentialAction\":[{\"@type\":\"SearchAction\",\"target\":{\"@type\":\"EntryPoint\",\"urlTemplate\":\"https:\/\/annaps.com\/de\/?s={search_term_string}\"},\"query-input\":{\"@type\":\"PropertyValueSpecification\",\"valueRequired\":true,\"valueName\":\"search_term_string\"}}],\"inLanguage\":\"de-DE\"}]}<\/script>\n<!-- \/ Yoast SEO plugin. -->","yoast_head_json":{"title":"Weitere Mitarbeiter \u2013 F\u00fcr den Fortschritt von Diabeteskleidung | AnnaPS","description":"Bei AnnaPS arbeiten alle Kollegen dabei, die bestm\u00f6gliche Diabeteskleidung zu entwickeln. Besuch unsere Internetseite f\u00fcr mehr Informationen \u00fcber uns und unsere Produkte. Herzlich Willkommen!","robots":{"index":"index","follow":"follow","max-snippet":"max-snippet:-1","max-image-preview":"max-image-preview:large","max-video-preview":"max-video-preview:-1"},"canonical":"https:\/\/annaps.com\/de\/ueber-annaps\/wer-sind-wir\/weitere-kollegen\/","og_locale":"de_DE","og_type":"article","og_title":"Weitere Mitarbeiter \u2013 F\u00fcr den Fortschritt von Diabeteskleidung | AnnaPS","og_description":"Bei AnnaPS arbeiten alle Kollegen dabei, die bestm\u00f6gliche Diabeteskleidung zu entwickeln. Besuch unsere Internetseite f\u00fcr mehr Informationen \u00fcber uns und unsere Produkte. Herzlich Willkommen!","og_url":"https:\/\/annaps.com\/de\/ueber-annaps\/wer-sind-wir\/weitere-kollegen\/","og_site_name":"AnnaPS","article_publisher":"https:\/\/www.facebook.com\/annaps.scandinavia\/","article_modified_time":"2018-10-25T07:15:09+00:00","twitter_card":"summary_large_image","twitter_misc":{"Est. reading time":"1 minute"},"schema":{"@context":"https:\/\/schema.org","@graph":[{"@type":"WebPage","@id":"https:\/\/annaps.com\/de\/ueber-annaps\/wer-sind-wir\/weitere-kollegen\/","url":"https:\/\/annaps.com\/de\/ueber-annaps\/wer-sind-wir\/weitere-kollegen\/","name":"Weitere Mitarbeiter \u2013 F\u00fcr den Fortschritt von Diabeteskleidung | AnnaPS","isPartOf":{"@id":"https:\/\/annaps.com\/de\/#website"},"datePublished":"2016-01-21T10:21:00+00:00","dateModified":"2018-10-25T07:15:09+00:00","description":"Bei AnnaPS arbeiten alle Kollegen dabei, die bestm\u00f6gliche Diabeteskleidung zu entwickeln. Besuch unsere Internetseite f\u00fcr mehr Informationen \u00fcber uns und unsere Produkte. Herzlich Willkommen!","breadcrumb":{"@id":"https:\/\/annaps.com\/de\/ueber-annaps\/wer-sind-wir\/weitere-kollegen\/#breadcrumb"},"inLanguage":"de-DE","potentialAction":[{"@type":"ReadAction","target":["https:\/\/annaps.com\/de\/ueber-annaps\/wer-sind-wir\/weitere-kollegen\/"]}]},{"@type":"BreadcrumbList","@id":"https:\/\/annaps.com\/de\/ueber-annaps\/wer-sind-wir\/weitere-kollegen\/#breadcrumb","itemListElement":[{"@type":"ListItem","position":1,"name":"Hem","item":"https:\/\/annaps.com\/de\/"},{"@type":"ListItem","position":2,"name":"\u00dcber AnnaPS","item":"https:\/\/annaps.com\/de\/ueber-annaps\/"},{"@type":"ListItem","position":3,"name":"Wer sind wir?","item":"https:\/\/annaps.com\/de\/ueber-annaps\/wer-sind-wir\/"},{"@type":"ListItem","position":4,"name":"Weitere Kollegen"}]},{"@type":"WebSite","@id":"https:\/\/annaps.com\/de\/#website","url":"https:\/\/annaps.com\/de\/","name":"AnnaPS","description":"Det skall vara enkelt att b\u00e4ra!","potentialAction":[{"@type":"SearchAction","target":{"@type":"EntryPoint","urlTemplate":"https:\/\/annaps.com\/de\/?s={search_term_string}"},"query-input":{"@type":"PropertyValueSpecification","valueRequired":true,"valueName":"search_term_string"}}],"inLanguage":"de-DE"}]}},"_links":{"self":[{"href":"https:\/\/annaps.com\/de\/wp-json\/wp\/v2\/pages\/3843","targetHints":{"allow":["GET"]}}],"collection":[{"href":"https:\/\/annaps.com\/de\/wp-json\/wp\/v2\/pages"}],"about":[{"href":"https:\/\/annaps.com\/de\/wp-json\/wp\/v2\/types\/page"}],"author":[{"embeddable":true,"href":"https:\/\/annaps.com\/de\/wp-json\/wp\/v2\/users\/1"}],"replies":[{"embeddable":true,"href":"https:\/\/annaps.com\/de\/wp-json\/wp\/v2\/comments?post=3843"}],"version-history":[{"count":8,"href":"https:\/\/annaps.com\/de\/wp-json\/wp\/v2\/pages\/3843\/revisions"}],"predecessor-version":[{"id":30448,"href":"https:\/\/annaps.com\/de\/wp-json\/wp\/v2\/pages\/3843\/revisions\/30448"}],"up":[{"embeddable":true,"href":"https:\/\/annaps.com\/de\/wp-json\/wp\/v2\/pages\/3839"}],"wp:attachment":[{"href":"https:\/\/annaps.com\/de\/wp-json\/wp\/v2\/media?parent=3843"}],"curies":[{"name":"wp","href":"https:\/\/api.w.org\/{rel}","templated":true}]}}