{"id":3841,"date":"2016-01-21T10:17:43","date_gmt":"2016-01-21T10:17:43","guid":{"rendered":"https:\/\/www.annaps.com\/?page_id=3841&#038;lang=de"},"modified":"2019-04-23T11:54:43","modified_gmt":"2019-04-23T09:54:43","slug":"anna-sjoeberg","status":"publish","type":"page","link":"https:\/\/annaps.com\/de\/ueber-annaps\/wer-sind-wir\/anna-sjoeberg\/","title":{"rendered":"Anna Sj\u00f6berg"},"content":{"rendered":"<p><span style=\"font-weight: 400;\"><strong>Anna Sj\u00f6berg (Firmenchefin und -gr\u00fcnderin)<\/strong>:<\/span><\/p>\n<p><span style=\"font-weight: 400;\">Anna f\u00fchrt AnnaPS als Firmenchefin und leitet daher auch den gr\u00f6\u00dften Teil der Firma. Dazu geh\u00f6ren Entwicklung und Design, Auftr\u00e4ge und Abwicklung, Internetshop, soziale Medien, Fotos und Treffen mit anderen Diabetikern. Anna lebt in \u00d6sthammar in der N\u00e4he von Uppsala in Schweden. Sie ist verheiratet mit Per und hat zwei Kinder. Au\u00dferdem hat sie einen Abschluss als Ingenieurin und in ihrer Laufbahn in verschiedenen schwedischen Industrieunternehmen als Produktionsmanagerin gearbeitet. Anna hat seit 1998 Typ 1 Diabetes. Als sie 2009 ihre erste Pumpe bekam fiel ihr sofort auf, dass es keine angenehme M\u00f6glichkeit gab die Pumpe zu tragen, au\u00dfer in Pumpentaschen, und gr\u00fcndete daraufhin AnnaPS. Anna war schon immer sehr aktiv, auch privat, zum Beispiel als Coach und Kindertrainerin. Sie hat sich nie durch Diabetes davon abhalten lassen, sich sportlich zu bet\u00e4tigen und sie m\u00f6chte andere Diabetiker dazu ermuntern, das Gleiche zu tun!<\/span><\/p>\n<p>&nbsp;<\/p>\n","protected":false},"excerpt":{"rendered":"<p>Anna Sj\u00f6berg (Firmenchefin und -gr\u00fcnderin): Anna f\u00fchrt AnnaPS als Firmenchefin und leitet daher auch den gr\u00f6\u00dften Teil der Firma. Dazu geh\u00f6ren Entwicklung und Design, Auftr\u00e4ge und Abwicklung, Internetshop, soziale Medien, Fotos und Treffen mit anderen Diabetikern. Anna lebt in \u00d6sthammar in der N\u00e4he von Uppsala in Schweden. Sie ist verheiratet mit Per und hat zwei [&hellip;]<\/p>\n","protected":false},"author":1,"featured_media":0,"parent":3839,"menu_order":2,"comment_status":"closed","ping_status":"closed","template":"","meta":{"_acf_changed":false,"footnotes":""},"class_list":["post-3841","page","type-page","status-publish","hentry"],"acf":[],"yoast_head":"<!-- This site is optimized with the Yoast SEO plugin v27.1.1 - https:\/\/yoast.com\/product\/yoast-seo-wordpress\/ -->\n<title>Anna &amp; Sofia verhelfen Diabetikern zu einem einfacherem Leben | AnnaPS<\/title>\n<meta name=\"description\" content=\"Wir, die diese Kleidungsst\u00fccke entwickelt haben, haben selber Diabetes. Wir wissen wie es ist, die Pumpentasche zu vergessen oder zu verlegen. Damit das nicht mehr passiert, gibt es nun Diabeteskleidung mit Taschen!\" \/>\n<meta name=\"robots\" content=\"index, follow, max-snippet:-1, max-image-preview:large, max-video-preview:-1\" \/>\n<link rel=\"canonical\" href=\"https:\/\/annaps.com\/de\/ueber-annaps\/wer-sind-wir\/anna-sjoeberg\/\" \/>\n<meta property=\"og:locale\" content=\"de_DE\" \/>\n<meta property=\"og:type\" content=\"article\" \/>\n<meta property=\"og:title\" content=\"Anna &amp; Sofia verhelfen Diabetikern zu einem einfacherem Leben | AnnaPS\" \/>\n<meta property=\"og:description\" content=\"Wir, die diese Kleidungsst\u00fccke entwickelt haben, haben selber Diabetes. Wir wissen wie es ist, die Pumpentasche zu vergessen oder zu verlegen. Damit das nicht mehr passiert, gibt es nun Diabeteskleidung mit Taschen!\" \/>\n<meta property=\"og:url\" content=\"https:\/\/annaps.com\/de\/ueber-annaps\/wer-sind-wir\/anna-sjoeberg\/\" \/>\n<meta property=\"og:site_name\" content=\"AnnaPS\" \/>\n<meta property=\"article:publisher\" content=\"https:\/\/www.facebook.com\/annaps.scandinavia\/\" \/>\n<meta property=\"article:modified_time\" content=\"2019-04-23T09:54:43+00:00\" \/>\n<meta name=\"twitter:card\" content=\"summary_large_image\" \/>\n<meta name=\"twitter:label1\" content=\"Est. reading time\" \/>\n\t<meta name=\"twitter:data1\" content=\"1 minute\" \/>\n<script type=\"application\/ld+json\" class=\"yoast-schema-graph\">{\"@context\":\"https:\/\/schema.org\",\"@graph\":[{\"@type\":\"WebPage\",\"@id\":\"https:\/\/annaps.com\/de\/ueber-annaps\/wer-sind-wir\/anna-sjoeberg\/\",\"url\":\"https:\/\/annaps.com\/de\/ueber-annaps\/wer-sind-wir\/anna-sjoeberg\/\",\"name\":\"Anna & Sofia verhelfen Diabetikern zu einem einfacherem Leben | AnnaPS\",\"isPartOf\":{\"@id\":\"https:\/\/annaps.com\/de\/#website\"},\"datePublished\":\"2016-01-21T10:17:43+00:00\",\"dateModified\":\"2019-04-23T09:54:43+00:00\",\"description\":\"Wir, die diese Kleidungsst\u00fccke entwickelt haben, haben selber Diabetes. Wir wissen wie es ist, die Pumpentasche zu vergessen oder zu verlegen. Damit das nicht mehr passiert, gibt es nun Diabeteskleidung mit Taschen!\",\"breadcrumb\":{\"@id\":\"https:\/\/annaps.com\/de\/ueber-annaps\/wer-sind-wir\/anna-sjoeberg\/#breadcrumb\"},\"inLanguage\":\"de-DE\",\"potentialAction\":[{\"@type\":\"ReadAction\",\"target\":[\"https:\/\/annaps.com\/de\/ueber-annaps\/wer-sind-wir\/anna-sjoeberg\/\"]}]},{\"@type\":\"BreadcrumbList\",\"@id\":\"https:\/\/annaps.com\/de\/ueber-annaps\/wer-sind-wir\/anna-sjoeberg\/#breadcrumb\",\"itemListElement\":[{\"@type\":\"ListItem\",\"position\":1,\"name\":\"Hem\",\"item\":\"https:\/\/annaps.com\/de\/\"},{\"@type\":\"ListItem\",\"position\":2,\"name\":\"\u00dcber AnnaPS\",\"item\":\"https:\/\/annaps.com\/de\/ueber-annaps\/\"},{\"@type\":\"ListItem\",\"position\":3,\"name\":\"Wer sind wir?\",\"item\":\"https:\/\/annaps.com\/de\/ueber-annaps\/wer-sind-wir\/\"},{\"@type\":\"ListItem\",\"position\":4,\"name\":\"Anna Sj\u00f6berg\"}]},{\"@type\":\"WebSite\",\"@id\":\"https:\/\/annaps.com\/de\/#website\",\"url\":\"https:\/\/annaps.com\/de\/\",\"name\":\"AnnaPS\",\"description\":\"Det skall vara enkelt att b\u00e4ra!\",\"potentialAction\":[{\"@type\":\"SearchAction\",\"target\":{\"@type\":\"EntryPoint\",\"urlTemplate\":\"https:\/\/annaps.com\/de\/?s={search_term_string}\"},\"query-input\":{\"@type\":\"PropertyValueSpecification\",\"valueRequired\":true,\"valueName\":\"search_term_string\"}}],\"inLanguage\":\"de-DE\"}]}<\/script>\n<!-- \/ Yoast SEO plugin. -->","yoast_head_json":{"title":"Anna & Sofia verhelfen Diabetikern zu einem einfacherem Leben | AnnaPS","description":"Wir, die diese Kleidungsst\u00fccke entwickelt haben, haben selber Diabetes. Wir wissen wie es ist, die Pumpentasche zu vergessen oder zu verlegen. Damit das nicht mehr passiert, gibt es nun Diabeteskleidung mit Taschen!","robots":{"index":"index","follow":"follow","max-snippet":"max-snippet:-1","max-image-preview":"max-image-preview:large","max-video-preview":"max-video-preview:-1"},"canonical":"https:\/\/annaps.com\/de\/ueber-annaps\/wer-sind-wir\/anna-sjoeberg\/","og_locale":"de_DE","og_type":"article","og_title":"Anna & Sofia verhelfen Diabetikern zu einem einfacherem Leben | AnnaPS","og_description":"Wir, die diese Kleidungsst\u00fccke entwickelt haben, haben selber Diabetes. Wir wissen wie es ist, die Pumpentasche zu vergessen oder zu verlegen. Damit das nicht mehr passiert, gibt es nun Diabeteskleidung mit Taschen!","og_url":"https:\/\/annaps.com\/de\/ueber-annaps\/wer-sind-wir\/anna-sjoeberg\/","og_site_name":"AnnaPS","article_publisher":"https:\/\/www.facebook.com\/annaps.scandinavia\/","article_modified_time":"2019-04-23T09:54:43+00:00","twitter_card":"summary_large_image","twitter_misc":{"Est. reading time":"1 minute"},"schema":{"@context":"https:\/\/schema.org","@graph":[{"@type":"WebPage","@id":"https:\/\/annaps.com\/de\/ueber-annaps\/wer-sind-wir\/anna-sjoeberg\/","url":"https:\/\/annaps.com\/de\/ueber-annaps\/wer-sind-wir\/anna-sjoeberg\/","name":"Anna & Sofia verhelfen Diabetikern zu einem einfacherem Leben | AnnaPS","isPartOf":{"@id":"https:\/\/annaps.com\/de\/#website"},"datePublished":"2016-01-21T10:17:43+00:00","dateModified":"2019-04-23T09:54:43+00:00","description":"Wir, die diese Kleidungsst\u00fccke entwickelt haben, haben selber Diabetes. Wir wissen wie es ist, die Pumpentasche zu vergessen oder zu verlegen. Damit das nicht mehr passiert, gibt es nun Diabeteskleidung mit Taschen!","breadcrumb":{"@id":"https:\/\/annaps.com\/de\/ueber-annaps\/wer-sind-wir\/anna-sjoeberg\/#breadcrumb"},"inLanguage":"de-DE","potentialAction":[{"@type":"ReadAction","target":["https:\/\/annaps.com\/de\/ueber-annaps\/wer-sind-wir\/anna-sjoeberg\/"]}]},{"@type":"BreadcrumbList","@id":"https:\/\/annaps.com\/de\/ueber-annaps\/wer-sind-wir\/anna-sjoeberg\/#breadcrumb","itemListElement":[{"@type":"ListItem","position":1,"name":"Hem","item":"https:\/\/annaps.com\/de\/"},{"@type":"ListItem","position":2,"name":"\u00dcber AnnaPS","item":"https:\/\/annaps.com\/de\/ueber-annaps\/"},{"@type":"ListItem","position":3,"name":"Wer sind wir?","item":"https:\/\/annaps.com\/de\/ueber-annaps\/wer-sind-wir\/"},{"@type":"ListItem","position":4,"name":"Anna Sj\u00f6berg"}]},{"@type":"WebSite","@id":"https:\/\/annaps.com\/de\/#website","url":"https:\/\/annaps.com\/de\/","name":"AnnaPS","description":"Det skall vara enkelt att b\u00e4ra!","potentialAction":[{"@type":"SearchAction","target":{"@type":"EntryPoint","urlTemplate":"https:\/\/annaps.com\/de\/?s={search_term_string}"},"query-input":{"@type":"PropertyValueSpecification","valueRequired":true,"valueName":"search_term_string"}}],"inLanguage":"de-DE"}]}},"_links":{"self":[{"href":"https:\/\/annaps.com\/de\/wp-json\/wp\/v2\/pages\/3841","targetHints":{"allow":["GET"]}}],"collection":[{"href":"https:\/\/annaps.com\/de\/wp-json\/wp\/v2\/pages"}],"about":[{"href":"https:\/\/annaps.com\/de\/wp-json\/wp\/v2\/types\/page"}],"author":[{"embeddable":true,"href":"https:\/\/annaps.com\/de\/wp-json\/wp\/v2\/users\/1"}],"replies":[{"embeddable":true,"href":"https:\/\/annaps.com\/de\/wp-json\/wp\/v2\/comments?post=3841"}],"version-history":[{"count":5,"href":"https:\/\/annaps.com\/de\/wp-json\/wp\/v2\/pages\/3841\/revisions"}],"predecessor-version":[{"id":33511,"href":"https:\/\/annaps.com\/de\/wp-json\/wp\/v2\/pages\/3841\/revisions\/33511"}],"up":[{"embeddable":true,"href":"https:\/\/annaps.com\/de\/wp-json\/wp\/v2\/pages\/3839"}],"wp:attachment":[{"href":"https:\/\/annaps.com\/de\/wp-json\/wp\/v2\/media?parent=3841"}],"curies":[{"name":"wp","href":"https:\/\/api.w.org\/{rel}","templated":true}]}}