{"id":3839,"date":"2016-01-21T10:06:48","date_gmt":"2016-01-21T10:06:48","guid":{"rendered":"https:\/\/www.annaps.com\/?page_id=3839&#038;lang=de"},"modified":"2018-10-25T09:13:12","modified_gmt":"2018-10-25T07:13:12","slug":"wer-sind-wir","status":"publish","type":"page","link":"https:\/\/annaps.com\/de\/ueber-annaps\/wer-sind-wir\/","title":{"rendered":"Wer sind wir?"},"content":{"rendered":"<p><span style=\"font-weight: 400;\">Das AnnaPS Team ist zwar recht klein, aber sehr effektiv und arbeitet von verschiedenen Teilen Schwedens aus. Im Folgenden finden Sie eine kurze Beschreibung von uns. Aber scheuen Sie sich nicht, direkt mit uns in Kontakt zu treten, wenn Sie mehr \u00fcber uns erfahren m\u00f6chten!<\/span><\/p>\n","protected":false},"excerpt":{"rendered":"<p>Das AnnaPS Team ist zwar recht klein, aber sehr effektiv und arbeitet von verschiedenen Teilen Schwedens aus. Im Folgenden finden Sie eine kurze Beschreibung von uns. Aber scheuen Sie sich nicht, direkt mit uns in Kontakt zu treten, wenn Sie mehr \u00fcber uns erfahren m\u00f6chten!<\/p>\n","protected":false},"author":1,"featured_media":0,"parent":6453,"menu_order":4,"comment_status":"closed","ping_status":"closed","template":"","meta":{"_acf_changed":false,"footnotes":""},"class_list":["post-3839","page","type-page","status-publish","hentry"],"acf":[],"yoast_head":"<!-- This site is optimized with the Yoast SEO plugin v27.1.1 - https:\/\/yoast.com\/product\/yoast-seo-wordpress\/ -->\n<title>Diabeteskleidung mit Taschen f\u00fcr ein leichteres Leben mit Diabetes | AnnaPS<\/title>\n<meta name=\"description\" content=\"Wir haben Kleidung entwickelt, die genau auf Deine Bed\u00fcrfnisse als Diabetiker zugeschnitten ist. Kleidungsst\u00fccke f\u00fcr Damen, Herren und Kinder, die die Diabetestasche im Alltag, beim Training oder beim Schwimmen \u00fcberfl\u00fcssig machen.\" \/>\n<meta name=\"robots\" content=\"index, follow, max-snippet:-1, max-image-preview:large, max-video-preview:-1\" \/>\n<link rel=\"canonical\" href=\"https:\/\/annaps.com\/de\/ueber-annaps\/wer-sind-wir\/\" \/>\n<meta property=\"og:locale\" content=\"de_DE\" \/>\n<meta property=\"og:type\" content=\"article\" \/>\n<meta property=\"og:title\" content=\"Diabeteskleidung mit Taschen f\u00fcr ein leichteres Leben mit Diabetes | AnnaPS\" \/>\n<meta property=\"og:description\" content=\"Wir haben Kleidung entwickelt, die genau auf Deine Bed\u00fcrfnisse als Diabetiker zugeschnitten ist. Kleidungsst\u00fccke f\u00fcr Damen, Herren und Kinder, die die Diabetestasche im Alltag, beim Training oder beim Schwimmen \u00fcberfl\u00fcssig machen.\" \/>\n<meta property=\"og:url\" content=\"https:\/\/annaps.com\/de\/ueber-annaps\/wer-sind-wir\/\" \/>\n<meta property=\"og:site_name\" content=\"AnnaPS\" \/>\n<meta property=\"article:publisher\" content=\"https:\/\/www.facebook.com\/annaps.scandinavia\/\" \/>\n<meta property=\"article:modified_time\" content=\"2018-10-25T07:13:12+00:00\" \/>\n<meta name=\"twitter:card\" content=\"summary_large_image\" \/>\n<script type=\"application\/ld+json\" class=\"yoast-schema-graph\">{\"@context\":\"https:\/\/schema.org\",\"@graph\":[{\"@type\":\"WebPage\",\"@id\":\"https:\/\/annaps.com\/de\/ueber-annaps\/wer-sind-wir\/\",\"url\":\"https:\/\/annaps.com\/de\/ueber-annaps\/wer-sind-wir\/\",\"name\":\"Diabeteskleidung mit Taschen f\u00fcr ein leichteres Leben mit Diabetes | AnnaPS\",\"isPartOf\":{\"@id\":\"https:\/\/annaps.com\/de\/#website\"},\"datePublished\":\"2016-01-21T10:06:48+00:00\",\"dateModified\":\"2018-10-25T07:13:12+00:00\",\"description\":\"Wir haben Kleidung entwickelt, die genau auf Deine Bed\u00fcrfnisse als Diabetiker zugeschnitten ist. Kleidungsst\u00fccke f\u00fcr Damen, Herren und Kinder, die die Diabetestasche im Alltag, beim Training oder beim Schwimmen \u00fcberfl\u00fcssig machen.\",\"breadcrumb\":{\"@id\":\"https:\/\/annaps.com\/de\/ueber-annaps\/wer-sind-wir\/#breadcrumb\"},\"inLanguage\":\"de-DE\",\"potentialAction\":[{\"@type\":\"ReadAction\",\"target\":[\"https:\/\/annaps.com\/de\/ueber-annaps\/wer-sind-wir\/\"]}]},{\"@type\":\"BreadcrumbList\",\"@id\":\"https:\/\/annaps.com\/de\/ueber-annaps\/wer-sind-wir\/#breadcrumb\",\"itemListElement\":[{\"@type\":\"ListItem\",\"position\":1,\"name\":\"Hem\",\"item\":\"https:\/\/annaps.com\/de\/\"},{\"@type\":\"ListItem\",\"position\":2,\"name\":\"\u00dcber AnnaPS\",\"item\":\"https:\/\/annaps.com\/de\/ueber-annaps\/\"},{\"@type\":\"ListItem\",\"position\":3,\"name\":\"Wer sind wir?\"}]},{\"@type\":\"WebSite\",\"@id\":\"https:\/\/annaps.com\/de\/#website\",\"url\":\"https:\/\/annaps.com\/de\/\",\"name\":\"AnnaPS\",\"description\":\"Det skall vara enkelt att b\u00e4ra!\",\"potentialAction\":[{\"@type\":\"SearchAction\",\"target\":{\"@type\":\"EntryPoint\",\"urlTemplate\":\"https:\/\/annaps.com\/de\/?s={search_term_string}\"},\"query-input\":{\"@type\":\"PropertyValueSpecification\",\"valueRequired\":true,\"valueName\":\"search_term_string\"}}],\"inLanguage\":\"de-DE\"}]}<\/script>\n<!-- \/ Yoast SEO plugin. -->","yoast_head_json":{"title":"Diabeteskleidung mit Taschen f\u00fcr ein leichteres Leben mit Diabetes | AnnaPS","description":"Wir haben Kleidung entwickelt, die genau auf Deine Bed\u00fcrfnisse als Diabetiker zugeschnitten ist. Kleidungsst\u00fccke f\u00fcr Damen, Herren und Kinder, die die Diabetestasche im Alltag, beim Training oder beim Schwimmen \u00fcberfl\u00fcssig machen.","robots":{"index":"index","follow":"follow","max-snippet":"max-snippet:-1","max-image-preview":"max-image-preview:large","max-video-preview":"max-video-preview:-1"},"canonical":"https:\/\/annaps.com\/de\/ueber-annaps\/wer-sind-wir\/","og_locale":"de_DE","og_type":"article","og_title":"Diabeteskleidung mit Taschen f\u00fcr ein leichteres Leben mit Diabetes | AnnaPS","og_description":"Wir haben Kleidung entwickelt, die genau auf Deine Bed\u00fcrfnisse als Diabetiker zugeschnitten ist. Kleidungsst\u00fccke f\u00fcr Damen, Herren und Kinder, die die Diabetestasche im Alltag, beim Training oder beim Schwimmen \u00fcberfl\u00fcssig machen.","og_url":"https:\/\/annaps.com\/de\/ueber-annaps\/wer-sind-wir\/","og_site_name":"AnnaPS","article_publisher":"https:\/\/www.facebook.com\/annaps.scandinavia\/","article_modified_time":"2018-10-25T07:13:12+00:00","twitter_card":"summary_large_image","schema":{"@context":"https:\/\/schema.org","@graph":[{"@type":"WebPage","@id":"https:\/\/annaps.com\/de\/ueber-annaps\/wer-sind-wir\/","url":"https:\/\/annaps.com\/de\/ueber-annaps\/wer-sind-wir\/","name":"Diabeteskleidung mit Taschen f\u00fcr ein leichteres Leben mit Diabetes | AnnaPS","isPartOf":{"@id":"https:\/\/annaps.com\/de\/#website"},"datePublished":"2016-01-21T10:06:48+00:00","dateModified":"2018-10-25T07:13:12+00:00","description":"Wir haben Kleidung entwickelt, die genau auf Deine Bed\u00fcrfnisse als Diabetiker zugeschnitten ist. Kleidungsst\u00fccke f\u00fcr Damen, Herren und Kinder, die die Diabetestasche im Alltag, beim Training oder beim Schwimmen \u00fcberfl\u00fcssig machen.","breadcrumb":{"@id":"https:\/\/annaps.com\/de\/ueber-annaps\/wer-sind-wir\/#breadcrumb"},"inLanguage":"de-DE","potentialAction":[{"@type":"ReadAction","target":["https:\/\/annaps.com\/de\/ueber-annaps\/wer-sind-wir\/"]}]},{"@type":"BreadcrumbList","@id":"https:\/\/annaps.com\/de\/ueber-annaps\/wer-sind-wir\/#breadcrumb","itemListElement":[{"@type":"ListItem","position":1,"name":"Hem","item":"https:\/\/annaps.com\/de\/"},{"@type":"ListItem","position":2,"name":"\u00dcber AnnaPS","item":"https:\/\/annaps.com\/de\/ueber-annaps\/"},{"@type":"ListItem","position":3,"name":"Wer sind wir?"}]},{"@type":"WebSite","@id":"https:\/\/annaps.com\/de\/#website","url":"https:\/\/annaps.com\/de\/","name":"AnnaPS","description":"Det skall vara enkelt att b\u00e4ra!","potentialAction":[{"@type":"SearchAction","target":{"@type":"EntryPoint","urlTemplate":"https:\/\/annaps.com\/de\/?s={search_term_string}"},"query-input":{"@type":"PropertyValueSpecification","valueRequired":true,"valueName":"search_term_string"}}],"inLanguage":"de-DE"}]}},"_links":{"self":[{"href":"https:\/\/annaps.com\/de\/wp-json\/wp\/v2\/pages\/3839","targetHints":{"allow":["GET"]}}],"collection":[{"href":"https:\/\/annaps.com\/de\/wp-json\/wp\/v2\/pages"}],"about":[{"href":"https:\/\/annaps.com\/de\/wp-json\/wp\/v2\/types\/page"}],"author":[{"embeddable":true,"href":"https:\/\/annaps.com\/de\/wp-json\/wp\/v2\/users\/1"}],"replies":[{"embeddable":true,"href":"https:\/\/annaps.com\/de\/wp-json\/wp\/v2\/comments?post=3839"}],"version-history":[{"count":1,"href":"https:\/\/annaps.com\/de\/wp-json\/wp\/v2\/pages\/3839\/revisions"}],"predecessor-version":[{"id":32142,"href":"https:\/\/annaps.com\/de\/wp-json\/wp\/v2\/pages\/3839\/revisions\/32142"}],"up":[{"embeddable":true,"href":"https:\/\/annaps.com\/de\/wp-json\/wp\/v2\/pages\/6453"}],"wp:attachment":[{"href":"https:\/\/annaps.com\/de\/wp-json\/wp\/v2\/media?parent=3839"}],"curies":[{"name":"wp","href":"https:\/\/api.w.org\/{rel}","templated":true}]}}