{"id":3837,"date":"2016-01-21T10:04:28","date_gmt":"2016-01-21T10:04:28","guid":{"rendered":"https:\/\/www.annaps.com\/?page_id=3837&#038;lang=de"},"modified":"2018-10-25T09:12:19","modified_gmt":"2018-10-25T07:12:19","slug":"was-uns-antreibt","status":"publish","type":"page","link":"https:\/\/annaps.com\/de\/ueber-annaps\/was-uns-antreibt\/","title":{"rendered":"Was uns antreibt"},"content":{"rendered":"<p><span style=\"font-weight: 400;\">AnnaPS wurde gegr\u00fcndet und wird gef\u00fchrt von Typ 1 Diabetikern. Wir wissen wie es ist, ein Leben zu f\u00fchren, das aus Nadelstichen, Planung, Kohlenhydrate z\u00e4hlen\u00a0 und einer nie endenden, festen Struktur besteht. Das ist nicht immer einfach und das ist der Grund, weshalb wir unseren Teil dazu beitragen wollen denen zu helfen, die dieses Schicksal mit uns teilen.<\/span><\/p>\n<p><span style=\"font-weight: 400;\">Sie m\u00fcssen keine Pumpentasche verwenden \u2013 tragen Sie Ihre Pumpe stattdessen einfach in der AnnaPS Kleidung!<\/span><\/p>\n","protected":false},"excerpt":{"rendered":"<p>AnnaPS wurde gegr\u00fcndet und wird gef\u00fchrt von Typ 1 Diabetikern. Wir wissen wie es ist, ein Leben zu f\u00fchren, das aus Nadelstichen, Planung, Kohlenhydrate z\u00e4hlen\u00a0 und einer nie endenden, festen Struktur besteht. Das ist nicht immer einfach und das ist der Grund, weshalb wir unseren Teil dazu beitragen wollen denen zu helfen, die dieses Schicksal [&hellip;]<\/p>\n","protected":false},"author":1,"featured_media":0,"parent":6453,"menu_order":2,"comment_status":"closed","ping_status":"closed","template":"","meta":{"_acf_changed":false,"footnotes":""},"class_list":["post-3837","page","type-page","status-publish","hentry"],"acf":[],"yoast_head":"<!-- This site is optimized with the Yoast SEO plugin v27.1.1 - https:\/\/yoast.com\/product\/yoast-seo-wordpress\/ -->\n<title>Leben mit Diabetes \u2013 Wir wollen Deinen Alltag vereinfachen | AnnaPS<\/title>\n<meta name=\"description\" content=\"Verstaue alles was du brauchst in einem AnnaPS Kleidungsst\u00fcck. Du musst nie wieder eine Pumpentasche benutze \u2013 trage Deine Pumpe stattdessen in AnnaPS-Kleidung. Probiere es noch heute aus!\" \/>\n<meta name=\"robots\" content=\"index, follow, max-snippet:-1, max-image-preview:large, max-video-preview:-1\" \/>\n<link rel=\"canonical\" href=\"https:\/\/annaps.com\/de\/ueber-annaps\/was-uns-antreibt\/\" \/>\n<meta property=\"og:locale\" content=\"de_DE\" \/>\n<meta property=\"og:type\" content=\"article\" \/>\n<meta property=\"og:title\" content=\"Leben mit Diabetes \u2013 Wir wollen Deinen Alltag vereinfachen | AnnaPS\" \/>\n<meta property=\"og:description\" content=\"Verstaue alles was du brauchst in einem AnnaPS Kleidungsst\u00fcck. Du musst nie wieder eine Pumpentasche benutze \u2013 trage Deine Pumpe stattdessen in AnnaPS-Kleidung. Probiere es noch heute aus!\" \/>\n<meta property=\"og:url\" content=\"https:\/\/annaps.com\/de\/ueber-annaps\/was-uns-antreibt\/\" \/>\n<meta property=\"og:site_name\" content=\"AnnaPS\" \/>\n<meta property=\"article:publisher\" content=\"https:\/\/www.facebook.com\/annaps.scandinavia\/\" \/>\n<meta property=\"article:modified_time\" content=\"2018-10-25T07:12:19+00:00\" \/>\n<meta name=\"twitter:card\" content=\"summary_large_image\" \/>\n<script type=\"application\/ld+json\" class=\"yoast-schema-graph\">{\"@context\":\"https:\/\/schema.org\",\"@graph\":[{\"@type\":\"WebPage\",\"@id\":\"https:\/\/annaps.com\/de\/ueber-annaps\/was-uns-antreibt\/\",\"url\":\"https:\/\/annaps.com\/de\/ueber-annaps\/was-uns-antreibt\/\",\"name\":\"Leben mit Diabetes \u2013 Wir wollen Deinen Alltag vereinfachen | AnnaPS\",\"isPartOf\":{\"@id\":\"https:\/\/annaps.com\/de\/#website\"},\"datePublished\":\"2016-01-21T10:04:28+00:00\",\"dateModified\":\"2018-10-25T07:12:19+00:00\",\"description\":\"Verstaue alles was du brauchst in einem AnnaPS Kleidungsst\u00fcck. Du musst nie wieder eine Pumpentasche benutze \u2013 trage Deine Pumpe stattdessen in AnnaPS-Kleidung. Probiere es noch heute aus!\",\"breadcrumb\":{\"@id\":\"https:\/\/annaps.com\/de\/ueber-annaps\/was-uns-antreibt\/#breadcrumb\"},\"inLanguage\":\"de-DE\",\"potentialAction\":[{\"@type\":\"ReadAction\",\"target\":[\"https:\/\/annaps.com\/de\/ueber-annaps\/was-uns-antreibt\/\"]}]},{\"@type\":\"BreadcrumbList\",\"@id\":\"https:\/\/annaps.com\/de\/ueber-annaps\/was-uns-antreibt\/#breadcrumb\",\"itemListElement\":[{\"@type\":\"ListItem\",\"position\":1,\"name\":\"Hem\",\"item\":\"https:\/\/annaps.com\/de\/\"},{\"@type\":\"ListItem\",\"position\":2,\"name\":\"\u00dcber AnnaPS\",\"item\":\"https:\/\/annaps.com\/de\/ueber-annaps\/\"},{\"@type\":\"ListItem\",\"position\":3,\"name\":\"Was uns antreibt\"}]},{\"@type\":\"WebSite\",\"@id\":\"https:\/\/annaps.com\/de\/#website\",\"url\":\"https:\/\/annaps.com\/de\/\",\"name\":\"AnnaPS\",\"description\":\"Det skall vara enkelt att b\u00e4ra!\",\"potentialAction\":[{\"@type\":\"SearchAction\",\"target\":{\"@type\":\"EntryPoint\",\"urlTemplate\":\"https:\/\/annaps.com\/de\/?s={search_term_string}\"},\"query-input\":{\"@type\":\"PropertyValueSpecification\",\"valueRequired\":true,\"valueName\":\"search_term_string\"}}],\"inLanguage\":\"de-DE\"}]}<\/script>\n<!-- \/ Yoast SEO plugin. -->","yoast_head_json":{"title":"Leben mit Diabetes \u2013 Wir wollen Deinen Alltag vereinfachen | AnnaPS","description":"Verstaue alles was du brauchst in einem AnnaPS Kleidungsst\u00fcck. Du musst nie wieder eine Pumpentasche benutze \u2013 trage Deine Pumpe stattdessen in AnnaPS-Kleidung. Probiere es noch heute aus!","robots":{"index":"index","follow":"follow","max-snippet":"max-snippet:-1","max-image-preview":"max-image-preview:large","max-video-preview":"max-video-preview:-1"},"canonical":"https:\/\/annaps.com\/de\/ueber-annaps\/was-uns-antreibt\/","og_locale":"de_DE","og_type":"article","og_title":"Leben mit Diabetes \u2013 Wir wollen Deinen Alltag vereinfachen | AnnaPS","og_description":"Verstaue alles was du brauchst in einem AnnaPS Kleidungsst\u00fcck. Du musst nie wieder eine Pumpentasche benutze \u2013 trage Deine Pumpe stattdessen in AnnaPS-Kleidung. Probiere es noch heute aus!","og_url":"https:\/\/annaps.com\/de\/ueber-annaps\/was-uns-antreibt\/","og_site_name":"AnnaPS","article_publisher":"https:\/\/www.facebook.com\/annaps.scandinavia\/","article_modified_time":"2018-10-25T07:12:19+00:00","twitter_card":"summary_large_image","schema":{"@context":"https:\/\/schema.org","@graph":[{"@type":"WebPage","@id":"https:\/\/annaps.com\/de\/ueber-annaps\/was-uns-antreibt\/","url":"https:\/\/annaps.com\/de\/ueber-annaps\/was-uns-antreibt\/","name":"Leben mit Diabetes \u2013 Wir wollen Deinen Alltag vereinfachen | AnnaPS","isPartOf":{"@id":"https:\/\/annaps.com\/de\/#website"},"datePublished":"2016-01-21T10:04:28+00:00","dateModified":"2018-10-25T07:12:19+00:00","description":"Verstaue alles was du brauchst in einem AnnaPS Kleidungsst\u00fcck. Du musst nie wieder eine Pumpentasche benutze \u2013 trage Deine Pumpe stattdessen in AnnaPS-Kleidung. Probiere es noch heute aus!","breadcrumb":{"@id":"https:\/\/annaps.com\/de\/ueber-annaps\/was-uns-antreibt\/#breadcrumb"},"inLanguage":"de-DE","potentialAction":[{"@type":"ReadAction","target":["https:\/\/annaps.com\/de\/ueber-annaps\/was-uns-antreibt\/"]}]},{"@type":"BreadcrumbList","@id":"https:\/\/annaps.com\/de\/ueber-annaps\/was-uns-antreibt\/#breadcrumb","itemListElement":[{"@type":"ListItem","position":1,"name":"Hem","item":"https:\/\/annaps.com\/de\/"},{"@type":"ListItem","position":2,"name":"\u00dcber AnnaPS","item":"https:\/\/annaps.com\/de\/ueber-annaps\/"},{"@type":"ListItem","position":3,"name":"Was uns antreibt"}]},{"@type":"WebSite","@id":"https:\/\/annaps.com\/de\/#website","url":"https:\/\/annaps.com\/de\/","name":"AnnaPS","description":"Det skall vara enkelt att b\u00e4ra!","potentialAction":[{"@type":"SearchAction","target":{"@type":"EntryPoint","urlTemplate":"https:\/\/annaps.com\/de\/?s={search_term_string}"},"query-input":{"@type":"PropertyValueSpecification","valueRequired":true,"valueName":"search_term_string"}}],"inLanguage":"de-DE"}]}},"_links":{"self":[{"href":"https:\/\/annaps.com\/de\/wp-json\/wp\/v2\/pages\/3837","targetHints":{"allow":["GET"]}}],"collection":[{"href":"https:\/\/annaps.com\/de\/wp-json\/wp\/v2\/pages"}],"about":[{"href":"https:\/\/annaps.com\/de\/wp-json\/wp\/v2\/types\/page"}],"author":[{"embeddable":true,"href":"https:\/\/annaps.com\/de\/wp-json\/wp\/v2\/users\/1"}],"replies":[{"embeddable":true,"href":"https:\/\/annaps.com\/de\/wp-json\/wp\/v2\/comments?post=3837"}],"version-history":[{"count":3,"href":"https:\/\/annaps.com\/de\/wp-json\/wp\/v2\/pages\/3837\/revisions"}],"predecessor-version":[{"id":28682,"href":"https:\/\/annaps.com\/de\/wp-json\/wp\/v2\/pages\/3837\/revisions\/28682"}],"up":[{"embeddable":true,"href":"https:\/\/annaps.com\/de\/wp-json\/wp\/v2\/pages\/6453"}],"wp:attachment":[{"href":"https:\/\/annaps.com\/de\/wp-json\/wp\/v2\/media?parent=3837"}],"curies":[{"name":"wp","href":"https:\/\/api.w.org\/{rel}","templated":true}]}}