{"id":30042,"date":"2018-07-25T16:06:48","date_gmt":"2018-07-25T14:06:48","guid":{"rendered":"https:\/\/www.annaps.com\/?page_id=30042"},"modified":"2018-07-25T16:20:37","modified_gmt":"2018-07-25T14:20:37","slug":"sommer-sonne-und-insulinpumpe","status":"publish","type":"page","link":"https:\/\/annaps.com\/de\/sommer-sonne-und-insulinpumpe\/","title":{"rendered":"Sommer, Sonne und&#8230; Insulinpumpe?"},"content":{"rendered":"<p><a href=\"https:\/\/annaps.com\/wordpress\/content\/uploads\/2016\/05\/DSC_0316-kopia.jpg\" rel=\"attachment wp-att-8955\"><img loading=\"lazy\" decoding=\"async\" class=\"aligncenter wp-image-8955 size-full\" src=\"https:\/\/annaps.com\/wordpress\/content\/uploads\/2016\/05\/DSC_0316-kopia.jpg\" alt=\"DSC_0316 kopia\" width=\"3216\" height=\"2136\" srcset=\"https:\/\/annaps.com\/content\/uploads\/2016\/05\/DSC_0316-kopia.jpg 3216w, https:\/\/annaps.com\/content\/uploads\/2016\/05\/DSC_0316-kopia-300x199.jpg 300w, https:\/\/annaps.com\/content\/uploads\/2016\/05\/DSC_0316-kopia-768x510.jpg 768w, https:\/\/annaps.com\/content\/uploads\/2016\/05\/DSC_0316-kopia-1024x680.jpg 1024w, https:\/\/annaps.com\/content\/uploads\/2016\/05\/DSC_0316-kopia-32x20.jpg 32w, https:\/\/annaps.com\/content\/uploads\/2016\/05\/DSC_0316-kopia-870x578.jpg 870w, https:\/\/annaps.com\/content\/uploads\/2016\/05\/DSC_0316-kopia-455x302.jpg 455w, https:\/\/annaps.com\/content\/uploads\/2016\/05\/DSC_0316-kopia-150x100.jpg 150w, https:\/\/annaps.com\/content\/uploads\/2016\/05\/DSC_0316-kopia-55x37.jpg 55w\" sizes=\"auto, (max-width: 3216px) 100vw, 3216px\" \/><\/a><\/p>\n<p><strong>Der Sommer ist herrlich, aber f\u00fcr mit Insulin behandelte Diabetiker kann er auch Probleme mit sich bringen. Daf\u00fcr sorgt allen voran dreierlei: W\u00e4rme, Strand und Wasser.<\/strong><\/p>\n<p><strong>W\u00c4RME:<\/strong> Das Hormon Insulin ist w\u00e4rmeempfindlich. Dadurch kann es wirkungslos werden, wenn es unter zu hoher Temperatur verwahrt wird. Sorge darum immer daf\u00fcr, dass das Insulin an einer kalten Stelle aufbewahrt wird &#8211; beispielsweise im K\u00fchlschrank. Auch das Insulin, das du gerade verwendest, solltest Du bestm\u00f6glich sch\u00fctzen. Egal ob du eine Pumpe nutzt oder Pens, biten AnnaPS-Tanktops und T-Shirts eine Tasche nahe dem K\u00f6rper, sicher und schattig. Denk daran auch den Katheter zu sch\u00fctzen, indem Du ihn an der Innenseite des Kleidungsst\u00fcckes tr\u00e4gst. Wenn du Pens in einer Tragetasche verwahrst, leg eine kalte Getr\u00e4nkeflasche daneben. Alternativ ist es sehr praktisch, eine Tasche mit K\u00fchlfunktion mitzunehmen &#8211; wie zum Beispiel eine Mabox (diese findest Du <a href=\"https:\/\/annaps.com\/wordpress\/de\/produkt-kategori\/zubehoer\/\">hier<\/a> in unserem Webshop). Die W\u00e4rme kann dar\u00fcber hinaus den Blutzuckerspiegel von Diabetikern senken. Das ist uns von AnnaPS passiert, wenn wir uns in extremer W\u00e4rme aufgehalten haben mussten wir die Insulindosis oft ordentlich senken.<\/p>\n<p><strong>STRAND:<\/strong> Manche Diabetiker sind auf dem Weg zum Strand unsicher und m\u00f6chten ihr Infusionsset oder ihren CGM-Sensor ungern \u00f6ffentlich sichtbar tragen. Sie wollen nicht, dass man ihr Diabetes sieht. Wir sagen: Rock es! Zeig der \u00d6ffentlichkeit was f\u00fcr ein &#8220;bionischer&#8221; Held Du bist, und tu das mit Stolz! Du hast nichts, wor\u00fcber Du Dich sch\u00e4men m\u00fcsstest. Die, die Dich darum verurteilen wollen sind die, die sich sch\u00e4men sollten.<\/p>\n<p><strong>WASSER:<\/strong> Schwimmen (oder auch einfaches Herumplanschen im Wasser) l\u00e4sst sich mit leichtem Training vergleichen und kann darum auch Dein Insulinbed\u00fcrfnis senken. Benutzt Du Pens, kannst Du sie an einem schattigem Platz aufbewahren, w\u00e4hrend Du schwimmst.\u00a0 Wenn Du aber eine Pumpe nutzt, musst Du das Insulin m\u00f6glicherweise mitnehmen. Wir von AnnaPS haben einen Weg entwickelt, der es Pumpentr\u00e4gen aller Geschlechter und Altersgruppen erm\u00f6glicht, ihre (wasserfeste) Pumpe am Strand und im Wasser immer bei sich zu haben. AnnaPS-Badekleidung beitzt eine eingen\u00e4hte Tasche, in der die Insulinpumpe sicher verwahrt ist. Du kannst sie entweder mit angeschlossenener Pumpe direkt im Wasser tragen oder eine weitere Badehose darunter anziehen &#8211; und dann die AnnaPS-Hose mit der Pumpe im Schatten lassen, w\u00e4hren Du Dich im Wasser erfrischst. Solltest Du mit einem Boot unterwegs sein, kannst Du die Pumpe, sofern sie nicht selber wasserfest ist, in einem wasserfesten Beh\u00e4lter aufbewahren.<\/p>\n<div id=\"attachment_9001\" style=\"width: 759px\" class=\"wp-caption aligncenter\"><a href=\"https:\/\/annaps.com\/wordpress\/content\/uploads\/2016\/05\/Bada_18.jpg\" rel=\"attachment wp-att-9001\"><img loading=\"lazy\" decoding=\"async\" aria-describedby=\"caption-attachment-9001\" class=\"wp-image-9001 size-full\" src=\"https:\/\/annaps.com\/wordpress\/content\/uploads\/2016\/05\/Bada_18.jpg\" alt=\"Bada_18\" width=\"749\" height=\"244\" srcset=\"https:\/\/annaps.com\/content\/uploads\/2016\/05\/Bada_18.jpg 749w, https:\/\/annaps.com\/content\/uploads\/2016\/05\/Bada_18-300x98.jpg 300w, https:\/\/annaps.com\/content\/uploads\/2016\/05\/Bada_18-455x148.jpg 455w, https:\/\/annaps.com\/content\/uploads\/2016\/05\/Bada_18-55x18.jpg 55w\" sizes=\"auto, (max-width: 749px) 100vw, 749px\" \/><\/a><p id=\"caption-attachment-9001\" class=\"wp-caption-text\">Badekleidung f\u00fcr Kinder, Frauen und M\u00e4nner<\/p><\/div>\n<p><strong>Klick auf <a href=\"https:\/\/annaps.com\/wordpress\/de\/produkt-kategori\/kinder\/\">Kinder<\/a>, <a href=\"https:\/\/annaps.com\/wordpress\/de\/produkt-kategori\/herren\/\">Herren<\/a> oder <a href=\"https:\/\/annaps.com\/wordpress\/de\/produkt-kategori\/damen\/\">Damen<\/a> um zu den Produkten zu gelangen. Dort findest Du auch einige Erkl\u00e4rvideos. Genie\u00df den Sommer!<\/strong><\/p>\n<p><em>Bitte beachte: Diese Tipps kommen von Diabetikern f\u00fcr Diabetiker. Wir sind nicht medizinisch ausgebildet.<\/em><\/p>\n","protected":false},"excerpt":{"rendered":"<p>Der Sommer ist herrlich, aber f\u00fcr mit Insulin behandelte Diabetiker kann er auch Probleme mit sich bringen. Daf\u00fcr sorgt allen voran dreierlei: W\u00e4rme, Strand und Wasser. W\u00c4RME: Das Hormon Insulin ist w\u00e4rmeempfindlich. Dadurch kann es wirkungslos werden, wenn es unter zu hoher Temperatur verwahrt wird. Sorge darum immer daf\u00fcr, dass das Insulin an einer kalten [&hellip;]<\/p>\n","protected":false},"author":479,"featured_media":0,"parent":0,"menu_order":35,"comment_status":"closed","ping_status":"closed","template":"","meta":{"_acf_changed":false,"footnotes":""},"class_list":["post-30042","page","type-page","status-publish","hentry"],"acf":[],"yoast_head":"<!-- This site is optimized with the Yoast SEO plugin v27.1.1 - https:\/\/yoast.com\/product\/yoast-seo-wordpress\/ -->\n<title>Sommer, Sonne und... Insulinpumpe? - AnnaPS<\/title>\n<meta name=\"description\" content=\"AnnaPS makes clothes with integrated pockets to carry your diabetes devices such as insulin pump, pen and glucose meter. Stylish, high quality, functional and environmental focus.\" \/>\n<meta name=\"robots\" content=\"index, follow, max-snippet:-1, max-image-preview:large, max-video-preview:-1\" \/>\n<link rel=\"canonical\" href=\"https:\/\/annaps.com\/de\/sommer-sonne-und-insulinpumpe\/\" \/>\n<meta property=\"og:locale\" content=\"de_DE\" \/>\n<meta property=\"og:type\" content=\"article\" \/>\n<meta property=\"og:title\" content=\"Sommer, Sonne und... Insulinpumpe? - AnnaPS\" \/>\n<meta property=\"og:description\" content=\"AnnaPS makes clothes with integrated pockets to carry your diabetes devices such as insulin pump, pen and glucose meter. Stylish, high quality, functional and environmental focus.\" \/>\n<meta property=\"og:url\" content=\"https:\/\/annaps.com\/de\/sommer-sonne-und-insulinpumpe\/\" \/>\n<meta property=\"og:site_name\" content=\"AnnaPS\" \/>\n<meta property=\"article:publisher\" content=\"https:\/\/www.facebook.com\/annaps.scandinavia\/\" \/>\n<meta property=\"article:modified_time\" content=\"2018-07-25T14:20:37+00:00\" \/>\n<meta property=\"og:image\" content=\"https:\/\/annaps.com\/wordpress\/content\/uploads\/2016\/05\/DSC_0316-kopia.jpg\" \/>\n<meta name=\"twitter:card\" content=\"summary_large_image\" \/>\n<meta name=\"twitter:label1\" content=\"Est. reading time\" \/>\n\t<meta name=\"twitter:data1\" content=\"2 minutes\" \/>\n<script type=\"application\/ld+json\" class=\"yoast-schema-graph\">{\"@context\":\"https:\/\/schema.org\",\"@graph\":[{\"@type\":\"WebPage\",\"@id\":\"https:\/\/annaps.com\/de\/sommer-sonne-und-insulinpumpe\/\",\"url\":\"https:\/\/annaps.com\/de\/sommer-sonne-und-insulinpumpe\/\",\"name\":\"Sommer, Sonne und... Insulinpumpe? - AnnaPS\",\"isPartOf\":{\"@id\":\"https:\/\/annaps.com\/de\/#website\"},\"primaryImageOfPage\":{\"@id\":\"https:\/\/annaps.com\/de\/sommer-sonne-und-insulinpumpe\/#primaryimage\"},\"image\":{\"@id\":\"https:\/\/annaps.com\/de\/sommer-sonne-und-insulinpumpe\/#primaryimage\"},\"thumbnailUrl\":\"https:\/\/annaps.com\/wordpress\/content\/uploads\/2016\/05\/DSC_0316-kopia.jpg\",\"datePublished\":\"2018-07-25T14:06:48+00:00\",\"dateModified\":\"2018-07-25T14:20:37+00:00\",\"description\":\"AnnaPS makes clothes with integrated pockets to carry your diabetes devices such as insulin pump, pen and glucose meter. Stylish, high quality, functional and environmental focus.\",\"breadcrumb\":{\"@id\":\"https:\/\/annaps.com\/de\/sommer-sonne-und-insulinpumpe\/#breadcrumb\"},\"inLanguage\":\"de-DE\",\"potentialAction\":[{\"@type\":\"ReadAction\",\"target\":[\"https:\/\/annaps.com\/de\/sommer-sonne-und-insulinpumpe\/\"]}]},{\"@type\":\"ImageObject\",\"inLanguage\":\"de-DE\",\"@id\":\"https:\/\/annaps.com\/de\/sommer-sonne-und-insulinpumpe\/#primaryimage\",\"url\":\"https:\/\/annaps.com\/wordpress\/content\/uploads\/2016\/05\/DSC_0316-kopia.jpg\",\"contentUrl\":\"https:\/\/annaps.com\/wordpress\/content\/uploads\/2016\/05\/DSC_0316-kopia.jpg\"},{\"@type\":\"BreadcrumbList\",\"@id\":\"https:\/\/annaps.com\/de\/sommer-sonne-und-insulinpumpe\/#breadcrumb\",\"itemListElement\":[{\"@type\":\"ListItem\",\"position\":1,\"name\":\"Hem\",\"item\":\"https:\/\/annaps.com\/de\/\"},{\"@type\":\"ListItem\",\"position\":2,\"name\":\"Sommer, Sonne und&#8230; Insulinpumpe?\"}]},{\"@type\":\"WebSite\",\"@id\":\"https:\/\/annaps.com\/de\/#website\",\"url\":\"https:\/\/annaps.com\/de\/\",\"name\":\"AnnaPS\",\"description\":\"Det skall vara enkelt att b\u00e4ra!\",\"potentialAction\":[{\"@type\":\"SearchAction\",\"target\":{\"@type\":\"EntryPoint\",\"urlTemplate\":\"https:\/\/annaps.com\/de\/?s={search_term_string}\"},\"query-input\":{\"@type\":\"PropertyValueSpecification\",\"valueRequired\":true,\"valueName\":\"search_term_string\"}}],\"inLanguage\":\"de-DE\"}]}<\/script>\n<!-- \/ Yoast SEO plugin. -->","yoast_head_json":{"title":"Sommer, Sonne und... Insulinpumpe? - AnnaPS","description":"AnnaPS makes clothes with integrated pockets to carry your diabetes devices such as insulin pump, pen and glucose meter. Stylish, high quality, functional and environmental focus.","robots":{"index":"index","follow":"follow","max-snippet":"max-snippet:-1","max-image-preview":"max-image-preview:large","max-video-preview":"max-video-preview:-1"},"canonical":"https:\/\/annaps.com\/de\/sommer-sonne-und-insulinpumpe\/","og_locale":"de_DE","og_type":"article","og_title":"Sommer, Sonne und... Insulinpumpe? - AnnaPS","og_description":"AnnaPS makes clothes with integrated pockets to carry your diabetes devices such as insulin pump, pen and glucose meter. Stylish, high quality, functional and environmental focus.","og_url":"https:\/\/annaps.com\/de\/sommer-sonne-und-insulinpumpe\/","og_site_name":"AnnaPS","article_publisher":"https:\/\/www.facebook.com\/annaps.scandinavia\/","article_modified_time":"2018-07-25T14:20:37+00:00","og_image":[{"url":"https:\/\/annaps.com\/wordpress\/content\/uploads\/2016\/05\/DSC_0316-kopia.jpg","type":"","width":"","height":""}],"twitter_card":"summary_large_image","twitter_misc":{"Est. reading time":"2 minutes"},"schema":{"@context":"https:\/\/schema.org","@graph":[{"@type":"WebPage","@id":"https:\/\/annaps.com\/de\/sommer-sonne-und-insulinpumpe\/","url":"https:\/\/annaps.com\/de\/sommer-sonne-und-insulinpumpe\/","name":"Sommer, Sonne und... Insulinpumpe? - AnnaPS","isPartOf":{"@id":"https:\/\/annaps.com\/de\/#website"},"primaryImageOfPage":{"@id":"https:\/\/annaps.com\/de\/sommer-sonne-und-insulinpumpe\/#primaryimage"},"image":{"@id":"https:\/\/annaps.com\/de\/sommer-sonne-und-insulinpumpe\/#primaryimage"},"thumbnailUrl":"https:\/\/annaps.com\/wordpress\/content\/uploads\/2016\/05\/DSC_0316-kopia.jpg","datePublished":"2018-07-25T14:06:48+00:00","dateModified":"2018-07-25T14:20:37+00:00","description":"AnnaPS makes clothes with integrated pockets to carry your diabetes devices such as insulin pump, pen and glucose meter. Stylish, high quality, functional and environmental focus.","breadcrumb":{"@id":"https:\/\/annaps.com\/de\/sommer-sonne-und-insulinpumpe\/#breadcrumb"},"inLanguage":"de-DE","potentialAction":[{"@type":"ReadAction","target":["https:\/\/annaps.com\/de\/sommer-sonne-und-insulinpumpe\/"]}]},{"@type":"ImageObject","inLanguage":"de-DE","@id":"https:\/\/annaps.com\/de\/sommer-sonne-und-insulinpumpe\/#primaryimage","url":"https:\/\/annaps.com\/wordpress\/content\/uploads\/2016\/05\/DSC_0316-kopia.jpg","contentUrl":"https:\/\/annaps.com\/wordpress\/content\/uploads\/2016\/05\/DSC_0316-kopia.jpg"},{"@type":"BreadcrumbList","@id":"https:\/\/annaps.com\/de\/sommer-sonne-und-insulinpumpe\/#breadcrumb","itemListElement":[{"@type":"ListItem","position":1,"name":"Hem","item":"https:\/\/annaps.com\/de\/"},{"@type":"ListItem","position":2,"name":"Sommer, Sonne und&#8230; Insulinpumpe?"}]},{"@type":"WebSite","@id":"https:\/\/annaps.com\/de\/#website","url":"https:\/\/annaps.com\/de\/","name":"AnnaPS","description":"Det skall vara enkelt att b\u00e4ra!","potentialAction":[{"@type":"SearchAction","target":{"@type":"EntryPoint","urlTemplate":"https:\/\/annaps.com\/de\/?s={search_term_string}"},"query-input":{"@type":"PropertyValueSpecification","valueRequired":true,"valueName":"search_term_string"}}],"inLanguage":"de-DE"}]}},"_links":{"self":[{"href":"https:\/\/annaps.com\/de\/wp-json\/wp\/v2\/pages\/30042","targetHints":{"allow":["GET"]}}],"collection":[{"href":"https:\/\/annaps.com\/de\/wp-json\/wp\/v2\/pages"}],"about":[{"href":"https:\/\/annaps.com\/de\/wp-json\/wp\/v2\/types\/page"}],"author":[{"embeddable":true,"href":"https:\/\/annaps.com\/de\/wp-json\/wp\/v2\/users\/479"}],"replies":[{"embeddable":true,"href":"https:\/\/annaps.com\/de\/wp-json\/wp\/v2\/comments?post=30042"}],"version-history":[{"count":3,"href":"https:\/\/annaps.com\/de\/wp-json\/wp\/v2\/pages\/30042\/revisions"}],"predecessor-version":[{"id":30053,"href":"https:\/\/annaps.com\/de\/wp-json\/wp\/v2\/pages\/30042\/revisions\/30053"}],"wp:attachment":[{"href":"https:\/\/annaps.com\/de\/wp-json\/wp\/v2\/media?parent=30042"}],"curies":[{"name":"wp","href":"https:\/\/api.w.org\/{rel}","templated":true}]}}