{"id":29958,"date":"2018-07-15T21:43:12","date_gmt":"2018-07-15T19:43:12","guid":{"rendered":"https:\/\/www.annaps.com\/?page_id=29958"},"modified":"2020-11-18T16:57:29","modified_gmt":"2020-11-18T15:57:29","slug":"koepvillkor","status":"publish","type":"page","link":"https:\/\/annaps.com\/de\/koepvillkor\/","title":{"rendered":"Kaufbedingungen"},"content":{"rendered":"<p>Facilitate Partner AB (556788-7384) betreibt das unternehmen mit der Marke Anna PS. Die Firma ist registriert in \u00d6sthammar, Schweden. Die Kaufbedingungen f\u00fcr unseren Webshop lauten wie unten aufgelistet. Aus juristischen Gr\u00fcnden muss der Kunde\/ die Kundin mindesten 18 Jahre alt sein um einen Kauf im AnnaPS Webshop durchzuf\u00fchren. Personen unter 18 Jahren ben\u00f6tigen die Erlaubnis eines Vormundes. Bei eventuellem Streit wird AnnaPSden Empfehlungen der ARN Allm\u00e4nna Reklamationsn\u00e4mndens (allgemeines Reklamationskommitee) folgen.<\/p>\n<ul>\n<li><span style=\"font-weight: 400;\"><strong>PREISEN<\/strong>:<\/span><span style=\"font-weight: 400;\"> Alle Preisen inkludieren 25% MwSt.<\/span><\/li>\n<\/ul>\n<p>&nbsp;<\/p>\n<ul>\n<li style=\"font-weight: 400;\"><span style=\"font-weight: 400;\"><strong>KAUF<\/strong>:<\/span><span style=\"font-weight: 400;\"> Bei einer Bestellung von Waren bei AnnaPS ist der Kauf erst mit Erhalt der von AnnaPS versendeten Best\u00e4tigung abgeschlossen, die an die vom kunden angegebene E-Mailadresse verschickt wird. Die Best\u00e4tigung wird sp\u00e4testen 24 Stunden nach Empfang der Bestellung durch annaPS verschickt. An Wochenenden und Feiertagen erfolgt die Best\u00e4tigung sp\u00e4testens bis 18:00 Uhr am folgenden Arbeitstag. Eine Bestellung kann nur best\u00e4tigt werden, wenn AnnaPS die Wohnadresse des Kunden \/der Kundin vorliegt.<\/span><\/li>\n<\/ul>\n<p>&nbsp;<\/p>\n<ul>\n<li style=\"font-weight: 400;\"><span style=\"font-weight: 400;\"><strong>AUSVERKAUF\/ANGEBOTE<\/strong>: <\/span><span style=\"font-weight: 400;\">Ausverk\u00e4ufe gelten nur, solange der Vorrat reicht. Ein Angebot ohne ausdr\u00fcckliches Enddatum gilt, solange der Vorrat reicht. Angebote mit Enddatum gelten solange der Vorrat reicht oder bis zum angegebenen Enddatum.<\/span><\/li>\n<\/ul>\n<p>&nbsp;<\/p>\n<ul>\n<li><span style=\"font-weight: 400;\"><strong>BESTELLBESCHEINIGUNG:<\/strong> Wenn wir Ihre Bestellung empfangen haben, sicken wir so beld wie m\u00f6glich eine Bekr\u00e4ftigung via E-Mail mit Informationen zu Ihrer Bestellung. Kontrollieren Sie Ihre Bestellbescheinigung und stellen Sie sicher, dass die angegebenen Informationen korrekt sind. Bei eventuellen Unklarheiten wenden Sie sich bitte unmittelbar an unseren kundenservice. Speichern Sie die Bestellbescheinigung um sie und Ihre Bestellungsnummer bei eventuellem Kontakt mit dem Kundendienst zur Hand zu haben. M\u00f6chten Sie ihren Kauf annulieren oder \u00e4ndern, so m\u00fcssen Sie uns dieses so bald wie m\u00f6glich mitteilen.<\/span><\/li>\n<\/ul>\n<p>&nbsp;<\/p>\n<ul>\n<li><strong>R\u00dcCKGABE<\/strong>\u00a0Nat\u00fcrlich freuen wir uns nicht, bis Sie es sind! Wenn Sie mit Ihrem Kauf bei uns unter www.annaps.com nicht vollst\u00e4ndig zufrieden sind, k\u00f6nnen Sie die Produkte jederzeit innerhalb von 30 Tagen nach Erhalt der Produkte zur\u00fcckgeben. Wir erstatten alle Produkte, die im Originalzustand und in der Originalverpackung an uns zur\u00fcckgesandt werden. F\u00fcr eine schnellere Bearbeitung sind wir dankbar, dass Sie Ihrem R\u00fccksendepaket einen Hinweis mit Ihrem Namen, Ihrer Bestellnummer und dem Grund f\u00fcr die R\u00fccksendung beif\u00fcgen. <strong>HINWEIS<\/strong>: Unterw\u00e4sche sind Hygieneprodukten und wir akzeptieren keine R\u00fccksendungen, bei denen die Verpackung besch\u00e4digt ist, unabh\u00e4ngig davon, ob sie ausprobiert wurden oder nicht.<\/li>\n<\/ul>\n<p>&nbsp;<\/p>\n<ol>\n<li>Legen Sie die Produkte, die Sie zur\u00fccksenden m\u00f6chten, in ein Paket. (Alle Unterw\u00e4sche muss im Originalzustand unbenutzt sein.)<\/li>\n<li>F\u00fcgen Sie dem Paket einer Notiz \u00fcber Ihre Bestellnummer, die von Ihnen zur\u00fcckgesendeten Produkte und den Grund f\u00fcr die R\u00fccksendung bei.<\/li>\n<li>Sie sind f\u00fcr die R\u00fccksendekosten und das Paket verantwortlich, bis es uns unter der unten angegebenen Adresse erreicht.<\/li>\n<\/ol>\n<p>Adressiere das Retourenpaket an:<\/p>\n<p>AnnaPS<\/p>\n<p>Eds\u00e5sdalen, Krokv\u00e4gen 3<\/p>\n<p>837 96 Unders\u00e5ker<\/p>\n<p>SCHWEDEN<\/p>\n","protected":false},"excerpt":{"rendered":"<p>Facilitate Partner AB (556788-7384) betreibt das unternehmen mit der Marke Anna PS. Die Firma ist registriert in \u00d6sthammar, Schweden. Die Kaufbedingungen f\u00fcr unseren Webshop lauten wie unten aufgelistet. Aus juristischen Gr\u00fcnden muss der Kunde\/ die Kundin mindesten 18 Jahre alt sein um einen Kauf im AnnaPS Webshop durchzuf\u00fchren. Personen unter 18 Jahren ben\u00f6tigen die Erlaubnis [&hellip;]<\/p>\n","protected":false},"author":479,"featured_media":0,"parent":0,"menu_order":80,"comment_status":"closed","ping_status":"closed","template":"","meta":{"_acf_changed":false,"footnotes":""},"class_list":["post-29958","page","type-page","status-publish","hentry"],"acf":[],"yoast_head":"<!-- This site is optimized with the Yoast SEO plugin v27.1.1 - https:\/\/yoast.com\/product\/yoast-seo-wordpress\/ -->\n<title>Kaufbedingungen - AnnaPS<\/title>\n<meta name=\"description\" content=\"AnnaPS makes clothes with integrated pockets to carry your diabetes devices such as insulin pump, pen and glucose meter. Stylish, high quality, functional and environmental focus.\" \/>\n<meta name=\"robots\" content=\"index, follow, max-snippet:-1, max-image-preview:large, max-video-preview:-1\" \/>\n<link rel=\"canonical\" href=\"https:\/\/annaps.com\/de\/koepvillkor\/\" \/>\n<meta property=\"og:locale\" content=\"de_DE\" \/>\n<meta property=\"og:type\" content=\"article\" \/>\n<meta property=\"og:title\" content=\"Kaufbedingungen - AnnaPS\" \/>\n<meta property=\"og:description\" content=\"AnnaPS makes clothes with integrated pockets to carry your diabetes devices such as insulin pump, pen and glucose meter. Stylish, high quality, functional and environmental focus.\" \/>\n<meta property=\"og:url\" content=\"https:\/\/annaps.com\/de\/koepvillkor\/\" \/>\n<meta property=\"og:site_name\" content=\"AnnaPS\" \/>\n<meta property=\"article:publisher\" content=\"https:\/\/www.facebook.com\/annaps.scandinavia\/\" \/>\n<meta property=\"article:modified_time\" content=\"2020-11-18T15:57:29+00:00\" \/>\n<meta name=\"twitter:card\" content=\"summary_large_image\" \/>\n<meta name=\"twitter:label1\" content=\"Est. reading time\" \/>\n\t<meta name=\"twitter:data1\" content=\"2 minutes\" \/>\n<script type=\"application\/ld+json\" class=\"yoast-schema-graph\">{\"@context\":\"https:\/\/schema.org\",\"@graph\":[{\"@type\":\"WebPage\",\"@id\":\"https:\/\/annaps.com\/de\/koepvillkor\/\",\"url\":\"https:\/\/annaps.com\/de\/koepvillkor\/\",\"name\":\"Kaufbedingungen - AnnaPS\",\"isPartOf\":{\"@id\":\"https:\/\/annaps.com\/de\/#website\"},\"datePublished\":\"2018-07-15T19:43:12+00:00\",\"dateModified\":\"2020-11-18T15:57:29+00:00\",\"description\":\"AnnaPS makes clothes with integrated pockets to carry your diabetes devices such as insulin pump, pen and glucose meter. Stylish, high quality, functional and environmental focus.\",\"breadcrumb\":{\"@id\":\"https:\/\/annaps.com\/de\/koepvillkor\/#breadcrumb\"},\"inLanguage\":\"de-DE\",\"potentialAction\":[{\"@type\":\"ReadAction\",\"target\":[\"https:\/\/annaps.com\/de\/koepvillkor\/\"]}]},{\"@type\":\"BreadcrumbList\",\"@id\":\"https:\/\/annaps.com\/de\/koepvillkor\/#breadcrumb\",\"itemListElement\":[{\"@type\":\"ListItem\",\"position\":1,\"name\":\"Hem\",\"item\":\"https:\/\/annaps.com\/de\/\"},{\"@type\":\"ListItem\",\"position\":2,\"name\":\"Kaufbedingungen\"}]},{\"@type\":\"WebSite\",\"@id\":\"https:\/\/annaps.com\/de\/#website\",\"url\":\"https:\/\/annaps.com\/de\/\",\"name\":\"AnnaPS\",\"description\":\"Det skall vara enkelt att b\u00e4ra!\",\"potentialAction\":[{\"@type\":\"SearchAction\",\"target\":{\"@type\":\"EntryPoint\",\"urlTemplate\":\"https:\/\/annaps.com\/de\/?s={search_term_string}\"},\"query-input\":{\"@type\":\"PropertyValueSpecification\",\"valueRequired\":true,\"valueName\":\"search_term_string\"}}],\"inLanguage\":\"de-DE\"}]}<\/script>\n<!-- \/ Yoast SEO plugin. -->","yoast_head_json":{"title":"Kaufbedingungen - AnnaPS","description":"AnnaPS makes clothes with integrated pockets to carry your diabetes devices such as insulin pump, pen and glucose meter. Stylish, high quality, functional and environmental focus.","robots":{"index":"index","follow":"follow","max-snippet":"max-snippet:-1","max-image-preview":"max-image-preview:large","max-video-preview":"max-video-preview:-1"},"canonical":"https:\/\/annaps.com\/de\/koepvillkor\/","og_locale":"de_DE","og_type":"article","og_title":"Kaufbedingungen - AnnaPS","og_description":"AnnaPS makes clothes with integrated pockets to carry your diabetes devices such as insulin pump, pen and glucose meter. Stylish, high quality, functional and environmental focus.","og_url":"https:\/\/annaps.com\/de\/koepvillkor\/","og_site_name":"AnnaPS","article_publisher":"https:\/\/www.facebook.com\/annaps.scandinavia\/","article_modified_time":"2020-11-18T15:57:29+00:00","twitter_card":"summary_large_image","twitter_misc":{"Est. reading time":"2 minutes"},"schema":{"@context":"https:\/\/schema.org","@graph":[{"@type":"WebPage","@id":"https:\/\/annaps.com\/de\/koepvillkor\/","url":"https:\/\/annaps.com\/de\/koepvillkor\/","name":"Kaufbedingungen - AnnaPS","isPartOf":{"@id":"https:\/\/annaps.com\/de\/#website"},"datePublished":"2018-07-15T19:43:12+00:00","dateModified":"2020-11-18T15:57:29+00:00","description":"AnnaPS makes clothes with integrated pockets to carry your diabetes devices such as insulin pump, pen and glucose meter. Stylish, high quality, functional and environmental focus.","breadcrumb":{"@id":"https:\/\/annaps.com\/de\/koepvillkor\/#breadcrumb"},"inLanguage":"de-DE","potentialAction":[{"@type":"ReadAction","target":["https:\/\/annaps.com\/de\/koepvillkor\/"]}]},{"@type":"BreadcrumbList","@id":"https:\/\/annaps.com\/de\/koepvillkor\/#breadcrumb","itemListElement":[{"@type":"ListItem","position":1,"name":"Hem","item":"https:\/\/annaps.com\/de\/"},{"@type":"ListItem","position":2,"name":"Kaufbedingungen"}]},{"@type":"WebSite","@id":"https:\/\/annaps.com\/de\/#website","url":"https:\/\/annaps.com\/de\/","name":"AnnaPS","description":"Det skall vara enkelt att b\u00e4ra!","potentialAction":[{"@type":"SearchAction","target":{"@type":"EntryPoint","urlTemplate":"https:\/\/annaps.com\/de\/?s={search_term_string}"},"query-input":{"@type":"PropertyValueSpecification","valueRequired":true,"valueName":"search_term_string"}}],"inLanguage":"de-DE"}]}},"_links":{"self":[{"href":"https:\/\/annaps.com\/de\/wp-json\/wp\/v2\/pages\/29958","targetHints":{"allow":["GET"]}}],"collection":[{"href":"https:\/\/annaps.com\/de\/wp-json\/wp\/v2\/pages"}],"about":[{"href":"https:\/\/annaps.com\/de\/wp-json\/wp\/v2\/types\/page"}],"author":[{"embeddable":true,"href":"https:\/\/annaps.com\/de\/wp-json\/wp\/v2\/users\/479"}],"replies":[{"embeddable":true,"href":"https:\/\/annaps.com\/de\/wp-json\/wp\/v2\/comments?post=29958"}],"version-history":[{"count":5,"href":"https:\/\/annaps.com\/de\/wp-json\/wp\/v2\/pages\/29958\/revisions"}],"predecessor-version":[{"id":39977,"href":"https:\/\/annaps.com\/de\/wp-json\/wp\/v2\/pages\/29958\/revisions\/39977"}],"wp:attachment":[{"href":"https:\/\/annaps.com\/de\/wp-json\/wp\/v2\/media?parent=29958"}],"curies":[{"name":"wp","href":"https:\/\/api.w.org\/{rel}","templated":true}]}}