{"id":29957,"date":"2018-07-15T22:01:20","date_gmt":"2018-07-15T20:01:20","guid":{"rendered":"https:\/\/www.annaps.com\/?page_id=29957"},"modified":"2018-07-15T22:02:27","modified_gmt":"2018-07-15T20:02:27","slug":"versteck-deine-insulinpumpe","status":"publish","type":"page","link":"https:\/\/annaps.com\/de\/versteck-deine-insulinpumpe\/","title":{"rendered":"Versteck Deine Insulinpumpe"},"content":{"rendered":"<p><span style=\"font-weight: 400;\">Willst du nicht auffallen mit Deiner Insulinpumpe? Ist eine Pumpentasche zu indiskret? In dem Fall empfehlen wir Dir, trage Deine Pumpe in der AnnaPS-Kleidung mit integrierten Taschen! Schlafe ungest\u00f6rt und sicher, zieh Dich um in der Umkleidekabine, verbringe leichtbekleidet einen Tag am Strand ohne Deine Insulinpumpe zeigen zu m\u00fcssen. Behalte die Pumpe zun\u00e4chst in der Tasche, wenn Du dich umziehst. Steck sie dann in das neue Kleidungsst\u00fcck und zieh es an &#8211; niemand wird Deine Pumpe sehen!<\/span><\/p>\n","protected":false},"excerpt":{"rendered":"<p>Willst du nicht auffallen mit Deiner Insulinpumpe? Ist eine Pumpentasche zu indiskret? In dem Fall empfehlen wir Dir, trage Deine Pumpe in der AnnaPS-Kleidung mit integrierten Taschen! Schlafe ungest\u00f6rt und sicher, zieh Dich um in der Umkleidekabine, verbringe leichtbekleidet einen Tag am Strand ohne Deine Insulinpumpe zeigen zu m\u00fcssen. Behalte die Pumpe zun\u00e4chst in der [&hellip;]<\/p>\n","protected":false},"author":479,"featured_media":0,"parent":0,"menu_order":84,"comment_status":"closed","ping_status":"closed","template":"","meta":{"_acf_changed":false,"footnotes":""},"class_list":["post-29957","page","type-page","status-publish","hentry"],"acf":[],"yoast_head":"<!-- This site is optimized with the Yoast SEO plugin v27.1.1 - https:\/\/yoast.com\/product\/yoast-seo-wordpress\/ -->\n<title>Versteck Deine Insulinpumpe - AnnaPS<\/title>\n<meta name=\"description\" content=\"AnnaPS makes clothes with integrated pockets to carry your diabetes devices such as insulin pump, pen and glucose meter. Stylish, high quality, functional and environmental focus.\" \/>\n<meta name=\"robots\" content=\"index, follow, max-snippet:-1, max-image-preview:large, max-video-preview:-1\" \/>\n<link rel=\"canonical\" href=\"https:\/\/annaps.com\/de\/versteck-deine-insulinpumpe\/\" \/>\n<meta property=\"og:locale\" content=\"de_DE\" \/>\n<meta property=\"og:type\" content=\"article\" \/>\n<meta property=\"og:title\" content=\"Versteck Deine Insulinpumpe - AnnaPS\" \/>\n<meta property=\"og:description\" content=\"AnnaPS makes clothes with integrated pockets to carry your diabetes devices such as insulin pump, pen and glucose meter. Stylish, high quality, functional and environmental focus.\" \/>\n<meta property=\"og:url\" content=\"https:\/\/annaps.com\/de\/versteck-deine-insulinpumpe\/\" \/>\n<meta property=\"og:site_name\" content=\"AnnaPS\" \/>\n<meta property=\"article:publisher\" content=\"https:\/\/www.facebook.com\/annaps.scandinavia\/\" \/>\n<meta property=\"article:modified_time\" content=\"2018-07-15T20:02:27+00:00\" \/>\n<meta name=\"twitter:card\" content=\"summary_large_image\" \/>\n<script type=\"application\/ld+json\" class=\"yoast-schema-graph\">{\"@context\":\"https:\/\/schema.org\",\"@graph\":[{\"@type\":\"WebPage\",\"@id\":\"https:\/\/annaps.com\/de\/versteck-deine-insulinpumpe\/\",\"url\":\"https:\/\/annaps.com\/de\/versteck-deine-insulinpumpe\/\",\"name\":\"Versteck Deine Insulinpumpe - AnnaPS\",\"isPartOf\":{\"@id\":\"https:\/\/annaps.com\/de\/#website\"},\"datePublished\":\"2018-07-15T20:01:20+00:00\",\"dateModified\":\"2018-07-15T20:02:27+00:00\",\"description\":\"AnnaPS makes clothes with integrated pockets to carry your diabetes devices such as insulin pump, pen and glucose meter. Stylish, high quality, functional and environmental focus.\",\"breadcrumb\":{\"@id\":\"https:\/\/annaps.com\/de\/versteck-deine-insulinpumpe\/#breadcrumb\"},\"inLanguage\":\"de-DE\",\"potentialAction\":[{\"@type\":\"ReadAction\",\"target\":[\"https:\/\/annaps.com\/de\/versteck-deine-insulinpumpe\/\"]}]},{\"@type\":\"BreadcrumbList\",\"@id\":\"https:\/\/annaps.com\/de\/versteck-deine-insulinpumpe\/#breadcrumb\",\"itemListElement\":[{\"@type\":\"ListItem\",\"position\":1,\"name\":\"Hem\",\"item\":\"https:\/\/annaps.com\/de\/\"},{\"@type\":\"ListItem\",\"position\":2,\"name\":\"Versteck Deine Insulinpumpe\"}]},{\"@type\":\"WebSite\",\"@id\":\"https:\/\/annaps.com\/de\/#website\",\"url\":\"https:\/\/annaps.com\/de\/\",\"name\":\"AnnaPS\",\"description\":\"Det skall vara enkelt att b\u00e4ra!\",\"potentialAction\":[{\"@type\":\"SearchAction\",\"target\":{\"@type\":\"EntryPoint\",\"urlTemplate\":\"https:\/\/annaps.com\/de\/?s={search_term_string}\"},\"query-input\":{\"@type\":\"PropertyValueSpecification\",\"valueRequired\":true,\"valueName\":\"search_term_string\"}}],\"inLanguage\":\"de-DE\"}]}<\/script>\n<!-- \/ Yoast SEO plugin. -->","yoast_head_json":{"title":"Versteck Deine Insulinpumpe - AnnaPS","description":"AnnaPS makes clothes with integrated pockets to carry your diabetes devices such as insulin pump, pen and glucose meter. Stylish, high quality, functional and environmental focus.","robots":{"index":"index","follow":"follow","max-snippet":"max-snippet:-1","max-image-preview":"max-image-preview:large","max-video-preview":"max-video-preview:-1"},"canonical":"https:\/\/annaps.com\/de\/versteck-deine-insulinpumpe\/","og_locale":"de_DE","og_type":"article","og_title":"Versteck Deine Insulinpumpe - AnnaPS","og_description":"AnnaPS makes clothes with integrated pockets to carry your diabetes devices such as insulin pump, pen and glucose meter. Stylish, high quality, functional and environmental focus.","og_url":"https:\/\/annaps.com\/de\/versteck-deine-insulinpumpe\/","og_site_name":"AnnaPS","article_publisher":"https:\/\/www.facebook.com\/annaps.scandinavia\/","article_modified_time":"2018-07-15T20:02:27+00:00","twitter_card":"summary_large_image","schema":{"@context":"https:\/\/schema.org","@graph":[{"@type":"WebPage","@id":"https:\/\/annaps.com\/de\/versteck-deine-insulinpumpe\/","url":"https:\/\/annaps.com\/de\/versteck-deine-insulinpumpe\/","name":"Versteck Deine Insulinpumpe - AnnaPS","isPartOf":{"@id":"https:\/\/annaps.com\/de\/#website"},"datePublished":"2018-07-15T20:01:20+00:00","dateModified":"2018-07-15T20:02:27+00:00","description":"AnnaPS makes clothes with integrated pockets to carry your diabetes devices such as insulin pump, pen and glucose meter. Stylish, high quality, functional and environmental focus.","breadcrumb":{"@id":"https:\/\/annaps.com\/de\/versteck-deine-insulinpumpe\/#breadcrumb"},"inLanguage":"de-DE","potentialAction":[{"@type":"ReadAction","target":["https:\/\/annaps.com\/de\/versteck-deine-insulinpumpe\/"]}]},{"@type":"BreadcrumbList","@id":"https:\/\/annaps.com\/de\/versteck-deine-insulinpumpe\/#breadcrumb","itemListElement":[{"@type":"ListItem","position":1,"name":"Hem","item":"https:\/\/annaps.com\/de\/"},{"@type":"ListItem","position":2,"name":"Versteck Deine Insulinpumpe"}]},{"@type":"WebSite","@id":"https:\/\/annaps.com\/de\/#website","url":"https:\/\/annaps.com\/de\/","name":"AnnaPS","description":"Det skall vara enkelt att b\u00e4ra!","potentialAction":[{"@type":"SearchAction","target":{"@type":"EntryPoint","urlTemplate":"https:\/\/annaps.com\/de\/?s={search_term_string}"},"query-input":{"@type":"PropertyValueSpecification","valueRequired":true,"valueName":"search_term_string"}}],"inLanguage":"de-DE"}]}},"_links":{"self":[{"href":"https:\/\/annaps.com\/de\/wp-json\/wp\/v2\/pages\/29957","targetHints":{"allow":["GET"]}}],"collection":[{"href":"https:\/\/annaps.com\/de\/wp-json\/wp\/v2\/pages"}],"about":[{"href":"https:\/\/annaps.com\/de\/wp-json\/wp\/v2\/types\/page"}],"author":[{"embeddable":true,"href":"https:\/\/annaps.com\/de\/wp-json\/wp\/v2\/users\/479"}],"replies":[{"embeddable":true,"href":"https:\/\/annaps.com\/de\/wp-json\/wp\/v2\/comments?post=29957"}],"version-history":[{"count":2,"href":"https:\/\/annaps.com\/de\/wp-json\/wp\/v2\/pages\/29957\/revisions"}],"predecessor-version":[{"id":29963,"href":"https:\/\/annaps.com\/de\/wp-json\/wp\/v2\/pages\/29957\/revisions\/29963"}],"wp:attachment":[{"href":"https:\/\/annaps.com\/de\/wp-json\/wp\/v2\/media?parent=29957"}],"curies":[{"name":"wp","href":"https:\/\/api.w.org\/{rel}","templated":true}]}}