{"id":29955,"date":"2018-07-15T21:35:11","date_gmt":"2018-07-15T19:35:11","guid":{"rendered":"https:\/\/www.annaps.com\/?page_id=29955"},"modified":"2018-07-25T16:17:45","modified_gmt":"2018-07-25T14:17:45","slug":"alternativen-zu-traubenzucker","status":"publish","type":"page","link":"https:\/\/annaps.com\/de\/alternativen-zu-traubenzucker\/","title":{"rendered":"Alternativen zu Traubenzucker"},"content":{"rendered":"<p><a href=\"https:\/\/annaps.com\/wordpress\/content\/uploads\/2016\/03\/druvsocker.jpg\" rel=\"attachment wp-att-8276\"><img loading=\"lazy\" decoding=\"async\" class=\"aligncenter wp-image-8276 size-full\" src=\"https:\/\/annaps.com\/wordpress\/content\/uploads\/2016\/03\/druvsocker.jpg\" alt=\"druvsocker\" width=\"2360\" height=\"1417\" srcset=\"https:\/\/annaps.com\/content\/uploads\/2016\/03\/druvsocker.jpg 2360w, https:\/\/annaps.com\/content\/uploads\/2016\/03\/druvsocker-300x180.jpg 300w, https:\/\/annaps.com\/content\/uploads\/2016\/03\/druvsocker-768x461.jpg 768w, https:\/\/annaps.com\/content\/uploads\/2016\/03\/druvsocker-1024x615.jpg 1024w, https:\/\/annaps.com\/content\/uploads\/2016\/03\/druvsocker-32x20.jpg 32w, https:\/\/annaps.com\/content\/uploads\/2016\/03\/druvsocker-500x300.jpg 500w, https:\/\/annaps.com\/content\/uploads\/2016\/03\/druvsocker-870x522.jpg 870w, https:\/\/annaps.com\/content\/uploads\/2016\/03\/druvsocker-455x273.jpg 455w, https:\/\/annaps.com\/content\/uploads\/2016\/03\/druvsocker-55x33.jpg 55w\" sizes=\"auto, (max-width: 2360px) 100vw, 2360px\" \/><\/a><\/p>\n<p><span style=\"font-weight: 400;\">Als Person mit Diabetes hat man einen schwankenden Blutzuckerspiegel und wenn dieser sich einem niedrigen Niveau n\u00e4hert, muss man Traubenzucker zu sich nehmen. Auf Dauer kann das allerdings sehr einf\u00f6rmig und dr\u00f6ge werden. Unser Tipp ist, den Traubenzucker so oft wie m\u00f6glich mit anderen Zuckerquellen auszutauschen, um des Geschmackes nicht m\u00fcde zu werden. Misch zum Beispiel konzentrierten Fruchtsaft mit etwas weniger Wasser als die Anleitung vorschl\u00e4gt und verwahre diesen Mix im K\u00fchlschrank. Oder kauf kleine Saftpackungen. Am Besten k\u00f6nnen wir empfehlen, immer getrocknete Fr\u00fcchte wie z.B. Rosinen oder getrocknete Blaub\u00e4ren bei sich zu haben. Damit nimmt man zugleich auch wichtige Vitamine und Antioxidanten zu sich, die man besonders bei regelm\u00e4\u00dfigem Training ben\u00f6tigt. Alternativ kann man kleine S\u00fc\u00dfigkeitent\u00fcten in seinen Taschen aufbewahren. Abwechslung ist das A und O!<br \/>\n<\/span><\/p>\n<p><em>Achtung! Selbstverst\u00e4ndlich muss Traubenzucker verwendet werden, wenn die Situation das verlangt. Wir haben keine medizinische Ausbildung sondern geben Tipps basierend auf unseren Erfahrungen als Diabetiker.<\/em><\/p>\n","protected":false},"excerpt":{"rendered":"<p>Als Person mit Diabetes hat man einen schwankenden Blutzuckerspiegel und wenn dieser sich einem niedrigen Niveau n\u00e4hert, muss man Traubenzucker zu sich nehmen. Auf Dauer kann das allerdings sehr einf\u00f6rmig und dr\u00f6ge werden. Unser Tipp ist, den Traubenzucker so oft wie m\u00f6glich mit anderen Zuckerquellen auszutauschen, um des Geschmackes nicht m\u00fcde zu werden. Misch zum [&hellip;]<\/p>\n","protected":false},"author":479,"featured_media":0,"parent":0,"menu_order":56,"comment_status":"closed","ping_status":"closed","template":"","meta":{"_acf_changed":false,"footnotes":""},"class_list":["post-29955","page","type-page","status-publish","hentry"],"acf":[],"yoast_head":"<!-- This site is optimized with the Yoast SEO plugin v27.1.1 - https:\/\/yoast.com\/product\/yoast-seo-wordpress\/ -->\n<title>Alternativen zu Traubenzucker - AnnaPS<\/title>\n<meta name=\"description\" content=\"AnnaPS makes clothes with integrated pockets to carry your diabetes devices such as insulin pump, pen and glucose meter. Stylish, high quality, functional and environmental focus.\" \/>\n<meta name=\"robots\" content=\"index, follow, max-snippet:-1, max-image-preview:large, max-video-preview:-1\" \/>\n<link rel=\"canonical\" href=\"https:\/\/annaps.com\/de\/alternativen-zu-traubenzucker\/\" \/>\n<meta property=\"og:locale\" content=\"de_DE\" \/>\n<meta property=\"og:type\" content=\"article\" \/>\n<meta property=\"og:title\" content=\"Alternativen zu Traubenzucker - AnnaPS\" \/>\n<meta property=\"og:description\" content=\"AnnaPS makes clothes with integrated pockets to carry your diabetes devices such as insulin pump, pen and glucose meter. Stylish, high quality, functional and environmental focus.\" \/>\n<meta property=\"og:url\" content=\"https:\/\/annaps.com\/de\/alternativen-zu-traubenzucker\/\" \/>\n<meta property=\"og:site_name\" content=\"AnnaPS\" \/>\n<meta property=\"article:publisher\" content=\"https:\/\/www.facebook.com\/annaps.scandinavia\/\" \/>\n<meta property=\"article:modified_time\" content=\"2018-07-25T14:17:45+00:00\" \/>\n<meta property=\"og:image\" content=\"https:\/\/annaps.com\/wordpress\/content\/uploads\/2016\/03\/druvsocker.jpg\" \/>\n<meta name=\"twitter:card\" content=\"summary_large_image\" \/>\n<meta name=\"twitter:label1\" content=\"Est. reading time\" \/>\n\t<meta name=\"twitter:data1\" content=\"1 minute\" \/>\n<script type=\"application\/ld+json\" class=\"yoast-schema-graph\">{\"@context\":\"https:\/\/schema.org\",\"@graph\":[{\"@type\":\"WebPage\",\"@id\":\"https:\/\/annaps.com\/de\/alternativen-zu-traubenzucker\/\",\"url\":\"https:\/\/annaps.com\/de\/alternativen-zu-traubenzucker\/\",\"name\":\"Alternativen zu Traubenzucker - AnnaPS\",\"isPartOf\":{\"@id\":\"https:\/\/annaps.com\/de\/#website\"},\"primaryImageOfPage\":{\"@id\":\"https:\/\/annaps.com\/de\/alternativen-zu-traubenzucker\/#primaryimage\"},\"image\":{\"@id\":\"https:\/\/annaps.com\/de\/alternativen-zu-traubenzucker\/#primaryimage\"},\"thumbnailUrl\":\"https:\/\/annaps.com\/wordpress\/content\/uploads\/2016\/03\/druvsocker.jpg\",\"datePublished\":\"2018-07-15T19:35:11+00:00\",\"dateModified\":\"2018-07-25T14:17:45+00:00\",\"description\":\"AnnaPS makes clothes with integrated pockets to carry your diabetes devices such as insulin pump, pen and glucose meter. Stylish, high quality, functional and environmental focus.\",\"breadcrumb\":{\"@id\":\"https:\/\/annaps.com\/de\/alternativen-zu-traubenzucker\/#breadcrumb\"},\"inLanguage\":\"de-DE\",\"potentialAction\":[{\"@type\":\"ReadAction\",\"target\":[\"https:\/\/annaps.com\/de\/alternativen-zu-traubenzucker\/\"]}]},{\"@type\":\"ImageObject\",\"inLanguage\":\"de-DE\",\"@id\":\"https:\/\/annaps.com\/de\/alternativen-zu-traubenzucker\/#primaryimage\",\"url\":\"https:\/\/annaps.com\/wordpress\/content\/uploads\/2016\/03\/druvsocker.jpg\",\"contentUrl\":\"https:\/\/annaps.com\/wordpress\/content\/uploads\/2016\/03\/druvsocker.jpg\"},{\"@type\":\"BreadcrumbList\",\"@id\":\"https:\/\/annaps.com\/de\/alternativen-zu-traubenzucker\/#breadcrumb\",\"itemListElement\":[{\"@type\":\"ListItem\",\"position\":1,\"name\":\"Hem\",\"item\":\"https:\/\/annaps.com\/de\/\"},{\"@type\":\"ListItem\",\"position\":2,\"name\":\"Alternativen zu Traubenzucker\"}]},{\"@type\":\"WebSite\",\"@id\":\"https:\/\/annaps.com\/de\/#website\",\"url\":\"https:\/\/annaps.com\/de\/\",\"name\":\"AnnaPS\",\"description\":\"Det skall vara enkelt att b\u00e4ra!\",\"potentialAction\":[{\"@type\":\"SearchAction\",\"target\":{\"@type\":\"EntryPoint\",\"urlTemplate\":\"https:\/\/annaps.com\/de\/?s={search_term_string}\"},\"query-input\":{\"@type\":\"PropertyValueSpecification\",\"valueRequired\":true,\"valueName\":\"search_term_string\"}}],\"inLanguage\":\"de-DE\"}]}<\/script>\n<!-- \/ Yoast SEO plugin. -->","yoast_head_json":{"title":"Alternativen zu Traubenzucker - AnnaPS","description":"AnnaPS makes clothes with integrated pockets to carry your diabetes devices such as insulin pump, pen and glucose meter. Stylish, high quality, functional and environmental focus.","robots":{"index":"index","follow":"follow","max-snippet":"max-snippet:-1","max-image-preview":"max-image-preview:large","max-video-preview":"max-video-preview:-1"},"canonical":"https:\/\/annaps.com\/de\/alternativen-zu-traubenzucker\/","og_locale":"de_DE","og_type":"article","og_title":"Alternativen zu Traubenzucker - AnnaPS","og_description":"AnnaPS makes clothes with integrated pockets to carry your diabetes devices such as insulin pump, pen and glucose meter. Stylish, high quality, functional and environmental focus.","og_url":"https:\/\/annaps.com\/de\/alternativen-zu-traubenzucker\/","og_site_name":"AnnaPS","article_publisher":"https:\/\/www.facebook.com\/annaps.scandinavia\/","article_modified_time":"2018-07-25T14:17:45+00:00","og_image":[{"url":"https:\/\/annaps.com\/wordpress\/content\/uploads\/2016\/03\/druvsocker.jpg","type":"","width":"","height":""}],"twitter_card":"summary_large_image","twitter_misc":{"Est. reading time":"1 minute"},"schema":{"@context":"https:\/\/schema.org","@graph":[{"@type":"WebPage","@id":"https:\/\/annaps.com\/de\/alternativen-zu-traubenzucker\/","url":"https:\/\/annaps.com\/de\/alternativen-zu-traubenzucker\/","name":"Alternativen zu Traubenzucker - AnnaPS","isPartOf":{"@id":"https:\/\/annaps.com\/de\/#website"},"primaryImageOfPage":{"@id":"https:\/\/annaps.com\/de\/alternativen-zu-traubenzucker\/#primaryimage"},"image":{"@id":"https:\/\/annaps.com\/de\/alternativen-zu-traubenzucker\/#primaryimage"},"thumbnailUrl":"https:\/\/annaps.com\/wordpress\/content\/uploads\/2016\/03\/druvsocker.jpg","datePublished":"2018-07-15T19:35:11+00:00","dateModified":"2018-07-25T14:17:45+00:00","description":"AnnaPS makes clothes with integrated pockets to carry your diabetes devices such as insulin pump, pen and glucose meter. Stylish, high quality, functional and environmental focus.","breadcrumb":{"@id":"https:\/\/annaps.com\/de\/alternativen-zu-traubenzucker\/#breadcrumb"},"inLanguage":"de-DE","potentialAction":[{"@type":"ReadAction","target":["https:\/\/annaps.com\/de\/alternativen-zu-traubenzucker\/"]}]},{"@type":"ImageObject","inLanguage":"de-DE","@id":"https:\/\/annaps.com\/de\/alternativen-zu-traubenzucker\/#primaryimage","url":"https:\/\/annaps.com\/wordpress\/content\/uploads\/2016\/03\/druvsocker.jpg","contentUrl":"https:\/\/annaps.com\/wordpress\/content\/uploads\/2016\/03\/druvsocker.jpg"},{"@type":"BreadcrumbList","@id":"https:\/\/annaps.com\/de\/alternativen-zu-traubenzucker\/#breadcrumb","itemListElement":[{"@type":"ListItem","position":1,"name":"Hem","item":"https:\/\/annaps.com\/de\/"},{"@type":"ListItem","position":2,"name":"Alternativen zu Traubenzucker"}]},{"@type":"WebSite","@id":"https:\/\/annaps.com\/de\/#website","url":"https:\/\/annaps.com\/de\/","name":"AnnaPS","description":"Det skall vara enkelt att b\u00e4ra!","potentialAction":[{"@type":"SearchAction","target":{"@type":"EntryPoint","urlTemplate":"https:\/\/annaps.com\/de\/?s={search_term_string}"},"query-input":{"@type":"PropertyValueSpecification","valueRequired":true,"valueName":"search_term_string"}}],"inLanguage":"de-DE"}]}},"_links":{"self":[{"href":"https:\/\/annaps.com\/de\/wp-json\/wp\/v2\/pages\/29955","targetHints":{"allow":["GET"]}}],"collection":[{"href":"https:\/\/annaps.com\/de\/wp-json\/wp\/v2\/pages"}],"about":[{"href":"https:\/\/annaps.com\/de\/wp-json\/wp\/v2\/types\/page"}],"author":[{"embeddable":true,"href":"https:\/\/annaps.com\/de\/wp-json\/wp\/v2\/users\/479"}],"replies":[{"embeddable":true,"href":"https:\/\/annaps.com\/de\/wp-json\/wp\/v2\/comments?post=29955"}],"version-history":[{"count":4,"href":"https:\/\/annaps.com\/de\/wp-json\/wp\/v2\/pages\/29955\/revisions"}],"predecessor-version":[{"id":30048,"href":"https:\/\/annaps.com\/de\/wp-json\/wp\/v2\/pages\/29955\/revisions\/30048"}],"wp:attachment":[{"href":"https:\/\/annaps.com\/de\/wp-json\/wp\/v2\/media?parent=29955"}],"curies":[{"name":"wp","href":"https:\/\/api.w.org\/{rel}","templated":true}]}}