{"id":28764,"date":"2018-05-08T13:54:52","date_gmt":"2018-05-08T11:54:52","guid":{"rendered":"https:\/\/www.annaps.com\/?page_id=28764"},"modified":"2018-05-08T14:04:28","modified_gmt":"2018-05-08T12:04:28","slug":"ps-botschafter","status":"publish","type":"page","link":"https:\/\/annaps.com\/de\/ps-botschafter\/","title":{"rendered":"PS-Botschafter"},"content":{"rendered":"<p><span style=\"font-weight: 400;\">Bei AnnaPS arbeiten wir sehr eng mit unseren Kunden zusammen. Um sicherzustellen, dass wir die bestm\u00f6gliche kontinuierliche R\u00fcckmeldung zu unseren Produkten erhalten, gibt es sogenannten PSBotschafter. Das sind Menschen, die sich auf verschiedene Weise in der \u00d6ffentlichkeit f\u00fcr Diabetes einsetzen und\/oder anderen Diabetikern helfen \u2013 wir sind sehr stolz mit ihnen arbeiten zu d\u00fcrfen.<\/span><\/p>\n<p><span style=\"font-weight: 400;\">Sind Sie neugierig was Diabetiker \u00fcber AnnaPS Produkte sagen? Dann\u00a0<\/span><span style=\"font-weight: 400;\">klicken Sie auf die Namen der PS-Botschafter um mehr zu erfahren.<\/span><\/p>\n<p><span style=\"font-weight: 400;\"><strong>Werden Sie einer von uns!<\/strong> \u2013 w\u00fcrden Sie gerne den PS-Botschaftern beitreten? Vielleicht betreiben Sie einen Diabetesblog, vermitteln Diabetes Events oder haben eine sonstige Beziehung zu Diabetes, dann kontaktieren Sie uns. Wenn Sie keinen pers\u00f6nlichen Bezug zu Diabetes haben, aber dennoch denken, dass die AnnaPS Produkte f\u00fcr Sie geeignet sind und es wert sind, anderen davon zu berichten, dann k\u00f6nnte \u201e<a href=\"https:\/\/annaps.com\/wordpress\/de\/anna-points\/\">AnnaPointS<\/a>\u201c etwas f\u00fcr Sie sein. Es ist ein Punktesystem,mit dem man kostenlose Produkte bekommen kann. Neugierig?<\/span><\/p>\n","protected":false},"excerpt":{"rendered":"<p>Bei AnnaPS arbeiten wir sehr eng mit unseren Kunden zusammen. Um sicherzustellen, dass wir die bestm\u00f6gliche kontinuierliche R\u00fcckmeldung zu unseren Produkten erhalten, gibt es sogenannten PSBotschafter. Das sind Menschen, die sich auf verschiedene Weise in der \u00d6ffentlichkeit f\u00fcr Diabetes einsetzen und\/oder anderen Diabetikern helfen \u2013 wir sind sehr stolz mit ihnen arbeiten zu d\u00fcrfen. Sind [&hellip;]<\/p>\n","protected":false},"author":32,"featured_media":0,"parent":0,"menu_order":91,"comment_status":"closed","ping_status":"closed","template":"page-ambassadors.php","meta":{"_acf_changed":false,"footnotes":""},"class_list":["post-28764","page","type-page","status-publish","hentry"],"acf":[],"yoast_head":"<!-- This site is optimized with the Yoast SEO plugin v27.1.1 - https:\/\/yoast.com\/product\/yoast-seo-wordpress\/ -->\n<title>PS-Botschafter - AnnaPS<\/title>\n<meta name=\"description\" content=\"AnnaPS makes clothes with integrated pockets to carry your diabetes devices such as insulin pump, pen and glucose meter. Stylish, high quality, functional and environmental focus.\" \/>\n<meta name=\"robots\" content=\"index, follow, max-snippet:-1, max-image-preview:large, max-video-preview:-1\" \/>\n<link rel=\"canonical\" href=\"https:\/\/annaps.com\/de\/ps-botschafter\/\" \/>\n<meta property=\"og:locale\" content=\"de_DE\" \/>\n<meta property=\"og:type\" content=\"article\" \/>\n<meta property=\"og:title\" content=\"PS-Botschafter - AnnaPS\" \/>\n<meta property=\"og:description\" content=\"AnnaPS makes clothes with integrated pockets to carry your diabetes devices such as insulin pump, pen and glucose meter. Stylish, high quality, functional and environmental focus.\" \/>\n<meta property=\"og:url\" content=\"https:\/\/annaps.com\/de\/ps-botschafter\/\" \/>\n<meta property=\"og:site_name\" content=\"AnnaPS\" \/>\n<meta property=\"article:publisher\" content=\"https:\/\/www.facebook.com\/annaps.scandinavia\/\" \/>\n<meta property=\"article:modified_time\" content=\"2018-05-08T12:04:28+00:00\" \/>\n<meta name=\"twitter:card\" content=\"summary_large_image\" \/>\n<meta name=\"twitter:label1\" content=\"Est. reading time\" \/>\n\t<meta name=\"twitter:data1\" content=\"1 minute\" \/>\n<script type=\"application\/ld+json\" class=\"yoast-schema-graph\">{\"@context\":\"https:\/\/schema.org\",\"@graph\":[{\"@type\":\"WebPage\",\"@id\":\"https:\/\/annaps.com\/de\/ps-botschafter\/\",\"url\":\"https:\/\/annaps.com\/de\/ps-botschafter\/\",\"name\":\"PS-Botschafter - AnnaPS\",\"isPartOf\":{\"@id\":\"https:\/\/annaps.com\/de\/#website\"},\"datePublished\":\"2018-05-08T11:54:52+00:00\",\"dateModified\":\"2018-05-08T12:04:28+00:00\",\"description\":\"AnnaPS makes clothes with integrated pockets to carry your diabetes devices such as insulin pump, pen and glucose meter. Stylish, high quality, functional and environmental focus.\",\"breadcrumb\":{\"@id\":\"https:\/\/annaps.com\/de\/ps-botschafter\/#breadcrumb\"},\"inLanguage\":\"de-DE\",\"potentialAction\":[{\"@type\":\"ReadAction\",\"target\":[\"https:\/\/annaps.com\/de\/ps-botschafter\/\"]}]},{\"@type\":\"BreadcrumbList\",\"@id\":\"https:\/\/annaps.com\/de\/ps-botschafter\/#breadcrumb\",\"itemListElement\":[{\"@type\":\"ListItem\",\"position\":1,\"name\":\"Hem\",\"item\":\"https:\/\/annaps.com\/de\/\"},{\"@type\":\"ListItem\",\"position\":2,\"name\":\"PS-Botschafter\"}]},{\"@type\":\"WebSite\",\"@id\":\"https:\/\/annaps.com\/de\/#website\",\"url\":\"https:\/\/annaps.com\/de\/\",\"name\":\"AnnaPS\",\"description\":\"Det skall vara enkelt att b\u00e4ra!\",\"potentialAction\":[{\"@type\":\"SearchAction\",\"target\":{\"@type\":\"EntryPoint\",\"urlTemplate\":\"https:\/\/annaps.com\/de\/?s={search_term_string}\"},\"query-input\":{\"@type\":\"PropertyValueSpecification\",\"valueRequired\":true,\"valueName\":\"search_term_string\"}}],\"inLanguage\":\"de-DE\"}]}<\/script>\n<!-- \/ Yoast SEO plugin. -->","yoast_head_json":{"title":"PS-Botschafter - AnnaPS","description":"AnnaPS makes clothes with integrated pockets to carry your diabetes devices such as insulin pump, pen and glucose meter. Stylish, high quality, functional and environmental focus.","robots":{"index":"index","follow":"follow","max-snippet":"max-snippet:-1","max-image-preview":"max-image-preview:large","max-video-preview":"max-video-preview:-1"},"canonical":"https:\/\/annaps.com\/de\/ps-botschafter\/","og_locale":"de_DE","og_type":"article","og_title":"PS-Botschafter - AnnaPS","og_description":"AnnaPS makes clothes with integrated pockets to carry your diabetes devices such as insulin pump, pen and glucose meter. Stylish, high quality, functional and environmental focus.","og_url":"https:\/\/annaps.com\/de\/ps-botschafter\/","og_site_name":"AnnaPS","article_publisher":"https:\/\/www.facebook.com\/annaps.scandinavia\/","article_modified_time":"2018-05-08T12:04:28+00:00","twitter_card":"summary_large_image","twitter_misc":{"Est. reading time":"1 minute"},"schema":{"@context":"https:\/\/schema.org","@graph":[{"@type":"WebPage","@id":"https:\/\/annaps.com\/de\/ps-botschafter\/","url":"https:\/\/annaps.com\/de\/ps-botschafter\/","name":"PS-Botschafter - AnnaPS","isPartOf":{"@id":"https:\/\/annaps.com\/de\/#website"},"datePublished":"2018-05-08T11:54:52+00:00","dateModified":"2018-05-08T12:04:28+00:00","description":"AnnaPS makes clothes with integrated pockets to carry your diabetes devices such as insulin pump, pen and glucose meter. Stylish, high quality, functional and environmental focus.","breadcrumb":{"@id":"https:\/\/annaps.com\/de\/ps-botschafter\/#breadcrumb"},"inLanguage":"de-DE","potentialAction":[{"@type":"ReadAction","target":["https:\/\/annaps.com\/de\/ps-botschafter\/"]}]},{"@type":"BreadcrumbList","@id":"https:\/\/annaps.com\/de\/ps-botschafter\/#breadcrumb","itemListElement":[{"@type":"ListItem","position":1,"name":"Hem","item":"https:\/\/annaps.com\/de\/"},{"@type":"ListItem","position":2,"name":"PS-Botschafter"}]},{"@type":"WebSite","@id":"https:\/\/annaps.com\/de\/#website","url":"https:\/\/annaps.com\/de\/","name":"AnnaPS","description":"Det skall vara enkelt att b\u00e4ra!","potentialAction":[{"@type":"SearchAction","target":{"@type":"EntryPoint","urlTemplate":"https:\/\/annaps.com\/de\/?s={search_term_string}"},"query-input":{"@type":"PropertyValueSpecification","valueRequired":true,"valueName":"search_term_string"}}],"inLanguage":"de-DE"}]}},"_links":{"self":[{"href":"https:\/\/annaps.com\/de\/wp-json\/wp\/v2\/pages\/28764","targetHints":{"allow":["GET"]}}],"collection":[{"href":"https:\/\/annaps.com\/de\/wp-json\/wp\/v2\/pages"}],"about":[{"href":"https:\/\/annaps.com\/de\/wp-json\/wp\/v2\/types\/page"}],"author":[{"embeddable":true,"href":"https:\/\/annaps.com\/de\/wp-json\/wp\/v2\/users\/32"}],"replies":[{"embeddable":true,"href":"https:\/\/annaps.com\/de\/wp-json\/wp\/v2\/comments?post=28764"}],"version-history":[{"count":3,"href":"https:\/\/annaps.com\/de\/wp-json\/wp\/v2\/pages\/28764\/revisions"}],"predecessor-version":[{"id":28768,"href":"https:\/\/annaps.com\/de\/wp-json\/wp\/v2\/pages\/28764\/revisions\/28768"}],"wp:attachment":[{"href":"https:\/\/annaps.com\/de\/wp-json\/wp\/v2\/media?parent=28764"}],"curies":[{"name":"wp","href":"https:\/\/api.w.org\/{rel}","templated":true}]}}