{"id":28419,"date":"2018-03-23T10:35:10","date_gmt":"2018-03-23T09:35:10","guid":{"rendered":"https:\/\/www.annaps.com\/?page_id=28419"},"modified":"2018-10-25T09:02:12","modified_gmt":"2018-10-25T07:02:12","slug":"kleider-fuer-alle","status":"publish","type":"page","link":"https:\/\/annaps.com\/de\/ueber-die-produkte\/kleider-fuer-alle\/","title":{"rendered":"Kleider f\u00fcr alle"},"content":{"rendered":"<p>AnnaPS entwickelt Kleidung f\u00fcr alle Diabetiker: M\u00e4nner, Frauen und Kinder, in allen Gr\u00f6\u00dfen von 3 Jahren an (Kinder) bis Gr\u00f6\u00dfe XXL.<\/p>\n<p>Unsere Produkte sind gedacht f\u00fcr Leute wie Sie, egal ob Sie eine Pumpe benutzen oder Pens und Glucosemessger\u00e4te.<\/p>\n<p>Wir legen Wert auf Stil, Design, Farbe und Material um sicherzustellen, dass Sie die Kleidung zu jedem Anlass tragen k\u00f6nnen. Sie sollen sich keine Gedanken \u00fcber Trends und Jahreszeiten machen m\u00fcssen, sondern sich auf Ihre Kleidung verlassen k\u00f6nnen. Daf\u00fcr arbeiten wir mit zeitlosem Design und hochwertigen Materialien und hoffen, so auch dem\u00a0\u00dcberkonsum entgegenzuwirken.<\/p>\n","protected":false},"excerpt":{"rendered":"<p>AnnaPS entwickelt Kleidung f\u00fcr alle Diabetiker: M\u00e4nner, Frauen und Kinder, in allen Gr\u00f6\u00dfen von 3 Jahren an (Kinder) bis Gr\u00f6\u00dfe XXL. Unsere Produkte sind gedacht f\u00fcr Leute wie Sie, egal ob Sie eine Pumpe benutzen oder Pens und Glucosemessger\u00e4te. Wir legen Wert auf Stil, Design, Farbe und Material um sicherzustellen, dass Sie die Kleidung zu [&hellip;]<\/p>\n","protected":false},"author":32,"featured_media":0,"parent":3902,"menu_order":1,"comment_status":"closed","ping_status":"closed","template":"","meta":{"_acf_changed":false,"footnotes":""},"class_list":["post-28419","page","type-page","status-publish","hentry"],"acf":[],"yoast_head":"<!-- This site is optimized with the Yoast SEO plugin v27.1.1 - https:\/\/yoast.com\/product\/yoast-seo-wordpress\/ -->\n<title>Zu wem passt unsere Diabeteskleidung? | AnnaPS<\/title>\n<meta name=\"description\" content=\"Nie wieder wirst Du Deine Diabetestasche vergessen! AnnaPS bietet schlaue Diabeteskleidung mit integrierten Taschen die Platz bieten f\u00fcr pumpen und weiteres Zubeh\u00f6r. Unsere Kleidung passt allen. Willkommen in unserem Webshop!\" \/>\n<meta name=\"robots\" content=\"index, follow, max-snippet:-1, max-image-preview:large, max-video-preview:-1\" \/>\n<link rel=\"canonical\" href=\"https:\/\/annaps.com\/de\/ueber-die-produkte\/kleider-fuer-alle\/\" \/>\n<meta property=\"og:locale\" content=\"de_DE\" \/>\n<meta property=\"og:type\" content=\"article\" \/>\n<meta property=\"og:title\" content=\"Zu wem passt unsere Diabeteskleidung? | AnnaPS\" \/>\n<meta property=\"og:description\" content=\"Nie wieder wirst Du Deine Diabetestasche vergessen! AnnaPS bietet schlaue Diabeteskleidung mit integrierten Taschen die Platz bieten f\u00fcr pumpen und weiteres Zubeh\u00f6r. Unsere Kleidung passt allen. Willkommen in unserem Webshop!\" \/>\n<meta property=\"og:url\" content=\"https:\/\/annaps.com\/de\/ueber-die-produkte\/kleider-fuer-alle\/\" \/>\n<meta property=\"og:site_name\" content=\"AnnaPS\" \/>\n<meta property=\"article:publisher\" content=\"https:\/\/www.facebook.com\/annaps.scandinavia\/\" \/>\n<meta property=\"article:modified_time\" content=\"2018-10-25T07:02:12+00:00\" \/>\n<meta name=\"twitter:card\" content=\"summary_large_image\" \/>\n<meta name=\"twitter:label1\" content=\"Est. reading time\" \/>\n\t<meta name=\"twitter:data1\" content=\"1 minute\" \/>\n<script type=\"application\/ld+json\" class=\"yoast-schema-graph\">{\"@context\":\"https:\/\/schema.org\",\"@graph\":[{\"@type\":\"WebPage\",\"@id\":\"https:\/\/annaps.com\/de\/ueber-die-produkte\/kleider-fuer-alle\/\",\"url\":\"https:\/\/annaps.com\/de\/ueber-die-produkte\/kleider-fuer-alle\/\",\"name\":\"Zu wem passt unsere Diabeteskleidung? | AnnaPS\",\"isPartOf\":{\"@id\":\"https:\/\/annaps.com\/de\/#website\"},\"datePublished\":\"2018-03-23T09:35:10+00:00\",\"dateModified\":\"2018-10-25T07:02:12+00:00\",\"description\":\"Nie wieder wirst Du Deine Diabetestasche vergessen! AnnaPS bietet schlaue Diabeteskleidung mit integrierten Taschen die Platz bieten f\u00fcr pumpen und weiteres Zubeh\u00f6r. Unsere Kleidung passt allen. Willkommen in unserem Webshop!\",\"breadcrumb\":{\"@id\":\"https:\/\/annaps.com\/de\/ueber-die-produkte\/kleider-fuer-alle\/#breadcrumb\"},\"inLanguage\":\"de-DE\",\"potentialAction\":[{\"@type\":\"ReadAction\",\"target\":[\"https:\/\/annaps.com\/de\/ueber-die-produkte\/kleider-fuer-alle\/\"]}]},{\"@type\":\"BreadcrumbList\",\"@id\":\"https:\/\/annaps.com\/de\/ueber-die-produkte\/kleider-fuer-alle\/#breadcrumb\",\"itemListElement\":[{\"@type\":\"ListItem\",\"position\":1,\"name\":\"Hem\",\"item\":\"https:\/\/annaps.com\/de\/\"},{\"@type\":\"ListItem\",\"position\":2,\"name\":\"\u00dcber die Produkte\",\"item\":\"https:\/\/annaps.com\/de\/ueber-die-produkte\/\"},{\"@type\":\"ListItem\",\"position\":3,\"name\":\"Kleider f\u00fcr alle\"}]},{\"@type\":\"WebSite\",\"@id\":\"https:\/\/annaps.com\/de\/#website\",\"url\":\"https:\/\/annaps.com\/de\/\",\"name\":\"AnnaPS\",\"description\":\"Det skall vara enkelt att b\u00e4ra!\",\"potentialAction\":[{\"@type\":\"SearchAction\",\"target\":{\"@type\":\"EntryPoint\",\"urlTemplate\":\"https:\/\/annaps.com\/de\/?s={search_term_string}\"},\"query-input\":{\"@type\":\"PropertyValueSpecification\",\"valueRequired\":true,\"valueName\":\"search_term_string\"}}],\"inLanguage\":\"de-DE\"}]}<\/script>\n<!-- \/ Yoast SEO plugin. -->","yoast_head_json":{"title":"Zu wem passt unsere Diabeteskleidung? | AnnaPS","description":"Nie wieder wirst Du Deine Diabetestasche vergessen! AnnaPS bietet schlaue Diabeteskleidung mit integrierten Taschen die Platz bieten f\u00fcr pumpen und weiteres Zubeh\u00f6r. Unsere Kleidung passt allen. Willkommen in unserem Webshop!","robots":{"index":"index","follow":"follow","max-snippet":"max-snippet:-1","max-image-preview":"max-image-preview:large","max-video-preview":"max-video-preview:-1"},"canonical":"https:\/\/annaps.com\/de\/ueber-die-produkte\/kleider-fuer-alle\/","og_locale":"de_DE","og_type":"article","og_title":"Zu wem passt unsere Diabeteskleidung? | AnnaPS","og_description":"Nie wieder wirst Du Deine Diabetestasche vergessen! AnnaPS bietet schlaue Diabeteskleidung mit integrierten Taschen die Platz bieten f\u00fcr pumpen und weiteres Zubeh\u00f6r. Unsere Kleidung passt allen. Willkommen in unserem Webshop!","og_url":"https:\/\/annaps.com\/de\/ueber-die-produkte\/kleider-fuer-alle\/","og_site_name":"AnnaPS","article_publisher":"https:\/\/www.facebook.com\/annaps.scandinavia\/","article_modified_time":"2018-10-25T07:02:12+00:00","twitter_card":"summary_large_image","twitter_misc":{"Est. reading time":"1 minute"},"schema":{"@context":"https:\/\/schema.org","@graph":[{"@type":"WebPage","@id":"https:\/\/annaps.com\/de\/ueber-die-produkte\/kleider-fuer-alle\/","url":"https:\/\/annaps.com\/de\/ueber-die-produkte\/kleider-fuer-alle\/","name":"Zu wem passt unsere Diabeteskleidung? | AnnaPS","isPartOf":{"@id":"https:\/\/annaps.com\/de\/#website"},"datePublished":"2018-03-23T09:35:10+00:00","dateModified":"2018-10-25T07:02:12+00:00","description":"Nie wieder wirst Du Deine Diabetestasche vergessen! AnnaPS bietet schlaue Diabeteskleidung mit integrierten Taschen die Platz bieten f\u00fcr pumpen und weiteres Zubeh\u00f6r. Unsere Kleidung passt allen. Willkommen in unserem Webshop!","breadcrumb":{"@id":"https:\/\/annaps.com\/de\/ueber-die-produkte\/kleider-fuer-alle\/#breadcrumb"},"inLanguage":"de-DE","potentialAction":[{"@type":"ReadAction","target":["https:\/\/annaps.com\/de\/ueber-die-produkte\/kleider-fuer-alle\/"]}]},{"@type":"BreadcrumbList","@id":"https:\/\/annaps.com\/de\/ueber-die-produkte\/kleider-fuer-alle\/#breadcrumb","itemListElement":[{"@type":"ListItem","position":1,"name":"Hem","item":"https:\/\/annaps.com\/de\/"},{"@type":"ListItem","position":2,"name":"\u00dcber die Produkte","item":"https:\/\/annaps.com\/de\/ueber-die-produkte\/"},{"@type":"ListItem","position":3,"name":"Kleider f\u00fcr alle"}]},{"@type":"WebSite","@id":"https:\/\/annaps.com\/de\/#website","url":"https:\/\/annaps.com\/de\/","name":"AnnaPS","description":"Det skall vara enkelt att b\u00e4ra!","potentialAction":[{"@type":"SearchAction","target":{"@type":"EntryPoint","urlTemplate":"https:\/\/annaps.com\/de\/?s={search_term_string}"},"query-input":{"@type":"PropertyValueSpecification","valueRequired":true,"valueName":"search_term_string"}}],"inLanguage":"de-DE"}]}},"_links":{"self":[{"href":"https:\/\/annaps.com\/de\/wp-json\/wp\/v2\/pages\/28419","targetHints":{"allow":["GET"]}}],"collection":[{"href":"https:\/\/annaps.com\/de\/wp-json\/wp\/v2\/pages"}],"about":[{"href":"https:\/\/annaps.com\/de\/wp-json\/wp\/v2\/types\/page"}],"author":[{"embeddable":true,"href":"https:\/\/annaps.com\/de\/wp-json\/wp\/v2\/users\/32"}],"replies":[{"embeddable":true,"href":"https:\/\/annaps.com\/de\/wp-json\/wp\/v2\/comments?post=28419"}],"version-history":[{"count":4,"href":"https:\/\/annaps.com\/de\/wp-json\/wp\/v2\/pages\/28419\/revisions"}],"predecessor-version":[{"id":28653,"href":"https:\/\/annaps.com\/de\/wp-json\/wp\/v2\/pages\/28419\/revisions\/28653"}],"up":[{"embeddable":true,"href":"https:\/\/annaps.com\/de\/wp-json\/wp\/v2\/pages\/3902"}],"wp:attachment":[{"href":"https:\/\/annaps.com\/de\/wp-json\/wp\/v2\/media?parent=28419"}],"curies":[{"name":"wp","href":"https:\/\/api.w.org\/{rel}","templated":true}]}}